{"id":95,"date":"2013-07-29T16:08:37","date_gmt":"2013-07-29T14:08:37","guid":{"rendered":"http:\/\/riks.org\/wp\/?page_id=95"},"modified":"2019-03-28T23:20:24","modified_gmt":"2019-03-28T21:20:24","slug":"homoosiniatrie","status":"publish","type":"page","link":"https:\/\/naturheilpraxis-langenfeld.de\/wpl\/therapien\/schmerztherapie\/homoosiniatrie\/","title":{"rendered":"Hom\u00f6osiniatrie"},"content":{"rendered":"<p id=\"e254\">Hom\u00f6osiniatrie ist die Vereinigung von Hom\u00f6opathie und Akupunktur. Sie geht zur\u00fcck auf die Entdeckungen von Weihe, der f\u00fcr fast alle Akupunkturpunkte entsprechende hom\u00f6opathische Mittel gefunden und auch eigene Punkte beschrieben hat.<\/p>\n<p>Je nach Erkrankungsbild und Beschwerden werden hom\u00f6opathische Einzelmittel oder Kombinationsmittel ausgesucht und in die zugeh\u00f6rigen Akupunkturpunkte appliziert. Der Vorteil vor der klassischen Akupunktur ist, dass hierbei nicht nur die Energie der Meridiane durch die Nadel aktiviert und zum flie\u00dfen gebracht werden, sondern durch das gespritzte Material die Eigenschaften der Hom\u00f6opathie ausgenutzt werden.<\/p>\n<p>Durch das Umgehen des Magen-Darmtrakts besteht hier auch keine zus\u00e4tzliche Belastung f\u00fcr den Patienten.<\/p>\n","protected":false},"excerpt":{"rendered":"<p>Hom\u00f6osiniatrie ist die Vereinigung von Hom\u00f6opathie und Akupunktur. Sie geht zur\u00fcck auf die Entdeckungen von Weihe, der f\u00fcr fast alle Akupunkturpunkte entsprechende hom\u00f6opathische Mittel gefunden und auch eigene Punkte beschrieben hat. Je nach Erkrankungsbild und Beschwerden werden hom\u00f6opathische Einzelmittel oder Kombinationsmittel ausgesucht und in die zugeh\u00f6rigen Akupunkturpunkte appliziert. Der Vorteil vor der klassischen Akupunktur ist, [&hellip;]<\/p>\n","protected":false},"author":1,"featured_media":0,"parent":996,"menu_order":40,"comment_status":"closed","ping_status":"closed","template":"","meta":{"footnotes":""},"_links":{"self":[{"href":"https:\/\/naturheilpraxis-langenfeld.de\/wpl\/wp-json\/wp\/v2\/pages\/95"}],"collection":[{"href":"https:\/\/naturheilpraxis-langenfeld.de\/wpl\/wp-json\/wp\/v2\/pages"}],"about":[{"href":"https:\/\/naturheilpraxis-langenfeld.de\/wpl\/wp-json\/wp\/v2\/types\/page"}],"author":[{"embeddable":true,"href":"https:\/\/naturheilpraxis-langenfeld.de\/wpl\/wp-json\/wp\/v2\/users\/1"}],"replies":[{"embeddable":true,"href":"https:\/\/naturheilpraxis-langenfeld.de\/wpl\/wp-json\/wp\/v2\/comments?post=95"}],"version-history":[{"count":1,"href":"https:\/\/naturheilpraxis-langenfeld.de\/wpl\/wp-json\/wp\/v2\/pages\/95\/revisions"}],"predecessor-version":[{"id":1001,"href":"https:\/\/naturheilpraxis-langenfeld.de\/wpl\/wp-json\/wp\/v2\/pages\/95\/revisions\/1001"}],"up":[{"embeddable":true,"href":"https:\/\/naturheilpraxis-langenfeld.de\/wpl\/wp-json\/wp\/v2\/pages\/996"}],"wp:attachment":[{"href":"https:\/\/naturheilpraxis-langenfeld.de\/wpl\/wp-json\/wp\/v2\/media?parent=95"}],"curies":[{"name":"wp","href":"https:\/\/api.w.org\/{rel}","templated":true}]}}