{"id":93,"date":"2013-07-29T16:07:27","date_gmt":"2013-07-29T14:07:27","guid":{"rendered":"http:\/\/riks.org\/wp\/?page_id=93"},"modified":"2019-03-28T23:20:40","modified_gmt":"2019-03-28T21:20:40","slug":"neuraltherapie","status":"publish","type":"page","link":"https:\/\/naturheilpraxis-langenfeld.de\/wpl\/therapien\/schmerztherapie\/neuraltherapie\/","title":{"rendered":"Neuraltherapie"},"content":{"rendered":"<p id=\"e261\">Unter Neuraltherapie versteht man die Behandlung von Schmerzen durch Injektion z. B. von Lokalan\u00e4sthetika in eine bestimmte K\u00f6rperregion.<\/p>\n<p>In der Regel erfolgt die Injektion intrakutan oder subkutan, bisweilen jedoch auch in tiefer gelegene K\u00f6rperregionen.<\/p>\n<p>Sie wirkt vorwiegend auf das Neurohormonelle System, im speziellen auf das Vegetative Nervensystem. Das klassische Neuraltherapeutikum \u0084Procain bzw. Lidocain\u0093 wirkt prim\u00e4r schmerzlindernd und auch entz\u00fcndungshemmend. Sekund\u00e4r erreicht man eine Verbesserung der Stoffwechselfunktion sowie eine ganzheitliche Harmonisierung sowohl bei funktionellen als auch bei organischen Beschwerden.<\/p>\n<p>Im Vordergrund steht die symptomatische Therapie bei Schmerzen, Verspannungen, Kr\u00e4mpfen u.a. Weiterhin erm\u00f6glicht die Neuraltherapie eine kausale (urs\u00e4chliche) Therapie, indem \u00fcber diverse St\u00f6rfelder der Ausl\u00f6ser der Krankheit geheilt werden kann.<\/p>\n<p>Eine Erweiterung der Neuraltherapie durch den Zusatz von hom\u00f6opathischen bzw. pflanzlichen Arzneimitteln in Ampullenform bezeichnet man auch als <a href=\"https:\/\/www.naturheilpraxis.cc\/e49\/e82\/e110\/\"><i>Hom\u00f6osiniatrie<\/i><\/a>.<\/p>\n<p>&nbsp;<\/p>\n","protected":false},"excerpt":{"rendered":"<p>Unter Neuraltherapie versteht man die Behandlung von Schmerzen durch Injektion z. B. von Lokalan\u00e4sthetika in eine bestimmte K\u00f6rperregion. In der Regel erfolgt die Injektion intrakutan oder subkutan, bisweilen jedoch auch in tiefer gelegene K\u00f6rperregionen. Sie wirkt vorwiegend auf das Neurohormonelle System, im speziellen auf das Vegetative Nervensystem. Das klassische Neuraltherapeutikum \u0084Procain bzw. Lidocain\u0093 wirkt prim\u00e4r [&hellip;]<\/p>\n","protected":false},"author":1,"featured_media":0,"parent":996,"menu_order":30,"comment_status":"closed","ping_status":"closed","template":"","meta":{"footnotes":""},"_links":{"self":[{"href":"https:\/\/naturheilpraxis-langenfeld.de\/wpl\/wp-json\/wp\/v2\/pages\/93"}],"collection":[{"href":"https:\/\/naturheilpraxis-langenfeld.de\/wpl\/wp-json\/wp\/v2\/pages"}],"about":[{"href":"https:\/\/naturheilpraxis-langenfeld.de\/wpl\/wp-json\/wp\/v2\/types\/page"}],"author":[{"embeddable":true,"href":"https:\/\/naturheilpraxis-langenfeld.de\/wpl\/wp-json\/wp\/v2\/users\/1"}],"replies":[{"embeddable":true,"href":"https:\/\/naturheilpraxis-langenfeld.de\/wpl\/wp-json\/wp\/v2\/comments?post=93"}],"version-history":[{"count":1,"href":"https:\/\/naturheilpraxis-langenfeld.de\/wpl\/wp-json\/wp\/v2\/pages\/93\/revisions"}],"predecessor-version":[{"id":1002,"href":"https:\/\/naturheilpraxis-langenfeld.de\/wpl\/wp-json\/wp\/v2\/pages\/93\/revisions\/1002"}],"up":[{"embeddable":true,"href":"https:\/\/naturheilpraxis-langenfeld.de\/wpl\/wp-json\/wp\/v2\/pages\/996"}],"wp:attachment":[{"href":"https:\/\/naturheilpraxis-langenfeld.de\/wpl\/wp-json\/wp\/v2\/media?parent=93"}],"curies":[{"name":"wp","href":"https:\/\/api.w.org\/{rel}","templated":true}]}}