{"id":91,"date":"2013-07-29T16:06:27","date_gmt":"2013-07-29T14:06:27","guid":{"rendered":"http:\/\/riks.org\/wp\/?page_id=91"},"modified":"2019-03-28T22:40:45","modified_gmt":"2019-03-28T20:40:45","slug":"wirbelsaulentherapie","status":"publish","type":"page","link":"https:\/\/naturheilpraxis-langenfeld.de\/wpl\/therapien\/wirbelsaulentherapie\/","title":{"rendered":"Wirbels\u00e4ulentherapie"},"content":{"rendered":"<h2>Therapie nach Dieter Dorn<\/h2>\n<p>Die Methode nach Dieter Dorn beinhaltet zum einen die R\u00fccken- und zum anderen die Gelenktherapie.<\/p>\n<p>Die R\u00fcckentherapie dient dem Richten von Wirbelfehlstellungen, die sich h\u00e4ufig durch Schmerz (z. B. durch Ischialgie oder dem bekannten \u0084Hexenschuss\u0093) oder durch andere organische St\u00f6rungen bemerkbar machen. Die R\u00fcckenmarknerven versorgen die entsprechenden K\u00f6rperteile oder Organe und k\u00f6nnen schon beim geringsten Verrutschen oder Verkanten eines Wirbels gereizt oder besch\u00e4digt werden. Das Einrichten erfolgt absolut sanft und ohne Schmerzen.<\/p>\n<p>Bei der Gelenktherapie nach D. Dorn geht es um das Einrichten von Gelenken, die leicht verrenkt sind, d. h. deren Gelenkfl\u00e4chen zum Teil noch miteinander verbunden sind (Subluxation).<\/p>\n<p>Auch diese Therapie ist f\u00fcr den Patienten schmerzfrei. Folgende Beschwerden und Erkrankungen sind f\u00fcr die Methoden nach Breu\u00df und Dorn besonders indiziert:<br \/>\nVorbeugung \/Linderung von<\/p>\n<ul>\n<li>Lumbago (Hexenschuss)<\/li>\n<li>Ischialgie<\/li>\n<li>Beckenschiefstand<\/li>\n<li>Nacken-Schulter-Gelenkbeschwerden<\/li>\n<li>Skoliosen<\/li>\n<li>M.Scheuermann<\/li>\n<li>M.Bechterew<\/li>\n<li>Bandscheibensch\u00e4den<\/li>\n<\/ul>\n<p>Die Behandlung kann sowohl bei Erwachsenen als auch bei Kindern und Jugendlichen durchgef\u00fchrt werden.<\/p>\n<p>Diese Therapieform wird je nach Bedarf unterst\u00fctzt durch:<\/p>\n<ul>\n<li>die <a title=\"Breu\u00df \u2013 Massage\" href=\"http:\/\/naturheilpraxis-langenfeld.de\/wpl\/therapien\/massagen\/breus-massage\/\">Breu\u00df-Massage<\/a><\/li>\n<li>die <a title=\"Infrarot-Tiefenw\u00e4rme\" href=\"http:\/\/naturheilpraxis-langenfeld.de\/wpl\/therapien\/schmerztherapie\/infrarot-tiefenwarme\/\">Infrarot-Therapie<\/a><\/li>\n<li><a title=\"Medi-Taping\/Kinesiotaping\" href=\"http:\/\/naturheilpraxis-langenfeld.de\/wpl\/therapien\/schmerztherapie\/medi-tapingkinesiotaping\/\">Medi Tape\/Kinesio Tape<\/a><\/li>\n<li><a title=\"Neuraltherapie\" href=\"http:\/\/naturheilpraxis-langenfeld.de\/wpl\/therapien\/schmerztherapie\/neuraltherapie\/\">Neuraltherapie<\/a><\/li>\n<li><a title=\"Akupunkturverfahren\" href=\"http:\/\/naturheilpraxis-langenfeld.de\/wpl\/therapien\/schmerztherapie\/akupunkturverfahren\/\"> Akupunkturverfahren<\/a><\/li>\n<\/ul>\n","protected":false},"excerpt":{"rendered":"<p>Therapie nach Dieter Dorn Die Methode nach Dieter Dorn beinhaltet zum einen die R\u00fccken- und zum anderen die Gelenktherapie. Die R\u00fcckentherapie dient dem Richten von Wirbelfehlstellungen, die sich h\u00e4ufig durch Schmerz (z. B. durch Ischialgie oder dem bekannten \u0084Hexenschuss\u0093) oder durch andere organische St\u00f6rungen bemerkbar machen. Die R\u00fcckenmarknerven versorgen die entsprechenden K\u00f6rperteile oder Organe und [&hellip;]<\/p>\n","protected":false},"author":2,"featured_media":0,"parent":20,"menu_order":20,"comment_status":"closed","ping_status":"closed","template":"","meta":{"footnotes":""},"_links":{"self":[{"href":"https:\/\/naturheilpraxis-langenfeld.de\/wpl\/wp-json\/wp\/v2\/pages\/91"}],"collection":[{"href":"https:\/\/naturheilpraxis-langenfeld.de\/wpl\/wp-json\/wp\/v2\/pages"}],"about":[{"href":"https:\/\/naturheilpraxis-langenfeld.de\/wpl\/wp-json\/wp\/v2\/types\/page"}],"author":[{"embeddable":true,"href":"https:\/\/naturheilpraxis-langenfeld.de\/wpl\/wp-json\/wp\/v2\/users\/2"}],"replies":[{"embeddable":true,"href":"https:\/\/naturheilpraxis-langenfeld.de\/wpl\/wp-json\/wp\/v2\/comments?post=91"}],"version-history":[{"count":2,"href":"https:\/\/naturheilpraxis-langenfeld.de\/wpl\/wp-json\/wp\/v2\/pages\/91\/revisions"}],"predecessor-version":[{"id":400,"href":"https:\/\/naturheilpraxis-langenfeld.de\/wpl\/wp-json\/wp\/v2\/pages\/91\/revisions\/400"}],"up":[{"embeddable":true,"href":"https:\/\/naturheilpraxis-langenfeld.de\/wpl\/wp-json\/wp\/v2\/pages\/20"}],"wp:attachment":[{"href":"https:\/\/naturheilpraxis-langenfeld.de\/wpl\/wp-json\/wp\/v2\/media?parent=91"}],"curies":[{"name":"wp","href":"https:\/\/api.w.org\/{rel}","templated":true}]}}