{"id":84,"date":"2013-07-29T15:55:44","date_gmt":"2013-07-29T13:55:44","guid":{"rendered":"http:\/\/riks.org\/wp\/?page_id=84"},"modified":"2022-03-08T19:34:04","modified_gmt":"2022-03-08T17:34:04","slug":"akupunkturverfahren","status":"publish","type":"page","link":"https:\/\/naturheilpraxis-langenfeld.de\/wpl\/therapien\/schmerztherapie\/akupunkturverfahren\/","title":{"rendered":"Akupunkturverfahren"},"content":{"rendered":"<p>Wir bieten in unserer Praxis verschiedene Akupunkturverfahren an:<\/p>\n<h2>K\u00f6rperakupunktur<\/h2>\n<p>Traditionelle Chinesische Medizin<\/p>\n<h2>Koreanische Handakupunktur<\/h2>\n<p>1971 entdeckte ein koreanischer Akupunkteur, Dr. Yoo Tae Woo, das sich s\u00e4mtliche Akupunkturpunkte des K\u00f6rpers, sowie alle Meridiane und Organe in der Hand projizieren und entwickelte daraus ein neues Akupunkturverfahren.<\/p>\n<p>Die Akupunktur ist ohne besondere Vorbereitung durchzuf\u00fchren, da die H\u00e4nde leicht zug\u00e4nglich sind. Die Wirkung ist stark und setzt schnell ein, wobei kaum Nebenwirkungen auftreten &#8211; durch die Fernwirkung kann es zu keinen direkten Organverletzungen kommen.<\/p>\n<p>Arten der koreanischen Handakupunktur:<\/p>\n<ul>\n<li>Nadeln<\/li>\n<li>Moxa ( Reizung durch Erw\u00e4rmung )<\/li>\n<li>Dauerreizung, z.B. mit kleinen Nadel- oder Samenpflastern<\/li>\n<li>Elektroreize<\/li>\n<\/ul>\n<p>Der Behandlungsablauf wird individuell auf den Patienten abgestimmt.<\/p>\n<h2>Augenakupunktur nach Boel<\/h2>\n<p>Die Augenakupunktur ist eine schonende Behandlung und kann auch komplement\u00e4r zur Schulmedizin eingesetzt werden.<\/p>\n<h3>Entwicklung:<\/h3>\n<p>Die Augenakupunktur ist ein von Prof. John Boel (D\u00e4nemark) seit 1980 entwickeltes Akupunkturverfahren. Es entstand neben seinen lokalen Neupunkten aus der Zusammensetzung verschiedener Akupunktur Sonderformen wie<\/p>\n<ul>\n<li>\u00a0dem korianischen SU &#8211; Jok mit Hand- und Fu\u00df Punkten<\/li>\n<li>\u00a0der NPSO nach Siener<\/li>\n<li>\u00a0das Eciwo System nach Dr. Zhang<\/li>\n<li>\u00a0der Ohrakupunktur<\/li>\n<\/ul>\n<p>Aufgrund dieser Kombination konnte die Erfolgsquote um ein vielfaches gesteigert werden.<\/p>\n<h3>Erfahrungen:<\/h3>\n<p>Inzwischen wurden ca. 10.000 Patienten mit der Augenakupunktur behandelt. Erfolge wurden bei folgenden Krankheitsbildern verzeichnet:<br \/>\n\u2022 Alters- und Weitsichtigkeit<br \/>\n\u2022 Macula Degeneration<br \/>\n\u2022 Glaukom<br \/>\n\u2022 Erblindung infolge Gehirnsch\u00e4digungen<br \/>\n\u2022 Augenleiden diabetischer Genese<br \/>\n\u2022 Renitis Pigmentosa<br \/>\n\u2022 Kurzsichtigkeit bei Kindern und Jugendlichen bis zum 20. Lebensjahr<\/p>\n<p>Man geht von einer Therapieresistenz von nur ca. 10 % der Patienten aus. Es k\u00f6nnen zwar nicht alle Augenleiden vollst\u00e4ndig geheilt werden, aber es sind Linderungen m\u00f6glich oder ein Fortschreiten der Erkrankung kann verlangsamt werden.<\/p>\n<h3>Behandlung:<\/h3>\n<p>Es wird keine Nadel ins Auge gestochen!<\/p>\n<p>Zur Behandlung werden bestimmte Punkte an H\u00e4nden, F\u00fc\u00dfen und den Knien sowie im Bereich der Augenbrauen und ggf. an den Ohren ausgew\u00e4hlt, jeweils ca. 8 bis 9 Nadeln pro Sitzung.<\/p>\n<p>Die Basisbehandlung besteht aus 10 Behandlungstagen \u00e1 2 Akupunktursitzungen mit einem Abstand von mindestens einer Stunde.<\/p>\n<p>Spricht der Patient auf die Therapie an, erfolgen weitere Behandlungen in wachsenden Abst\u00e4nden, die je nach Grunderkrankung individuell festgelegt werden.<\/p>\n<p>In den meisten F\u00e4llen ist es sinnvoll die Therapie mit anderen Medikamenten und Nahrungserg\u00e4nzungsmitteln zu erg\u00e4nzen. Diese Pr\u00e4parate werden individuell f\u00fcr den Patienten ausgetestet und zusammengestellt.<\/p>\n<h2>Ohrakupunktur<\/h2>\n<p>Die Ohrakupunktur ist die wichtigste Behandlungsmethode der sogenannten &#8222;Aurikulotherapie&#8220;, die alle Manipulationen an der Ohrmuschel zu therapeutischen Zwecken beinhaltet. Bei der Ohrakupunktur werden empfindliche Punkte am Ohr mittels Nadelreiz stimuliert.<\/p>\n<p>Die Aurikulotherapie ist, losgel\u00f6st von der chinesischen Akupunktur, eine eigenst\u00e4ndige Methode, die zwar auch Nadeln benutzt, aber davon ausgeht, da\u00df verschiedene Ohrregionen zu bestimmten K\u00f6rperorganen zuzuordnen sind und sich letztlich so der ganze K\u00f6rper auf die Ohrmuschel projeziert.<\/p>\n<p>Da der gesamte Mensch, also K\u00f6rper, Seele und Geist projeziert werden, sind auch die Behandlungsm\u00f6glichkeiten sehr vielf\u00e4ltig. Die Ohrakupunkturbehandlung wird mit Nadeln oder dem Biolaser durchgef\u00fchrt.<\/p>\n<p>Da durch die Somatotopien jede K\u00f6rperregion und jedes Organ immer mit einem Areal an der Ohrmuschel in Verbindung stehen, ist nicht nur die Therapie m\u00f6glich, sondern es kann auch Diagnostik betrieben werden, wobei eine Vielzahl von St\u00f6rungen, ohne gro\u00dfen Aufwand, direkt am Ohr abgelesen werden kann.<\/p>\n<p>Im Gegensatz zur Akupunktur ist nur ein gest\u00f6rter Punkt auch nachweisbar.<\/p>\n<p>Die haupts\u00e4chlichen Wirkungen entfalten sich auf den Gebieten:<\/p>\n<ol>\n<li>Schmerzbehandlung<\/li>\n<li>Suchtbehandlung<\/li>\n<li>Behandlung von Allergien<\/li>\n<li>Muskelentspannende Wirkung<\/li>\n<li>Immunstimulierende Wirkung<\/li>\n<li>Organische Beschweren<\/li>\n<li>Neurologische Erkrankungen<\/li>\n<\/ol>\n<h2>Moxa Therapie<\/h2>\n<p id=\"e155\">Die Moxa-Therapie oder auch Moxibustion geh\u00f6rt zu den klassischen chinesische Heilmethoden.<\/p>\n<p>Diese gezielte W\u00e4rmepunktur wird mit der angenehmen Strahlungsw\u00e4rme brennender Beifu\u00dfzigarren, die etwas \u00fcber der Hautoberfl\u00e4che gehalten werden, durchgef\u00fchrt. Akupunkturpunkte oder Schmerzpunkte werden gezielt behandelt, und so die<br \/>\nSelbstheilungskr\u00e4fte des K\u00f6rpers reaktiv mobilisiert.<\/p>\n<p>Seit \u00fcber zwei Jahrtausenden sind Akupunktur und Moxibustion charakteristische therapeutische Ma\u00dfnahmen in der traditionellen chinesischen Medizin.<\/p>\n<ul>\n<li>Akute und chronische Schmerzzust\u00e4nde,<\/li>\n<li>Kopfschmerzen (Spannungskopfschmerz, Migr\u00e4ne)<\/li>\n<li>R\u00fcckenleiden,<\/li>\n<li>Magen-Darm-Beschwerden,<\/li>\n<li>Muskelverspannungen,<\/li>\n<li>Erkrankungen des Sehnenapparates und Sportverletzungen<\/li>\n<\/ul>\n<p>k\u00f6nnen mit der Moxa-Therapie-Methode gezielt und frei von Nebenwirkungen behandelt werden.<\/p>\n","protected":false},"excerpt":{"rendered":"<p>Wir bieten in unserer Praxis verschiedene Akupunkturverfahren an: K\u00f6rperakupunktur Traditionelle Chinesische Medizin Koreanische Handakupunktur 1971 entdeckte ein koreanischer Akupunkteur, Dr. Yoo Tae Woo, das sich s\u00e4mtliche Akupunkturpunkte des K\u00f6rpers, sowie alle Meridiane und Organe in der Hand projizieren und entwickelte daraus ein neues Akupunkturverfahren. Die Akupunktur ist ohne besondere Vorbereitung durchzuf\u00fchren, da die H\u00e4nde leicht [&hellip;]<\/p>\n","protected":false},"author":1,"featured_media":0,"parent":996,"menu_order":10,"comment_status":"closed","ping_status":"closed","template":"","meta":{"footnotes":""},"_links":{"self":[{"href":"https:\/\/naturheilpraxis-langenfeld.de\/wpl\/wp-json\/wp\/v2\/pages\/84"}],"collection":[{"href":"https:\/\/naturheilpraxis-langenfeld.de\/wpl\/wp-json\/wp\/v2\/pages"}],"about":[{"href":"https:\/\/naturheilpraxis-langenfeld.de\/wpl\/wp-json\/wp\/v2\/types\/page"}],"author":[{"embeddable":true,"href":"https:\/\/naturheilpraxis-langenfeld.de\/wpl\/wp-json\/wp\/v2\/users\/1"}],"replies":[{"embeddable":true,"href":"https:\/\/naturheilpraxis-langenfeld.de\/wpl\/wp-json\/wp\/v2\/comments?post=84"}],"version-history":[{"count":4,"href":"https:\/\/naturheilpraxis-langenfeld.de\/wpl\/wp-json\/wp\/v2\/pages\/84\/revisions"}],"predecessor-version":[{"id":1038,"href":"https:\/\/naturheilpraxis-langenfeld.de\/wpl\/wp-json\/wp\/v2\/pages\/84\/revisions\/1038"}],"up":[{"embeddable":true,"href":"https:\/\/naturheilpraxis-langenfeld.de\/wpl\/wp-json\/wp\/v2\/pages\/996"}],"wp:attachment":[{"href":"https:\/\/naturheilpraxis-langenfeld.de\/wpl\/wp-json\/wp\/v2\/media?parent=84"}],"curies":[{"name":"wp","href":"https:\/\/api.w.org\/{rel}","templated":true}]}}