{"id":77,"date":"2013-07-29T15:45:57","date_gmt":"2013-07-29T13:45:57","guid":{"rendered":"http:\/\/riks.org\/wp\/?page_id=77"},"modified":"2013-07-29T15:45:57","modified_gmt":"2013-07-29T13:45:57","slug":"kinesiologie","status":"publish","type":"page","link":"https:\/\/naturheilpraxis-langenfeld.de\/wpl\/therapien\/kinesiologie\/","title":{"rendered":"Kinesiologie"},"content":{"rendered":"<h2>Was ist Kinesiologie?<\/h2>\n<p>Die Grundlagen der Kinesiologie sind von dem amerikanischen Chiropraktiker Dr. Georg Goodheart in den USA in den 60er Jahren entwickelt worden.<\/p>\n<p>Er erkannte, dass Energiebahnen im K\u00f6rper (Meridiane) nicht nur in Beziehung zu bestimmten Organen stehen, sondern dar\u00fcber hinaus mit jeweils ganz bestimmten Muskeln verbunden sind. Das hei\u00dft physische und psychische Vorg\u00e4nge im Menschen spiegeln sich auch im Funktionszustand seiner Muskeln.<\/p>\n<p>Daraufhin entwickelte er ein einfaches Testverfahren, das diese Muskelfunktion ohne Zuhilfenahme von Apparaten erfasst, den Muskeltest. Dabei dient der Muskel als Sprachrohr f\u00fcr den K\u00f6rper. Die Testergebnisse lassen R\u00fcckschl\u00fcsse auf eventuelle Energieblockaden und andere Einfl\u00fcsse zu, denen die getestete Person ausgesetzt ist oder ausgesetzt war.<\/p>\n<p>Da das Energiesystem des K\u00f6rpers sehr schnell und fein auf \u00e4u\u00dfere Einfl\u00fcsse reagiert, kann der Muskeltest als pr\u00e4zises R\u00fcckmeldesystem eingesetzt werden. man spricht hier auch von Biofeedback.<\/p>\n<p>Der Muskeltest zeigt nicht nur an, wo die Ursachen von k\u00f6rperlichen, seelischen und energetischen Ungleichgewichten liegen, sondern auch, was dem betreffenden Menschen am besten helfen kann.<\/p>\n<p><em>Die Kinesiologie betrachtet den Menschen ganzheitlich im Hinblick auf alle Aspekte seines Wesens, also strukturell, biochemisch und psychische (emotionale und mentale) Komponenten der Gesundheit.<\/em><\/p>\n<h2>Psycho-Kinesiologie<\/h2>\n<p>Die Psycho-Kinesiologie (PK) besch\u00e4ftigt sich mit der Psyche eines Menschen. Sie ist ein sanfter und schneller Weg, um psychische Konflikte, die zu einer Blockade gef\u00fchrte haben, aufzudecken und zu behandeln.<\/p>\n<p>Oft sind diese Konflikte im traumatischen, zum Teil auch fr\u00fchkindlichen Ereignissen zu finden. Der kinesiologische Muskeltest erm\u00f6glicht hier einen Dialog mit dem Unterbewussten, um die seelischen Blockaden aufzufinden und den Zusammenhang mit der aktuellen Problematik herzustellen. Ein vorher verdr\u00e4ngter Konflikt soll so ins Bewusstsein gerufen werden und der damit verbundene emotionale Stress durch eine spezielle Technik entkoppelt bzw. gel\u00f6st werden k\u00f6nnen. Anwender berichten \u00fcber gute Erfolge beim \u00dcberwinden von \u00c4ngsten und k\u00f6rperlichen Beschwerden.<\/p>\n<h2>Edu-Kinestetik, Brain Gym<\/h2>\n<p>Diese Richtung der Kinesiologie ist eine ganzheitliche Methode zur Verbesserung der Lernf\u00e4higkeit von Menschen jeden Alters.<\/p>\n<p>Der P\u00e4dagoge Dr. Paul Dennison geht davon aus, dass solange keine organischen Sch\u00e4den vorliegen es keine Lernst\u00f6rungen sondern nur Lernblockaden gibt: Oft erhalten wir dann als Ergebnis eine Null-Bock-Mentalit\u00e4t mit allen ihren Auswirkungen auf K\u00f6rper und Geist.<\/p>\n<p>Bei der Edu-Kinestetischen Beratung wird der Mensch mit seinen Bed\u00fcrfnissen individuell betrachtet. Dabei bilden lerngymnastische \u00dcbungen einen Teil der gesamten Behandlung, die des Weiteren auch die Lernumgebung untersucht und gegebenenfalls angleicht.<\/p>\n<p>Die Edu-Kinestetik wird mittlerweise auch von vielen Lehrern in ihren Schulklassen und von Familien zu hause genutzt.<\/p>\n","protected":false},"excerpt":{"rendered":"<p>Was ist Kinesiologie? Die Grundlagen der Kinesiologie sind von dem amerikanischen Chiropraktiker Dr. Georg Goodheart in den USA in den 60er Jahren entwickelt worden. Er erkannte, dass Energiebahnen im K\u00f6rper (Meridiane) nicht nur in Beziehung zu bestimmten Organen stehen, sondern dar\u00fcber hinaus mit jeweils ganz bestimmten Muskeln verbunden sind. Das hei\u00dft physische und psychische Vorg\u00e4nge [&hellip;]<\/p>\n","protected":false},"author":1,"featured_media":0,"parent":20,"menu_order":20,"comment_status":"closed","ping_status":"closed","template":"","meta":{"footnotes":""},"_links":{"self":[{"href":"https:\/\/naturheilpraxis-langenfeld.de\/wpl\/wp-json\/wp\/v2\/pages\/77"}],"collection":[{"href":"https:\/\/naturheilpraxis-langenfeld.de\/wpl\/wp-json\/wp\/v2\/pages"}],"about":[{"href":"https:\/\/naturheilpraxis-langenfeld.de\/wpl\/wp-json\/wp\/v2\/types\/page"}],"author":[{"embeddable":true,"href":"https:\/\/naturheilpraxis-langenfeld.de\/wpl\/wp-json\/wp\/v2\/users\/1"}],"replies":[{"embeddable":true,"href":"https:\/\/naturheilpraxis-langenfeld.de\/wpl\/wp-json\/wp\/v2\/comments?post=77"}],"version-history":[{"count":0,"href":"https:\/\/naturheilpraxis-langenfeld.de\/wpl\/wp-json\/wp\/v2\/pages\/77\/revisions"}],"up":[{"embeddable":true,"href":"https:\/\/naturheilpraxis-langenfeld.de\/wpl\/wp-json\/wp\/v2\/pages\/20"}],"wp:attachment":[{"href":"https:\/\/naturheilpraxis-langenfeld.de\/wpl\/wp-json\/wp\/v2\/media?parent=77"}],"curies":[{"name":"wp","href":"https:\/\/api.w.org\/{rel}","templated":true}]}}