{"id":72,"date":"2013-07-29T15:35:30","date_gmt":"2013-07-29T13:35:30","guid":{"rendered":"http:\/\/riks.org\/wp\/?page_id=72"},"modified":"2016-01-24T23:03:35","modified_gmt":"2016-01-24T21:03:35","slug":"bioresonanzmora-therapie","status":"publish","type":"page","link":"https:\/\/naturheilpraxis-langenfeld.de\/wpl\/therapien\/bioresonanzmora-therapie\/","title":{"rendered":"Bioresonanz\/Mora Therapie"},"content":{"rendered":"<p>Die Bioresonanz-Behandlung geh\u00f6rt zu den sogenannten energetischen Behandlungsverfahren, die sich einerseits auf gewisse Grundlagen der Traditionellen Chinesischen Medizin und andererseits auf physikalische Erkenntnisse st\u00fctzen. Die Bioresonanz-Therapie ist ein Verfahren, bei dem man davon ausgeht, dass der K\u00f6rper elektromagnetische Schwingungen aussendet.<\/p>\n<p>Nicht nur Symptome oder einzelne Organe werden behandelt, sondern die Ursachen der Krankheit. Sie wurde in ihren Grundlagen 1977 durch den Arzt Franz Morell und den Elektronikingenieur Erich Rasche entwickelt (anfangs auch MORA-Therapie genannt).<\/p>\n<p>Sie waren der Ansicht, dass jeder Mensch ein ganz eigenes Schwingungsspektrum hat, das sich aus gesunden, also harmonischen, und krankhaften, disharmonischen Schwingungsanteilen zusammensetzt.<\/p>\n<p>Der Ansatz der Bioresonanz-Therapie ist es, diese elektromagnetischen Schwingungen zu erfassen und in ein spezielles Therapieger\u00e4t zu leiten, wo sie nach harmonischen und disharmonischen Schwingungen getrennt werden. Die krankhaften Signale werden umgewandelt und als harmonische Schwingungen wieder an den K\u00f6rper zugeschickt der daraufhin seine Regulations- und Selbstheilungskr\u00e4fte wieder aktivieren kann.<\/p>\n<h2>Wie wird die Bioresonanz-Therapie eingesetzt?<\/h2>\n<p>Vor der Anwendung der Bioresonanz-Therapie erfolgt eine ausf\u00fchrliche Diagnose, die mit verschiedenen Methoden gestellt werden kann. Dazu geh\u00f6rt der Elektroakupunktur-Test\u00a0 (EAV), bei dem an bestimmten K\u00f6rperstellen (den Akupunkturpunkten) unterschiedliche Hautwiderst\u00e4nde gemessen werden.<\/p>\n<h2>Wo wird die Bioresonanz-Therapie eingesetzt?<\/h2>\n<p>Die Anh\u00e4nger der BRT propagieren ihren Einsatz bei allen denkbaren Krankheitsbildern, wobei zu den h\u00e4ufigsten Krankheitsbereichen die folgenden geh\u00f6ren:<\/p>\n<ul>\n<li>Allergien<\/li>\n<li>Atemwegserkrankungen<\/li>\n<li>Erkrankungen des Lymphsystems<\/li>\n<li>Frauenleiden<\/li>\n<li>Herz- und Kreislauferkrankungen<\/li>\n<li>Immunschw\u00e4che und Infektneigung<\/li>\n<li>Magen- und Darmerkrankungen<\/li>\n<li>Migr\u00e4ne<\/li>\n<li>Nierenleiden<\/li>\n<li>Schlafst\u00f6rungen.<\/li>\n<li>Schmerzzust\u00e4nde aller Art<\/li>\n<li>Rheuma und andere chronisch-degenerative Erkrankungen<\/li>\n<\/ul>\n<p>Die Bioresonanz ist eine Regulationstherapie, die bei vielen Erkrankungen als Basistherapie eingesetzt werden kann. Sie stellt wegen ihrer Schmerzfreiheit und Nebenwirkungsarmut vor allem auch f\u00fcr Kinder eine sehr geeignete Methode dar.<\/p>\n<p>Wir beraten Sie gerne in einem pers\u00f6nlichen Gespr\u00e4ch.<\/p>\n","protected":false},"excerpt":{"rendered":"<p>Die Bioresonanz-Behandlung geh\u00f6rt zu den sogenannten energetischen Behandlungsverfahren, die sich einerseits auf gewisse Grundlagen der Traditionellen Chinesischen Medizin und andererseits auf physikalische Erkenntnisse st\u00fctzen. Die Bioresonanz-Therapie ist ein Verfahren, bei dem man davon ausgeht, dass der K\u00f6rper elektromagnetische Schwingungen aussendet. Nicht nur Symptome oder einzelne Organe werden behandelt, sondern die Ursachen der Krankheit. Sie wurde [&hellip;]<\/p>\n","protected":false},"author":1,"featured_media":0,"parent":20,"menu_order":10,"comment_status":"closed","ping_status":"closed","template":"","meta":{"footnotes":""},"_links":{"self":[{"href":"https:\/\/naturheilpraxis-langenfeld.de\/wpl\/wp-json\/wp\/v2\/pages\/72"}],"collection":[{"href":"https:\/\/naturheilpraxis-langenfeld.de\/wpl\/wp-json\/wp\/v2\/pages"}],"about":[{"href":"https:\/\/naturheilpraxis-langenfeld.de\/wpl\/wp-json\/wp\/v2\/types\/page"}],"author":[{"embeddable":true,"href":"https:\/\/naturheilpraxis-langenfeld.de\/wpl\/wp-json\/wp\/v2\/users\/1"}],"replies":[{"embeddable":true,"href":"https:\/\/naturheilpraxis-langenfeld.de\/wpl\/wp-json\/wp\/v2\/comments?post=72"}],"version-history":[{"count":6,"href":"https:\/\/naturheilpraxis-langenfeld.de\/wpl\/wp-json\/wp\/v2\/pages\/72\/revisions"}],"predecessor-version":[{"id":304,"href":"https:\/\/naturheilpraxis-langenfeld.de\/wpl\/wp-json\/wp\/v2\/pages\/72\/revisions\/304"}],"up":[{"embeddable":true,"href":"https:\/\/naturheilpraxis-langenfeld.de\/wpl\/wp-json\/wp\/v2\/pages\/20"}],"wp:attachment":[{"href":"https:\/\/naturheilpraxis-langenfeld.de\/wpl\/wp-json\/wp\/v2\/media?parent=72"}],"curies":[{"name":"wp","href":"https:\/\/api.w.org\/{rel}","templated":true}]}}