{"id":51,"date":"2013-07-29T15:12:04","date_gmt":"2013-07-29T13:12:04","guid":{"rendered":"http:\/\/riks.org\/wp\/?page_id=51"},"modified":"2013-07-29T15:12:04","modified_gmt":"2013-07-29T13:12:04","slug":"schwermetalltest","status":"publish","type":"page","link":"https:\/\/naturheilpraxis-langenfeld.de\/wpl\/diagnoseverfahren\/schwermetalltest\/","title":{"rendered":"Schwermetalltest"},"content":{"rendered":"<p>Schwermetalltest (SMT)<br \/>\nDithizon-Reaktions-Methode<\/p>\n<p>Zu den Schwermetallen geh\u00f6ren z. B. Zink, Kupfer, Mangan und Kobalt, die im menschlichen K\u00f6rper in gewissen Spuren lebensnotwendig sind, sowie<br \/>\nCadmium, Blei , Quecksilber ( Amalgam ) und Nickel, welche schon in kleinen Mengen sch\u00e4dliche Einfl\u00fcsse auf unsere Gesundheit nehmen k\u00f6nnen.<\/p>\n<p>Ursachen einer Belastung mit Schwermetallen k\u00f6nnen sein:<\/p>\n<ul>\n<li>belastete Lebensmittel (quecksilberverseuchter Fisch, \u00dcberd\u00fcngung)<\/li>\n<li>Medikamente und Impfungen<\/li>\n<li>Amalgamf\u00fcllungen<\/li>\n<li>Belastung am Arbeitsplatz, Industrieabgase u.v.m.<\/li>\n<\/ul>\n<p>Folgen einer Belastung mit Schwermetallen k\u00f6nnen sein:<\/p>\n<ul>\n<li>Hauterkrankungen und Allergien<\/li>\n<li>allgemeine Infektanf\u00e4lligkeit<\/li>\n<li>chronische M\u00fcdigkeit und Konzentrationsprobleme<\/li>\n<li>Schmerzerkrankungen<\/li>\n<li>Hormonst\u00f6rungen und Tumore<\/li>\n<li>Nervenerkrankungen<\/li>\n<li>Autoimmunerkrankungen<\/li>\n<li>und viele weitere Erkrankungen meist ungekl\u00e4rter Genese<\/li>\n<\/ul>\n<p>Schwermetalle k\u00f6nnen sich \u00fcberall im K\u00f6rper \u0096 somit auch im Gehirn und Nervensystem \u0096 anlagern und wichtige Stoffwechselprozesse und die Hormonbildung beeinflussen. Sie verdr\u00e4ngen wichtige Mineralstoffe und Spurenelemente und halten Pestizide und L\u00f6sungsmittel in der Zelle fest.<\/p>\n<p>Mit dem Schwermetalltest kann in kurzer Zeit eine Belastung durch ungebundene Schwermetallionen<\/p>\n<ul>\n<li>in K\u00f6rperfl\u00fcssigkeiten wie Urin und Speichel<\/li>\n<li>in Leitungswasser<\/li>\n<li>in Stoffen und Materialien (z.B. Teppich, Tapete usw.)<\/li>\n<\/ul>\n<p>festgestellt werden.<\/p>\n<p>Je nach Ergebnis des Tests kann eine Schwermetallausleitung z.B. nach Dr. Klinghardt durchgef\u00fchrt werden.<\/p>\n","protected":false},"excerpt":{"rendered":"<p>Schwermetalltest (SMT) Dithizon-Reaktions-Methode Zu den Schwermetallen geh\u00f6ren z. B. Zink, Kupfer, Mangan und Kobalt, die im menschlichen K\u00f6rper in gewissen Spuren lebensnotwendig sind, sowie Cadmium, Blei , Quecksilber ( Amalgam ) und Nickel, welche schon in kleinen Mengen sch\u00e4dliche Einfl\u00fcsse auf unsere Gesundheit nehmen k\u00f6nnen. Ursachen einer Belastung mit Schwermetallen k\u00f6nnen sein: belastete Lebensmittel (quecksilberverseuchter [&hellip;]<\/p>\n","protected":false},"author":1,"featured_media":0,"parent":5,"menu_order":80,"comment_status":"closed","ping_status":"closed","template":"","meta":{"footnotes":""},"_links":{"self":[{"href":"https:\/\/naturheilpraxis-langenfeld.de\/wpl\/wp-json\/wp\/v2\/pages\/51"}],"collection":[{"href":"https:\/\/naturheilpraxis-langenfeld.de\/wpl\/wp-json\/wp\/v2\/pages"}],"about":[{"href":"https:\/\/naturheilpraxis-langenfeld.de\/wpl\/wp-json\/wp\/v2\/types\/page"}],"author":[{"embeddable":true,"href":"https:\/\/naturheilpraxis-langenfeld.de\/wpl\/wp-json\/wp\/v2\/users\/1"}],"replies":[{"embeddable":true,"href":"https:\/\/naturheilpraxis-langenfeld.de\/wpl\/wp-json\/wp\/v2\/comments?post=51"}],"version-history":[{"count":0,"href":"https:\/\/naturheilpraxis-langenfeld.de\/wpl\/wp-json\/wp\/v2\/pages\/51\/revisions"}],"up":[{"embeddable":true,"href":"https:\/\/naturheilpraxis-langenfeld.de\/wpl\/wp-json\/wp\/v2\/pages\/5"}],"wp:attachment":[{"href":"https:\/\/naturheilpraxis-langenfeld.de\/wpl\/wp-json\/wp\/v2\/media?parent=51"}],"curies":[{"name":"wp","href":"https:\/\/api.w.org\/{rel}","templated":true}]}}