{"id":48,"date":"2013-07-29T15:07:28","date_gmt":"2013-07-29T13:07:28","guid":{"rendered":"http:\/\/riks.org\/wp\/?page_id=48"},"modified":"2016-01-24T22:51:33","modified_gmt":"2016-01-24T20:51:33","slug":"dunkelfelddiagnostik","status":"publish","type":"page","link":"https:\/\/naturheilpraxis-langenfeld.de\/wpl\/diagnoseverfahren\/dunkelfelddiagnostik\/","title":{"rendered":"Dunkelfeldblutdiagnosik"},"content":{"rendered":"<article id=\"post-292\" class=\"post-292 page type-page status-publish hentry\">\n<header class=\"entry-header\">\n<h1 class=\"entry-title\">Die Dunkelfeldblutdiagnostik ist eine Methode zur mikroskopischen Untersuchung von Blut.<\/h1>\n<\/header>\n<div class=\"entry-content\">\n<p>Ein kleiner Tropfe Blut ist ausreichend \u2013 er wird sofort mit einem spezellen Mikroskop untersucht.<\/p>\n<p>Sie, als Patient k\u00f6nnen Ihr Blut am Bildschirm mit betrachten. Ergebnisse werden sofort besprochen.<\/p>\n<p>Aufgrund eines aufwendigen technischen Beleuchtungsverfahren k\u00f6nnen besonders kleine Strukturen sichtbar gemacht werden. Belastungen und viele Krankheitsgeschehen\u00a0 sind fr\u00fchzeitig erkennbar und therapeutische Ma\u00dfnahmen k\u00f6nnen \u00fcberwacht und in ihrer Wirkung \u00fcberpr\u00fcft werden.<\/p>\n<p>&nbsp;<\/p>\n<\/div>\n<footer class=\"entry-meta\"><span class=\"edit-link\"><a class=\"post-edit-link\" href=\"http:\/\/naturheilpraxis-langenfeld.de\/wpl\/wp-admin\/post.php?post=292&amp;action=edit\">Bearbeiten<\/a><\/span><\/footer>\n<\/article>\n<div id=\"comments\" class=\"comments-area\">\n<div id=\"respond\" class=\"comment-respond\">\n<h3 id=\"reply-title\" class=\"comment-reply-title\">Hinterlasse eine Antwort <small><\/small><\/h3>\n<form id=\"commentform\" class=\"comment-form\" action=\"http:\/\/naturheilpraxis-langenfeld.de\/wpl\/wp-comments-post.php\" method=\"post\">\n<p class=\"logged-in-as\">Angemeldet als <a href=\"http:\/\/naturheilpraxis-langenfeld.de\/wpl\/wp-admin\/profile.php\">Ulrike Bauer<\/a>. <a title=\"Vom Benutzerkonto ausloggen\" href=\"http:\/\/naturheilpraxis-langenfeld.de\/wpl\/wp-login.php?action=logout&amp;redirect_to=http%3A%2F%2Fnaturheilpraxis-langenfeld.de%2Fwpl%2Fdunkelfeldblutdiagnostik%2F&amp;_wpnonce=2b843c355d\">Abmelden?<\/a><\/p>\n<p class=\"comment-form-comment\"><label for=\"comment\">Kommentar<\/label> <textarea id=\"comment\" cols=\"45\" name=\"comment\" rows=\"8\"><\/textarea><\/p>\n<p class=\"form-allowed-tags\">Du kannst folgende <abbr title=\"HyperText Markup Language\">HTML<\/abbr>-Tags benutzen: <code>&lt;a href=\"\" title=\"\"&gt; &lt;abbr title=\"\"&gt; &lt;acronym title=\"\"&gt; &lt;b&gt; &lt;blockquote cite=\"\"&gt; &lt;cite&gt; &lt;code&gt; &lt;del datetime=\"\"&gt; &lt;em&gt; &lt;i&gt; &lt;q cite=\"\"&gt; &lt;strike&gt; &lt;strong&gt; <\/code><\/p>\n<\/form>\n<\/div>\n<\/div>\n<div id=\"primary\" class=\"site-content\"><\/div>\n<div id=\"secondary\" class=\"widget-area\">\n<aside id=\"search-2\" class=\"widget widget_search\">\n<form id=\"searchform\" class=\"searchform\" action=\"http:\/\/naturheilpraxis-langenfeld.de\/wpl\/\" method=\"get\">\n<div><label class=\"screen-reader-text\" for=\"s\">Suche nach:<\/label> <input id=\"s\" name=\"s\" type=\"text\" value=\"\" \/><\/div>\n<\/form>\n<\/aside>\n<\/div>\n<div id=\"main\" class=\"wrapper\"><\/div>\n","protected":false},"excerpt":{"rendered":"<p>Die Dunkelfeldblutdiagnostik ist eine Methode zur mikroskopischen Untersuchung von Blut. Ein kleiner Tropfe Blut ist ausreichend \u2013 er wird sofort mit einem spezellen Mikroskop untersucht. Sie, als Patient k\u00f6nnen Ihr Blut am Bildschirm mit betrachten. Ergebnisse werden sofort besprochen. Aufgrund eines aufwendigen technischen Beleuchtungsverfahren k\u00f6nnen besonders kleine Strukturen sichtbar gemacht werden. Belastungen und viele Krankheitsgeschehen\u00a0 [&hellip;]<\/p>\n","protected":false},"author":1,"featured_media":0,"parent":5,"menu_order":70,"comment_status":"closed","ping_status":"closed","template":"","meta":{"footnotes":""},"_links":{"self":[{"href":"https:\/\/naturheilpraxis-langenfeld.de\/wpl\/wp-json\/wp\/v2\/pages\/48"}],"collection":[{"href":"https:\/\/naturheilpraxis-langenfeld.de\/wpl\/wp-json\/wp\/v2\/pages"}],"about":[{"href":"https:\/\/naturheilpraxis-langenfeld.de\/wpl\/wp-json\/wp\/v2\/types\/page"}],"author":[{"embeddable":true,"href":"https:\/\/naturheilpraxis-langenfeld.de\/wpl\/wp-json\/wp\/v2\/users\/1"}],"replies":[{"embeddable":true,"href":"https:\/\/naturheilpraxis-langenfeld.de\/wpl\/wp-json\/wp\/v2\/comments?post=48"}],"version-history":[{"count":4,"href":"https:\/\/naturheilpraxis-langenfeld.de\/wpl\/wp-json\/wp\/v2\/pages\/48\/revisions"}],"predecessor-version":[{"id":298,"href":"https:\/\/naturheilpraxis-langenfeld.de\/wpl\/wp-json\/wp\/v2\/pages\/48\/revisions\/298"}],"up":[{"embeddable":true,"href":"https:\/\/naturheilpraxis-langenfeld.de\/wpl\/wp-json\/wp\/v2\/pages\/5"}],"wp:attachment":[{"href":"https:\/\/naturheilpraxis-langenfeld.de\/wpl\/wp-json\/wp\/v2\/media?parent=48"}],"curies":[{"name":"wp","href":"https:\/\/api.w.org\/{rel}","templated":true}]}}