{"id":44,"date":"2013-07-29T15:05:34","date_gmt":"2013-07-29T13:05:34","guid":{"rendered":"http:\/\/riks.org\/wp\/?page_id=44"},"modified":"2013-07-29T15:05:34","modified_gmt":"2013-07-29T13:05:34","slug":"labor","status":"publish","type":"page","link":"https:\/\/naturheilpraxis-langenfeld.de\/wpl\/diagnoseverfahren\/labor\/","title":{"rendered":"Labor"},"content":{"rendered":"<p>Neu: ESP &#8211; <em>Das Ern\u00e4hrungssteuerprogramm<\/em><br \/>\nIhr individuelles Ern\u00e4hrungsprogramm wird mittels einer ausf\u00fchrlichen Blutuntersuchung ermittelt.<\/p>\n<p>Sie erfahren, wie Sie Ihren eigenen Stoffwechsel unterst\u00fctzen und Ern\u00e4hrungsfehler vermeiden k\u00f6nnen.<\/p>\n<p>Naturheilkundlich orientierte Stuhl, Urin &#8211; und Blutdiagnostik<\/p>\n<p><b>Vor jeder Therapie die richtige Diagnose<\/b><\/p>\n<p>Laboruntersuchungen dienen<\/p>\n<ul>\n<li>der Fr\u00fcherkennung<\/li>\n<li>der Ursachenfindung<\/li>\n<li>als wichtiger Gesundheitsscheck<\/li>\n<li>dem gesamtheitlichen \u00dcberblick<\/li>\n<\/ul>\n<p>Die Untersuchung des Urins erfolgt direkt in unserer Praxis.<\/p>\n<p>siehe auch Schwermetalltest, \u00dcberschichtungsreaktion des Harns, <a title=\"Urin Funktionsdiagnostik\" href=\"http:\/\/riks.org\/wp\/beispiel-seite\/urin-funktionsdiagnostik\/\">Urinfunktionsdiagnostik<\/a><\/p>\n","protected":false},"excerpt":{"rendered":"<p>Neu: ESP &#8211; Das Ern\u00e4hrungssteuerprogramm Ihr individuelles Ern\u00e4hrungsprogramm wird mittels einer ausf\u00fchrlichen Blutuntersuchung ermittelt. Sie erfahren, wie Sie Ihren eigenen Stoffwechsel unterst\u00fctzen und Ern\u00e4hrungsfehler vermeiden k\u00f6nnen. Naturheilkundlich orientierte Stuhl, Urin &#8211; und Blutdiagnostik Vor jeder Therapie die richtige Diagnose Laboruntersuchungen dienen der Fr\u00fcherkennung der Ursachenfindung als wichtiger Gesundheitsscheck dem gesamtheitlichen \u00dcberblick Die Untersuchung des Urins [&hellip;]<\/p>\n","protected":false},"author":1,"featured_media":0,"parent":5,"menu_order":60,"comment_status":"closed","ping_status":"closed","template":"","meta":{"footnotes":""},"_links":{"self":[{"href":"https:\/\/naturheilpraxis-langenfeld.de\/wpl\/wp-json\/wp\/v2\/pages\/44"}],"collection":[{"href":"https:\/\/naturheilpraxis-langenfeld.de\/wpl\/wp-json\/wp\/v2\/pages"}],"about":[{"href":"https:\/\/naturheilpraxis-langenfeld.de\/wpl\/wp-json\/wp\/v2\/types\/page"}],"author":[{"embeddable":true,"href":"https:\/\/naturheilpraxis-langenfeld.de\/wpl\/wp-json\/wp\/v2\/users\/1"}],"replies":[{"embeddable":true,"href":"https:\/\/naturheilpraxis-langenfeld.de\/wpl\/wp-json\/wp\/v2\/comments?post=44"}],"version-history":[{"count":0,"href":"https:\/\/naturheilpraxis-langenfeld.de\/wpl\/wp-json\/wp\/v2\/pages\/44\/revisions"}],"up":[{"embeddable":true,"href":"https:\/\/naturheilpraxis-langenfeld.de\/wpl\/wp-json\/wp\/v2\/pages\/5"}],"wp:attachment":[{"href":"https:\/\/naturheilpraxis-langenfeld.de\/wpl\/wp-json\/wp\/v2\/media?parent=44"}],"curies":[{"name":"wp","href":"https:\/\/api.w.org\/{rel}","templated":true}]}}