{"id":409,"date":"2018-05-13T14:45:42","date_gmt":"2018-05-13T12:45:42","guid":{"rendered":"http:\/\/naturheilpraxis-langenfeld.de\/wpl\/?page_id=409"},"modified":"2018-05-13T17:24:18","modified_gmt":"2018-05-13T15:24:18","slug":"datenschutzerklaerung","status":"publish","type":"page","link":"https:\/\/naturheilpraxis-langenfeld.de\/wpl\/datenschutzerklaerung\/","title":{"rendered":"Datenschutzerkl\u00e4rung"},"content":{"rendered":"<h2><strong>Datenschutzerkl\u00e4rung (Stand 28.03.2018)<\/strong><\/h2>\n<p>Ich freue mich \u00fcber Ihren Besuch auf meiner Internetpr\u00e4senz. Ich nehme den Schutz Ihrer pers\u00f6nlichen Daten ernst und halten mich an die Regeln der gesetzlichen Vorgaben, insbesondere der Datenschutzgesetze. Die in dieser Erkl\u00e4rung verwendeten Begrifflichkeiten sind geschlechtsneutral zu verstehen und umfassen jeweils die weibliche und m\u00e4nnliche Form.<\/p>\n<h4><strong>1. Information \u00fcber die Erhebung personenbezogener Daten<\/strong><\/h4>\n<p>1.1. In dieser Datenschutzerkl\u00e4rung informiere ich Sie \u00fcber die Erhebung personenbezogener Daten bei Nutzung meiner Internetpr\u00e4senz. Personenbezogene Daten sind alle Daten, die auf Sie pers\u00f6nlich beziehbar sind, beispielweise Ihr Name, Ihre Anschrift oder Ihre E-Mail-Adresse.<\/p>\n<p>1.2. Verantwortlicher gem. Art.\u00a04 Abs.\u00a07 EU-Datenschutz-Grundverordnung (DS-GVO) bin ich, Heilpraktikerin Ulrike Bauer, Ostlandstr. 20, 40764 Langenfeld, <a href=\"mailto:HPUlrikeBauer@gmail.com\">HPUlrikeBauer(at)<u style=\"font-size: 1rem;\">gmail.com<\/u><\/a><span style=\"font-size: 1rem;\">. Alle Angaben \u00fcber mich finden Sie in meinem <a href=\"http:\/\/naturheilpraxis-langenfeld.de\/wpl\/impressum\/\">Impressum<\/a>.<\/span><\/p>\n<p>1.3. F\u00fcr eine Kontaktaufnahme k\u00f6nnen Sie mir eine E-Mail zusenden. Sofern Sie dies w\u00fcnschen, k\u00f6nnen Sie hierzu eine E-Mailadresse verwenden, die keine R\u00fcckschl\u00fcsse auf Ihre Person zul\u00e4sst. Wenn Sie mir eine E-Mail schreiben, speichere ich die von Ihnen mitgeteilten Daten (z.B. Ihre E-Mail-Adresse, ggf. Ihren Namen und Ihre Telefonnummer), um Ihre Fragen zu beantworten. Ist eine Speicherung nicht mehr erforderlich, l\u00f6sche ich die erhobenen personenbezogenen Daten. Falls eine gesetzliche Aufbewahrungspflicht besteht, schr\u00e4nke ich die Verarbeitung ein. Die Rechtsgrundlage f\u00fcr die Datenverarbeitung zum Zwecke der Kontaktaufnahme bildet Art. 6 Abs. 1 S. 1 lit. f DS-GVO.<\/p>\n<p>1.4. Ich m\u00f6chte Sie darauf hinweisen, dass eine Daten\u00fcbertragung per E-Mail Sicherheitsl\u00fccken aufweisen kann. Ein l\u00fcckenloser Schutz der Daten vor dem Zugriff durch Dritte ist hier nicht m\u00f6glich. Ich empfehle deshalb, gesundheitsbezogene Daten nicht per Email zu \u00fcbermitteln.<\/p>\n<p>1.5. F\u00fcr einzelne Funktionen meiner Website ben\u00f6tige ich die Mitwirkung von externen Dienstleistern. \u00dcber die jeweiligen Vorg\u00e4nge informiere ich Sie unter Punkt 6. dieser Erkl\u00e4rung.<\/p>\n<p>&nbsp;<\/p>\n<h4><strong>2. Erhebung und Speicherung personenbezogener Daten bei Aufruf meiner Website<\/strong><\/h4>\n<p>2.1. Wenn Sie meine Internetpr\u00e4senz informatorisch nutzen &#8211; also lediglich betrachten -, erhebe ich bei deren Aufruf diejenigen personenbezogenen Daten, die Ihr Browser automatisch an den Server meiner Website \u00fcbermittelt. Diese Informationen werden tempor\u00e4r in einem sog. Logfile gespeichert. Folgende Informationen werden dabei ohne Ihr Zutun erfasst und bis zur automatisierten L\u00f6schung gespeichert:<\/p>\n<p>&#8211; IP-Adresse des anfragenden Rechners,<br \/>\n&#8211; Datum und Uhrzeit der Anfrage bzw. des Zugriffs,<br \/>\n&#8211; Zeitzonendifferenz zur Greenwich Mean Time (GMT),<br \/>\n&#8211; Inhalt der Anforderung (konkrete Seite),<br \/>\n&#8211; Name und URL der abgerufenen Datei,<br \/>\n&#8211; Zugriffsstatus\/HTTP-Statuscode,<br \/>\n&#8211; jeweils \u00fcbertragene Datenmenge,<br \/>\n&#8211; Website, von der die Anforderung bzw. der Zugriff erfolgt (Referrer-URL),<br \/>\n&#8211; verwendeter Browser,<br \/>\n&#8211; Betriebssystem Ihres Rechners und dessen Oberfl\u00e4che sowie der Name Ihres Access-Providers,<br \/>\n&#8211; Sprache und Version der Browsersoftware.<\/p>\n<p>2.2. Die genannten Daten verarbeite ich, um Ihnen meine Website anzuzeigen und dabei Stabilit\u00e4t und Sicherheit zu gew\u00e4hrleisten. Insbesondere um einen reibungslosen Verbindungsaufbau und eine komfortable Nutzung meiner Website sicherzustellen sowie f\u00fcr eine Auswertung der Systemsicherheit bzw. Systemstabilit\u00e4t und zu weiteren administrativen Zwecken.<\/p>\n<p>2.3. Die Rechtsgrundlage f\u00fcr die Datenverarbeitung bildet Art.\u00a06 Abs.\u00a01 S.\u00a01 lit. f DS-GVO. Unser berechtigtes Interesse folgt aus den vorstehend aufgelisteten Zwecken zur Datenerhebung.<\/p>\n<p>&nbsp;<\/p>\n<h4><strong>3. Weitergabe von Daten \/ Daten\u00fcbermittlung<\/strong><\/h4>\n<p>Ich \u00fcbermittele Ihre pers\u00f6nlichen Daten an Dritte ausschlie\u00dflich zu folgenden Zwecken:<\/p>\n<p>3.1. &#8211; nach Erteilung einer ausdr\u00fccklichen Einwilligung gem\u00e4\u00df Art. 6 Abs. 1 S. 1 lit. a DSGVO,<\/p>\n<p>3.2. &#8211; die Weitergabe ist nach Art. 6 Abs. 1 S. 1 lit. f DSGVO zur Geltendmachung, Aus\u00fcbung oder Verteidigung von Rechtsanspr\u00fcchen erforderlich und es besteht kein Grund zur Annahme, dass Sie ein \u00fcberwiegendes schutzw\u00fcrdiges Interesse an der Nichtweitergabe Ihrer Daten haben,<\/p>\n<p>3.3. &#8211; falls f\u00fcr die Weitergabe nach Art. 6 Abs. 1 S. 1 lit. c DSGVO eine gesetzliche Verpflichtung besteht,<\/p>\n<p>3.4. &#8211; sofern dies gesetzlich zul\u00e4ssig und nach Art. 6 Abs. 1 S. 1 lit. b DSGVO f\u00fcr die Abwicklung von Vertragsverh\u00e4ltnissen mit Ihnen erforderlich ist.<\/p>\n<p>&nbsp;<\/p>\n<h4><strong>4. Ihre Rechte<\/strong><\/h4>\n<p>Sie haben gegen\u00fcber mir Rechte hinsichtlich der Sie betreffenden personenbezogenen Daten. Hierbei handelt es sich um das:<\/p>\n<p>4.1. &#8211; Recht auf Auskunft: gem\u00e4\u00df Art. 15 DSGVO k\u00f6nnen Sie Auskunft \u00fcber Ihre von mir verarbeiteten personenbezogenen Daten verlangen.<\/p>\n<p>4.2. &#8211; Recht auf Berichtigung: gem\u00e4\u00df Art. 16 DSGVO k\u00f6nnen Sie unverz\u00fcglich die Berichtigung unrichtiger oder Vervollst\u00e4ndigung Ihrer bei mir gespeicherten personenbezogenen Daten verlangen.<\/p>\n<p>4.3. &#8211; Recht auf L\u00f6schung: gem\u00e4\u00df Art. 17 DSGVO k\u00f6nnen Sie die L\u00f6schung Ihrer bei mir gespeicherten personenbezogenen Daten verlangen.<\/p>\n<p>4.4. &#8211; Recht auf Einschr\u00e4nkung der Verarbeitung: gem\u00e4\u00df Art. 18 DSGVO k\u00f6nnen Sie die Einschr\u00e4nkung der Verarbeitung Ihrer bei mir gespeicherten personenbezogenen Daten verlangen.<\/p>\n<p>4.5. &#8211; Recht auf Widerspruch gegen die Verarbeitung: gem\u00e4\u00df Art. 7 Abs. 3 DSGVO k\u00f6nnen Sie Ihre einmal erteilte Einwilligung jederzeit gegen\u00fcber mir widerrufen.<\/p>\n<p>4.6. &#8211; Recht auf Daten\u00fcbertragbarkeit: gem\u00e4\u00df Art. 20 DSGVO k\u00f6nnen Sie verlangen, Ihre personenbezogenen Daten, die Sie mir bereitgestellt haben, in einem strukturierten, g\u00e4ngigen und maschinenlesebaren Format zu erhalten oder die \u00dcbermittlung an einen anderen Verantwortlichen verlangen.<\/p>\n<p>4.7. &#8211; Sie haben gem\u00e4\u00df Art. 77 DSGVO zudem das Recht, sich bei einer Datenschutz-Aufsichtsbeh\u00f6rde \u00fcber die Verarbeitung Ihrer personenbezogenen Daten durch mich zu beschweren.<\/p>\n<p>&nbsp;<\/p>\n<h4><strong>5. Cookies<\/strong><\/h4>\n<p>5.1. Neben den in Punkt 2. genannten Daten werden bei Ihrer Nutzung meiner Website sogenannte Cookies auf Ihrem Endger\u00e4t (Laptop, Tablet, Smartphone o.\u00e4.) gespeichert. Dies sind kleine Textdateien, die auf Ihrer Festplatte dem von Ihnen verwendeten Browser zugeordnet gespeichert werden; durch Cookies erh\u00e4lt die Stelle, die den Cookie setzt, bestimmte Informationen. Cookies dienen dazu, mein Internetangebot nutzerfreundlicher und effektiver zu machen. Ich erhalte durch Cookies nicht unmittelbar Kenntnis von Ihrer Identit\u00e4t. Cookies k\u00f6nnen keine Programme ausf\u00fchren oder Viren auf Ihren Computer \u00fcbertragen.<\/p>\n<p>5.2. Meine Website nutzt ausschlie\u00dflich Session-Cookies. Diese speichern eine sogenannte Session-ID, mit welcher sich verschiedene Anfragen Ihres Browsers der Sitzung zuordnen lassen. Durch Session-Cookies kann erkannt werden, dass Sie einzelne Seiten meiner Website bereits besucht haben. Die Session-Cookies werden automatisch gel\u00f6scht, wenn Sie meine Seite verlassen oder Ihren Browser schlie\u00dfen. Sie k\u00f6nnen die Cookies in den Sicherheitseinstellungen Ihres Browsers zudem jederzeit l\u00f6schen.<\/p>\n<p>5.3. Sie k\u00f6nnen meine Webseite auch ohne Cookies besuchen. Sie m\u00fcssen hierzu Ihre Browser-Einstellung so konfigurieren, dass die Annahme von Cookies unterbleibt. In diesem Fall k\u00f6nnen Sie m\u00f6glicherweise nicht alle Funktionen meiner Website nutzen.<\/p>\n<p>5.4. Die durch Cookies verarbeiteten Daten sind f\u00fcr die genannten Zwecke zur Wahrung unserer berechtigten Interessen sowie der Dritter nach Art. 6 Abs. 1 S. 1 lit. f DSGVO erforderlich.<\/p>\n<p>5.5. \u00dcber Cookies, die durch eingebundene Dienste (z.B. YouTube) gesetzt werden, informiere ich Sie unter Punkt 6 dieser Erkl\u00e4rung.<\/p>\n<p>&nbsp;<\/p>\n<h4><strong>6. Weitere Funktionen und Angebote meine<\/strong><strong>r Website \/ Einbindung von Diensten und Inhalten Dritter <\/strong><\/h4>\n<p><strong>6.1. Einbindung von Google Maps<\/strong><\/p>\n<p>6.1.1. Ich nutze auf meiner Website Google Maps. Dies erm\u00f6glicht es mir, Ihnen interaktive Landkarten direkt auf meiner Website anzuzeigen; Sie k\u00f6nnen die Karten-Funktionen von Google Maps hierdurch komfortabel nutzen. Bei der Nutzung werden von Google Daten \u00fcber Ihre Nutzung der Kartenfunktionen erhoben, verarbeitet und genutzt.<\/p>\n<p>6.1.2. Durch den Besuch auf meiner Website erh\u00e4lt Google die Information, dass Sie die entsprechende Unterseite meiner Website aufgerufen haben. Zudem werden die unter Punkt 2. dieser Erkl\u00e4rung genannten Daten \u00fcbermittelt. Dies erfolgt sowohl dann, wenn Sie in einem Google-Nutzerkonto eingeloggt sind, als auch dann, wenn kein Nutzerkonto besteht oder Sie dort abgemeldet sind.<\/p>\n<p>6.1.3. Wenn Sie bei einem Google-Konto eingeloggt sind, werden Ihre Daten direkt diesem Konto zugeordnet. Wenn Sie die Zuordnung mit Ihrem Profil bei Google nicht w\u00fcnschen, m\u00fcssen Sie sich vor der Nutzung aus Ihrem Google-Konto ausloggen.<\/p>\n<p>6.1.4. Google speichert Ihre Daten als Nutzungsprofile und nutzt sie f\u00fcr Zwecke der Werbung, Marktforschung, zu statistischen Zwecken und\/oder bedarfsgerechten Gestaltung seiner Website. Eine solche Auswertung erfolgt insbesondere (selbst f\u00fcr nicht eingeloggte Nutzer) zur Erbringung von bedarfsgerechter Werbung und um andere Nutzer des sozialen Netzwerks \u00fcber Ihre Aktivit\u00e4ten auf meiner Website zu informieren.<\/p>\n<p>6.1.5. Ihnen steht ein Widerspruchsrecht gegen die Bildung dieser Nutzerprofile zu; zu dessen Aus\u00fcbung wenden Sie sich an Google.<\/p>\n<p>6.1.6. Weitere Informationen zu Zweck und Umfang der Datenerhebung und ihrer Verarbeitung durch Google erhalten Sie in den Datenschutzerkl\u00e4rungen dieses Anbieters. Dort erhalten Sie auch weitere Informationen zu Ihren diesbez\u00fcglichen Rechten und Einstellungsm\u00f6glichkeiten zum Schutze Ihrer Privatsph\u00e4re: <a href=\"http:\/\/www.google.de\/intl\/de\/policies\/privacy\">http:\/\/www.google.de\/intl\/de\/policies\/privacy<\/a>. Google verarbeitet Ihre personenbezogenen Daten auch in den USA und hat sich dem EU-US Privacy Shield unterworfen, <a href=\"https:\/\/www.privacyshield.gov\/EU-US-Framework\"><u>https:\/\/www.privacyshield.gov\/EU-US-Framework<\/u><\/a>.<\/p>\n<p><strong>6.2. Verwendung von Google Analytics<\/strong><\/p>\n<p>Diese Webseite benutzt Google Analytics, einen Webanalysedienst der Google Inc. (folgend: Google). Google Analytics verwendet sog. \u201eCookies\u201c, also Textdateien, die auf Ihrem Computer gespeichert werden und die eine Analyse der Benutzung der Webseite durch Sie erm\u00f6glichen. Die durch das Cookie erzeugten Informationen \u00fcber Ihre Benutzung dieser Webseite werden in der Regel an einen Server von Google in den USA \u00fcbertragen und dort gespeichert. Aufgrund der Aktivierung der IP-Anonymisierung auf diesen Webseiten, wird Ihre IP-Adresse von Google jedoch innerhalb von Mitgliedstaaten der Europ\u00e4ischen Union oder in anderen Vertragsstaaten des Abkommens \u00fcber den Europ\u00e4ischen Wirtschaftsraum zuvor gek\u00fcrzt. Nur in Ausnahmef\u00e4llen wird die volle IP-Adresse an einen Server von Google in den USA \u00fcbertragen und dort gek\u00fcrzt. Im Auftrag des Betreibers dieser Webseite wird Google diese Informationen benutzen, um Ihre Nutzung der Webseite auszuwerten, um Reports \u00fcber die Webseitenaktivit\u00e4ten zusammenzustellen und um weitere mit der Webseitennutzung und der Internetnutzung verbundene Dienstleistungen gegen\u00fcber dem Webseitenbetreiber zu erbringen. Die im Rahmen von Google Analytics von Ihrem Browser \u00fcbermittelte IP-Adresse wird nicht mit anderen Daten von Google zusammengef\u00fchrt.<\/p>\n<p>Sie k\u00f6nnen die Speicherung der Cookies durch eine entsprechende Einstellung Ihrer Browser-Software verhindern; wir weisen Sie jedoch darauf hin, dass Sie in diesem Fall gegebenenfalls nicht s\u00e4mtliche Funktionen dieser Webseite vollumf\u00e4nglich werden nutzen k\u00f6nnen. Sie k\u00f6nnen dar\u00fcber hinaus die Erfassung der durch das Cookie erzeugten und auf Ihre Nutzung der Webseite bezogenen Daten (inkl. Ihrer IP-Adresse) an Google sowie die Verarbeitung dieser Daten durch Google verhindern, indem sie das unter dem folgenden Link verf\u00fcgbare Browser-Plugin herunterladen und installieren:\u00a0<u><a href=\"http:\/\/tools.google.com\/dlpage\/gaoptout?hl=de\">Browser-Add-on zur Deaktivierung von Google Analytics<\/a><\/u>.<\/p>\n<p>Zus\u00e4tzlich oder als Alternative zum Browser-Add-On k\u00f6nnen Sie das Tracking durch Google Analytics auf unseren Seiten unterbinden, indem Sie\u00a0<u><a href=\"#\" data-ua=\"UA-3021355-1\" class=\"gaoptout\">Google Analytics deaktivieren<\/a><\/u>. Dabei wird ein Opt-Out-Cookie auf Ihrem Ger\u00e4t installiert. Damit wird die Erfassung durch Google Analytics f\u00fcr diese Website und f\u00fcr diesen Browser zuk\u00fcnftig verhindert, so lange der Cookie in Ihrem Browser installiert bleibt.<\/p>\n<p>&nbsp;<\/p>\n<h4><strong>7. Widerspruch oder Widerruf gegen die Verarbeitung Ihrer Daten<\/strong><\/h4>\n<p>7.1. Sofern ich Ihre personenbezogenen Daten auf Grundlage von berechtigten Interessen gem\u00e4\u00df Art. 6 Abs. 1 S. 1 lit. f DSGVO verarbeite, k\u00f6nnen Sie gem\u00e4\u00df Art. 21 DS-GVO Widerspruch gegen die Verarbeitung Ihrer personenbezogenen Daten einlegen. In diesem Fall teilen Sie mir bitte die Gr\u00fcnde &#8211; die sich aus Ihrer besonderen Situation ergeben &#8211; mit, aufgrund derer ich Ihre personenbezogenen Daten nicht verarbeiten soll. Nach Pr\u00fcfung Ihres Widerspruchs stelle ich entweder die Datenverarbeitung ein, passe diese an oder f\u00fchre die Verarbeitung fort. In zuletzt genannten Fall lege ich Ihnen meine zwingenden schutzw\u00fcrdigen Gr\u00fcnde dar.<\/p>\n<p>7.2. Der Verarbeitung Ihrer personenbezogenen Daten f\u00fcr Zwecke der Werbung und\/oder Datenanalyse k\u00f6nnen Sie jederzeit ohne Angabe von Gr\u00fcnden widersprechen. Ihr diesbez\u00fcgliches Widerspruchsrecht setze ich um; die Angabe von Gr\u00fcnden ist hierzu nicht erforderlich.<\/p>\n<p>7.3. Falls Sie eine Einwilligung zur Verarbeitung Ihrer Daten erteilt haben, k\u00f6nnen Sie diese jederzeit mit Wirkung f\u00fcr die Zukunft widerrufen.<\/p>\n<p>7.4. Zur Aus\u00fcbung Ihres Widerrufs- oder Widerspruchsrecht richten Sie eine E-Mail an folgende Adresse: HPUlrikeBauer@gmail.com<\/p>\n<p>\u00dcber Ihren Widerspruch oder Widerruf k\u00f6nnen Sie mich auch unter folgenden Kontaktdaten informieren:<\/p>\n<p>Naturheilpraxis<br \/>\nUlrike Bauer<br \/>\n40764 Langenfeld<br \/>\nOstlandstra\u00dfe 20<\/p>\n<p>&nbsp;<\/p>\n<h4><strong>8. Weitere Fragen<\/strong><\/h4>\n<p>Konnte meine Datenschutzerkl\u00e4rung eine Ihrer Fragen nicht beantworten? W\u00fcnschen Sie zu einem Punkt weitere Informationen? Dann lassen Sie mich dies wissen. Ich gebe Ihnen jederzeit gern weitere Auskunft. F\u00fcr alle Anfragen zum Datenschutz wenden Sie sich bitte an folgende E-Mail-Adresse:<\/p>\n<p><a href=\"mailto:HPUlrikeBauer@gmail.com\">HPUlrikeBauer(at)gmail.com<\/a><\/p>\n<p>Diese Datenschutzerkl\u00e4rung hat den Stand Mai 2018.<\/p>\n","protected":false},"excerpt":{"rendered":"<p>Datenschutzerkl\u00e4rung (Stand 28.03.2018) Ich freue mich \u00fcber Ihren Besuch auf meiner Internetpr\u00e4senz. Ich nehme den Schutz Ihrer pers\u00f6nlichen Daten ernst und halten mich an die Regeln der gesetzlichen Vorgaben, insbesondere der Datenschutzgesetze. Die in dieser Erkl\u00e4rung verwendeten Begrifflichkeiten sind geschlechtsneutral zu verstehen und umfassen jeweils die weibliche und m\u00e4nnliche Form. 1. Information \u00fcber die Erhebung [&hellip;]<\/p>\n","protected":false},"author":4,"featured_media":0,"parent":0,"menu_order":81,"comment_status":"closed","ping_status":"closed","template":"","meta":{"footnotes":""},"_links":{"self":[{"href":"https:\/\/naturheilpraxis-langenfeld.de\/wpl\/wp-json\/wp\/v2\/pages\/409"}],"collection":[{"href":"https:\/\/naturheilpraxis-langenfeld.de\/wpl\/wp-json\/wp\/v2\/pages"}],"about":[{"href":"https:\/\/naturheilpraxis-langenfeld.de\/wpl\/wp-json\/wp\/v2\/types\/page"}],"author":[{"embeddable":true,"href":"https:\/\/naturheilpraxis-langenfeld.de\/wpl\/wp-json\/wp\/v2\/users\/4"}],"replies":[{"embeddable":true,"href":"https:\/\/naturheilpraxis-langenfeld.de\/wpl\/wp-json\/wp\/v2\/comments?post=409"}],"version-history":[{"count":8,"href":"https:\/\/naturheilpraxis-langenfeld.de\/wpl\/wp-json\/wp\/v2\/pages\/409\/revisions"}],"predecessor-version":[{"id":952,"href":"https:\/\/naturheilpraxis-langenfeld.de\/wpl\/wp-json\/wp\/v2\/pages\/409\/revisions\/952"}],"wp:attachment":[{"href":"https:\/\/naturheilpraxis-langenfeld.de\/wpl\/wp-json\/wp\/v2\/media?parent=409"}],"curies":[{"name":"wp","href":"https:\/\/api.w.org\/{rel}","templated":true}]}}