{"id":38,"date":"2013-07-29T15:00:05","date_gmt":"2013-07-29T13:00:05","guid":{"rendered":"http:\/\/riks.org\/wp\/?page_id=38"},"modified":"2013-07-29T15:00:05","modified_gmt":"2013-07-29T13:00:05","slug":"eav-elektroakupunktur-nach-voll","status":"publish","type":"page","link":"https:\/\/naturheilpraxis-langenfeld.de\/wpl\/diagnoseverfahren\/eav-elektroakupunktur-nach-voll\/","title":{"rendered":"EAV Elektroakupunktur nach Voll"},"content":{"rendered":"<p>Die Elektroakupunktur nach Voll (EAV) ist eine schmerz- und nebenwirkungsfreie Diagnose-und Therapiemethode. Die EAV baut auf die Erkenntnisse und Wirkungsweisen der klassischen chinesischen Akupunktur und Bioenergetik auf.<br \/>\nSie hat diese weiterentwickelt und mit medizinisch-naturwissenschaftlichen Methoden kombiniert. Die Methode misst die schwache physiologische Spannung an der Hautoberfl\u00e4che, wie sie auch f\u00fcr EKG- oder EEG-Messungen abgeleitet wird.<br \/>\nDer Patient h\u00e4lt w\u00e4hrend der Diagnose eine zylindrische Metallelektrode von ca. 2 cm Durchmesser in der Hand, w\u00e4hrend mit einer zweiten griffelf\u00f6rmigen Elektrode kurz ein leichter Druck auf einzelne Akupunkturpunkte ausge\u00fcbt wird, von denen bekannt ist, dass sie mit bestimmten Organen und deren Funktion in Zusammenhang stehen . Anhand der festgestellten Werte k\u00f6nnen R\u00fcckschl\u00fcsse auf die Funktionsweise und m\u00f6gliche Ursachen von St\u00f6rungen eines Organs gezogen werden.<br \/>\nEbenso kann ausgetestet werden, welches Heilmittel zu dem der Patienten passt.<\/p>\n<p>Zusammenfassend l\u00e4\u00dft sich sagen, da\u00df die EAV punktgenaue Diagnosen liefert, ohne den menschlichen Organismus in irgendeiner Weise zu beeintr\u00e4chtigen.<br \/>\nSie erm\u00f6glicht es, Ursachen zu bek\u00e4mpfen, statt lediglich Symptome zu lindern.<\/p>\n<p>Die EAV eignet sich besonders zur Diagnose der Ursachen von:<\/p>\n<ul>\n<li>Chronischen Erkrankungen<\/li>\n<li>Entz\u00fcndungsherden<\/li>\n<li>Allergien und ihren Ausl\u00f6sern<\/li>\n<li>Werkstoffunvertr\u00e4glichkeiten (Prothesen, o.\u00e4.)<\/li>\n<li>Giftdepots im K\u00f6rper<\/li>\n<li>St\u00f6rungen des Immunsystems<\/li>\n<li>Medikamentenunvertr\u00e4glichkeiten<\/li>\n<\/ul>\n","protected":false},"excerpt":{"rendered":"<p>Die Elektroakupunktur nach Voll (EAV) ist eine schmerz- und nebenwirkungsfreie Diagnose-und Therapiemethode. Die EAV baut auf die Erkenntnisse und Wirkungsweisen der klassischen chinesischen Akupunktur und Bioenergetik auf. Sie hat diese weiterentwickelt und mit medizinisch-naturwissenschaftlichen Methoden kombiniert. Die Methode misst die schwache physiologische Spannung an der Hautoberfl\u00e4che, wie sie auch f\u00fcr EKG- oder EEG-Messungen abgeleitet wird. [&hellip;]<\/p>\n","protected":false},"author":1,"featured_media":0,"parent":5,"menu_order":40,"comment_status":"closed","ping_status":"closed","template":"","meta":{"footnotes":""},"_links":{"self":[{"href":"https:\/\/naturheilpraxis-langenfeld.de\/wpl\/wp-json\/wp\/v2\/pages\/38"}],"collection":[{"href":"https:\/\/naturheilpraxis-langenfeld.de\/wpl\/wp-json\/wp\/v2\/pages"}],"about":[{"href":"https:\/\/naturheilpraxis-langenfeld.de\/wpl\/wp-json\/wp\/v2\/types\/page"}],"author":[{"embeddable":true,"href":"https:\/\/naturheilpraxis-langenfeld.de\/wpl\/wp-json\/wp\/v2\/users\/1"}],"replies":[{"embeddable":true,"href":"https:\/\/naturheilpraxis-langenfeld.de\/wpl\/wp-json\/wp\/v2\/comments?post=38"}],"version-history":[{"count":0,"href":"https:\/\/naturheilpraxis-langenfeld.de\/wpl\/wp-json\/wp\/v2\/pages\/38\/revisions"}],"up":[{"embeddable":true,"href":"https:\/\/naturheilpraxis-langenfeld.de\/wpl\/wp-json\/wp\/v2\/pages\/5"}],"wp:attachment":[{"href":"https:\/\/naturheilpraxis-langenfeld.de\/wpl\/wp-json\/wp\/v2\/media?parent=38"}],"curies":[{"name":"wp","href":"https:\/\/api.w.org\/{rel}","templated":true}]}}