{"id":280,"date":"2016-01-24T22:09:21","date_gmt":"2016-01-24T20:09:21","guid":{"rendered":"http:\/\/naturheilpraxis-langenfeld.de\/wpl\/?page_id=280"},"modified":"2019-03-28T23:28:51","modified_gmt":"2019-03-28T21:28:51","slug":"therapienglobal-diagnostik","status":"publish","type":"page","link":"https:\/\/naturheilpraxis-langenfeld.de\/wpl\/therapien\/therapienglobal-diagnostik\/","title":{"rendered":"Global Diagnostik"},"content":{"rendered":"<div class=\"csc-textpic-text\">\n<p class=\"bodytext\"><b>Global Diagnostics<\/b> ist ein <b>rein physikalisches Messverfahren<\/b>.<\/p>\n<p class=\"bodytext\">Global Diagnostics unterst\u00fctzt den Therapeuten darin, den energetischen Zustand des Patienten zu erfassen. Die Messung mit Global Diagnostics ist technisch au\u00dferordentlich <b>pr\u00e4zise und zuverl\u00e4ssig<\/b>. \u00dcber Elektroden werden mehr als 100 Millionen Einzelmessungen am Patienten erfasst. Zu Beginn jeder Messung f\u00fchrt das Global Diagnostics Ger\u00e4t automatisch eine Elektro-Smog-Messung durch. So sollen \u00e4u\u00dfere St\u00f6reinfl\u00fcsse ausgeschlossen und die Qualit\u00e4t der Messergebnisse gesichert werden.<\/p>\n<p class=\"bodytext\">Jede Messung wird einem von 540 verschiedenen Messobjekten des K\u00f6rpers zugeordnet. Die Messergebnisse, die sich auf Systeme, Funktionen, Organe usw. beziehen, werden <b>sofort bildlich auf dem Computer dargestellt<\/b>. Aus diesen Daten von Global Diagnostics gewinnt der geschulte Therapeut wertvolle diagnostische Hinweise. Im Idealfall k\u00f6nnen energetische Beeintr\u00e4chtigungen bereits erkannt werden, bevor k\u00f6rperliche bzw. organische St\u00f6rungen entstanden sind. So unterst\u00fctzt uns Global Diagnostics bei der Diagnose, Vorbeugung und Therapie.<\/p>\n<\/div>\n","protected":false},"excerpt":{"rendered":"<p>Global Diagnostics ist ein rein physikalisches Messverfahren. Global Diagnostics unterst\u00fctzt den Therapeuten darin, den energetischen Zustand des Patienten zu erfassen. Die Messung mit Global Diagnostics ist technisch au\u00dferordentlich pr\u00e4zise und zuverl\u00e4ssig. \u00dcber Elektroden werden mehr als 100 Millionen Einzelmessungen am Patienten erfasst. Zu Beginn jeder Messung f\u00fchrt das Global Diagnostics Ger\u00e4t automatisch eine Elektro-Smog-Messung durch. [&hellip;]<\/p>\n","protected":false},"author":2,"featured_media":0,"parent":20,"menu_order":1,"comment_status":"closed","ping_status":"closed","template":"","meta":{"footnotes":""},"_links":{"self":[{"href":"https:\/\/naturheilpraxis-langenfeld.de\/wpl\/wp-json\/wp\/v2\/pages\/280"}],"collection":[{"href":"https:\/\/naturheilpraxis-langenfeld.de\/wpl\/wp-json\/wp\/v2\/pages"}],"about":[{"href":"https:\/\/naturheilpraxis-langenfeld.de\/wpl\/wp-json\/wp\/v2\/types\/page"}],"author":[{"embeddable":true,"href":"https:\/\/naturheilpraxis-langenfeld.de\/wpl\/wp-json\/wp\/v2\/users\/2"}],"replies":[{"embeddable":true,"href":"https:\/\/naturheilpraxis-langenfeld.de\/wpl\/wp-json\/wp\/v2\/comments?post=280"}],"version-history":[{"count":3,"href":"https:\/\/naturheilpraxis-langenfeld.de\/wpl\/wp-json\/wp\/v2\/pages\/280\/revisions"}],"predecessor-version":[{"id":972,"href":"https:\/\/naturheilpraxis-langenfeld.de\/wpl\/wp-json\/wp\/v2\/pages\/280\/revisions\/972"}],"up":[{"embeddable":true,"href":"https:\/\/naturheilpraxis-langenfeld.de\/wpl\/wp-json\/wp\/v2\/pages\/20"}],"wp:attachment":[{"href":"https:\/\/naturheilpraxis-langenfeld.de\/wpl\/wp-json\/wp\/v2\/media?parent=280"}],"curies":[{"name":"wp","href":"https:\/\/api.w.org\/{rel}","templated":true}]}}