{"id":218,"date":"2013-07-29T18:32:30","date_gmt":"2013-07-29T16:32:30","guid":{"rendered":"http:\/\/riks.org\/wp\/?page_id=218"},"modified":"2018-05-13T15:51:47","modified_gmt":"2018-05-13T13:51:47","slug":"impressum","status":"publish","type":"page","link":"https:\/\/naturheilpraxis-langenfeld.de\/wpl\/impressum\/","title":{"rendered":"Impressum"},"content":{"rendered":"<p>Ulrike Bauer<br \/>\nHeilpraktikerin<br \/>\nOstlandstra\u00dfe 20<br \/>\n40764 Langenfeld<\/p>\n<p>Telefon: +49 2173 409 700<br \/>\nE-Mail: <a href=\"mailto:HpUlrikeBauer@gmail.com\">HpUlrikeBauer(at)gmail.com<\/a><\/p>\n<p>Verantwortlich f\u00fcr die Homepage: Ulrike Bauer<\/p>\n<p>Gesetzliche Berufsbezeichnung: Heilpraktikerin (verliehen in der Bundesrepublik Deutschland)<br \/>\nBerufsordnung: Nachzulesen im Internet unter <a href=\"https:\/\/www.bdh-online.de\/heilpraktiker\/praxismanagement\/gesetze\/berufsordnung\/\" target=\"_blank\" rel=\"noopener\">https:\/\/www.bdh-online.de\/&#8230;<\/a><\/p>\n<p>Zust\u00e4ndige Aufsichtsbeh\u00f6rde: Gesundheitsamt Mettmann<br \/>\nTag der amts\u00e4rztlichen \u00dcberpr\u00fcfung: 22.02.2000<br \/>\nBeh\u00f6rdliche Zulassung durch Gesundheitsamt in: Mettmann<\/p>\n<p>Berufsverbandsmitgliedschaft in: Freier Heilpraktiker e.V. D\u00fcsseldorf\u00a0(<a href=\"http:\/\/www.freieheilpraktiker.com\" target=\"_blank\" rel=\"noopener\">www.freieheilpraktiker.com<\/a>)<br \/>\nMitgliedsnummer Berufsverband: 8954<\/p>\n<p>Register: entf\u00e4llt<br \/>\nKammerzugeh\u00f6rigkeit: entf\u00e4llt<\/p>\n<p>Berufsangaben:<br \/>\nberufliche Regelungen: die T\u00e4tigkeit als Heilpraktiker basiert auf:<\/p>\n<ul>\n<li>dem Heilpraktikergesetz<\/li>\n<li>der 1. Durchf\u00fchrungsverordnung f\u00fcr Heilpraktiker<\/li>\n<li>Berufsordnung f\u00fcr Heilpraktiker<\/li>\n<\/ul>\n<p>\u00fcber die berufsrechtlichen Regelungen informieren:<\/p>\n<ul>\n<li>das zust\u00e4ndige Gesundheitsamt<\/li>\n<li>Verband: Freie Heilpraktiker e.V.<\/li>\n<\/ul>\n<p>&nbsp;<\/p>\n<h2>Haftung:<\/h2>\n<h3>F\u00fcr Links<\/h3>\n<p>In der deutschen Rechtsprechung wird die Auffassung vertreten, dass der Betreiber einer Homepage sich durch die Verlinkung auf fremde Internetseiten die dortigen Inhalte zu eigen macht und unter bestimmten Umst\u00e4nden zum Schadensersatz verpflichtet werden kann (Landgericht Hamburg, &#8222;Haftung f\u00fcr Links&#8220;, Urteil vom 12. Mai 1998, 312 O 85\/98). Durch die ausdr\u00fcckliche Distanzierung von diesen Inhalten, kann dies jedoch verhindert werden.<\/p>\n<p>Deshalb erkl\u00e4ren wir &#8211; die Betreiber dieser Homepage, dass wir uns ausdr\u00fccklich von allen Inhalten aller gelinkten Seiten auf dieser Homepage distanzieren und uns deren Inhalte auch nicht zu eigen machen. Diese Erkl\u00e4rung gilt f\u00fcr alle Links auf fremde Internetseiten auf dieser Homepage. Ferner erkl\u00e4ren wir, dass wir zum Zeitpunkt der Linksetzung auf die fremden Internetseiten keine gesetzeswidrigen Inhalte vorgefunden haben. Sollte unterdessen eine &#8211; von dieser Homepage aus gelinkten Internetseite &#8211; gesetzeswidrige oder rechtsverletzende Inhalte verbreiten, so haben wir zu diesem Zeitpunkt keinerlei Kenntnis davon. Wir werden sofort nach Erlangung der Kenntnis dar\u00fcber, dass eine von dieser Homepage aus verlinkten Internetseite gesetzeswidrige oder rechtsverletzende Inhalte verbreitet, die Verlinkung auf diese Internetseite von unserer Homepage entfernen.<\/p>\n<h3>Haftungsausschluss<\/h3>\n<p>Die Inhalte dieser Website wurden sorgf\u00e4ltig gepr\u00fcft und nach bestem Wissen erstellt. Aber f\u00fcr die hier dargebotenen Informationen wird kein Anspruch auf Vollst\u00e4ndigkeit, Aktualit\u00e4t, Qualit\u00e4t und Richtigkeit erhoben. Es kann keine Verantwortung f\u00fcr Sch\u00e4den \u00fcbernommen werden, die durch das Vertrauen auf die Inhalte dieser Website oder deren Gebrauch entstehen. Irrt\u00fcmer und \u00c4nderungen sind vorbehalten. Verl\u00e4sst sich ein Anwender auf diese Informationen, so geschieht dies auf eigenes Risiko.<\/p>\n<p>Die Kommunikation \u00fcber das Kontaktformular oder per E-Mail erfolgt in der Regel unverschl\u00fcsselt und kann unter Umst\u00e4nden von unberechtigten Dritten (Hacker) eingesehen werden. Dies nimmt der Anwender in Kauf und ber\u00fccksichtigt es bei der Angabe vertraulicher Informationen. Wir \u00fcbernehmen keinerlei Verantwortung oder Haftung f\u00fcr Sch\u00e4den jeder Form als Folge der Verwendung dieser Seiten. Ebenfalls erfolgt das Herunterladen von Daten jeder Art auf eigene Gefahr. Datenschutz: Personenbezogene Daten werden nur mit Ihrem Wissen und Ihrer Einwilligung erhoben und niemals ohne Ihre Einwilligung an Dritte weitergegeben. Bitte nehmen Sie zur Kenntnis: Die zeitaufw\u00e4ndigere Einschaltung eines Anwaltes zur kostenpflichtigen Abmahnung entspricht nicht unserem wirklichen oder mutma\u00dflichen Willen.<\/p>\n<h3>Besonderer Hinweis Zum HWG (Heilmittelwerbegesetz)<\/h3>\n<p>Aus rechtlichen Gr\u00fcnden weisen wir besonders darauf hin, das bei keiner der aufgef\u00fchrten Therapien der Eindruck erweckt wird , das hier ein Heilungsversprechen unsererseits zugrunde liegt, bzw. Linderung oder Verbesserung einer Erkrankung garantiert oder versprochen wird.<\/p>\n<h3>Hinweis f\u00fcr Abmahnungsversuche<\/h3>\n<p>Keine Abmahnung ohne vorherigen Kontakt! Sollte der Inhalt oder die Aufmachung dieser Seiten fremde Rechte Dritter oder gesetzliche Bestimmungen verletzen, so bitten wir um eine entsprechende Nachricht ohne Kostennote. Die Beseitigung einer m\u00f6glicherweise von diesen Seiten ausgehenden Schutzrecht-Verletzung durch Schutzrecht-Inhaber\/innen selbst darf nicht ohne unsere Zustimmung stattfinden.<\/p>\n<p>Wir garantieren, dass die zu Recht beanstandeten Passagen unverz\u00fcglich entfernt werden, ohne dass von Ihrer Seite die Einschaltung eines Rechtsbeistandes erforderlich ist. Dennoch von Ihnen ohne vorherige Kontaktaufnahme ausgel\u00f6ste Kosten werden wir g\u00e4nzlich zur\u00fcckweisen und gegebenenfalls Gegenklage wegen Verletzung vorgenannter Bestimmungen einreichen. Vielen Dank f\u00fcr Ihr Verst\u00e4ndnis.<\/p>\n<h3>Copyright<\/h3>\n<p>Urheberschutz und Nutzung: Sie d\u00fcrfen sich eine private Kopie f\u00fcr pers\u00f6nliche Zwecke anfertigen. Nicht berechtigt sind Sie dagegen, die Materialien zu ver\u00e4ndern und &#8211; oder weiter zu geben oder gar selbst zu ver\u00f6ffentlichen. Wenn nicht anders vermerkt, liegen die Urheberrechte f\u00fcr Texte bei Ulrike Bauer.<\/p>\n","protected":false},"excerpt":{"rendered":"<p>Ulrike Bauer Heilpraktikerin Ostlandstra\u00dfe 20 40764 Langenfeld Telefon: +49 2173 409 700 E-Mail: HpUlrikeBauer(at)gmail.com Verantwortlich f\u00fcr die Homepage: Ulrike Bauer Gesetzliche Berufsbezeichnung: Heilpraktikerin (verliehen in der Bundesrepublik Deutschland) Berufsordnung: Nachzulesen im Internet unter https:\/\/www.bdh-online.de\/&#8230; Zust\u00e4ndige Aufsichtsbeh\u00f6rde: Gesundheitsamt Mettmann Tag der amts\u00e4rztlichen \u00dcberpr\u00fcfung: 22.02.2000 Beh\u00f6rdliche Zulassung durch Gesundheitsamt in: Mettmann Berufsverbandsmitgliedschaft in: Freier Heilpraktiker e.V. D\u00fcsseldorf\u00a0(www.freieheilpraktiker.com) [&hellip;]<\/p>\n","protected":false},"author":1,"featured_media":0,"parent":0,"menu_order":80,"comment_status":"closed","ping_status":"closed","template":"","meta":{"footnotes":""},"_links":{"self":[{"href":"https:\/\/naturheilpraxis-langenfeld.de\/wpl\/wp-json\/wp\/v2\/pages\/218"}],"collection":[{"href":"https:\/\/naturheilpraxis-langenfeld.de\/wpl\/wp-json\/wp\/v2\/pages"}],"about":[{"href":"https:\/\/naturheilpraxis-langenfeld.de\/wpl\/wp-json\/wp\/v2\/types\/page"}],"author":[{"embeddable":true,"href":"https:\/\/naturheilpraxis-langenfeld.de\/wpl\/wp-json\/wp\/v2\/users\/1"}],"replies":[{"embeddable":true,"href":"https:\/\/naturheilpraxis-langenfeld.de\/wpl\/wp-json\/wp\/v2\/comments?post=218"}],"version-history":[{"count":12,"href":"https:\/\/naturheilpraxis-langenfeld.de\/wpl\/wp-json\/wp\/v2\/pages\/218\/revisions"}],"predecessor-version":[{"id":723,"href":"https:\/\/naturheilpraxis-langenfeld.de\/wpl\/wp-json\/wp\/v2\/pages\/218\/revisions\/723"}],"wp:attachment":[{"href":"https:\/\/naturheilpraxis-langenfeld.de\/wpl\/wp-json\/wp\/v2\/media?parent=218"}],"curies":[{"name":"wp","href":"https:\/\/api.w.org\/{rel}","templated":true}]}}