{"id":212,"date":"2013-07-29T18:24:40","date_gmt":"2013-07-29T16:24:40","guid":{"rendered":"http:\/\/riks.org\/wp\/?page_id=212"},"modified":"2019-03-28T22:03:15","modified_gmt":"2019-03-28T20:03:15","slug":"asthetische-kosmetik","status":"publish","type":"page","link":"https:\/\/naturheilpraxis-langenfeld.de\/wpl\/medizinische-kosmetik\/asthetische-kosmetik\/","title":{"rendered":"\u00c4sthetische Kosmetik"},"content":{"rendered":"\n<p><a href=\"https:\/\/naturheilpraxis-langenfeld.de\/wpl\/wp-admin\/edit.php?post_type=page\">Alle Seiten<\/a><\/p>\n\n\n<p>Entfernung von Altersflecken, Blutschw\u00e4mmchen, Besenreiser und Couperose mit der T-AWAY Hochvolt-Behandlung.<\/p>\n<p>Insbesondere f\u00fcr \u00e4u\u00dferlich sichtbare und damit st\u00f6rende \u00c4derchen, wie sie bei<\/p>\n<ul>\n<li>Couperose<\/li>\n<li>Besenreiser oder<\/li>\n<li>Spider Naevi<\/li>\n<\/ul>\n<p>auftreten, gibt es eine neu entwickelte Methode zur schonenden und gezielten Beseitigung der Gef\u00e4\u00dferscheinungen an Gesicht und K\u00f6rper.<\/p>\n<p>Abgestimmt auf die individuelle Charakteristik des Problemfelds und Ihres Gewebes wird das betroffene Gef\u00e4\u00df mittels eines speziellen USHF-Impulses gezielt verschlossen. Die einzelnen Behandlungen sind im Vergleich zu herk\u00f6mmlichen Methoden sehr schonend und schmerzarm. Und auch die Gefahr der Narbenbildungen oder Pigmentst\u00f6rungen ist nahezu ausgeschlossen. \u00dcberzeugende Ergebnisse sind dabei in der Regel schon nach der ersten Behandlung sichtbar und innerhalb weniger Sitzungen verhilft ihnen diese Methode, sich langfristig von durchscheinenden \u00c4derchen an Gesicht und K\u00f6rper zu befreien.<\/p>\n<p>Sicheres und gezieltes Abtragen von:<\/p>\n<ul>\n<li>Pigmentflecken<\/li>\n<li>Altersflecken<\/li>\n<li>Warzen<\/li>\n<li>Fibromen<\/li>\n<\/ul>\n<p>\u00a0<\/p>","protected":false},"excerpt":{"rendered":"<p>Alle Seiten Entfernung von Altersflecken, Blutschw\u00e4mmchen, Besenreiser und Couperose mit der T-AWAY Hochvolt-Behandlung. Insbesondere f\u00fcr \u00e4u\u00dferlich sichtbare und damit st\u00f6rende \u00c4derchen, wie sie bei Couperose Besenreiser oder Spider Naevi auftreten, gibt es eine neu entwickelte Methode zur schonenden und gezielten Beseitigung der Gef\u00e4\u00dferscheinungen an Gesicht und K\u00f6rper. Abgestimmt auf die individuelle Charakteristik des Problemfelds und [&hellip;]<\/p>\n","protected":false},"author":1,"featured_media":0,"parent":198,"menu_order":40,"comment_status":"closed","ping_status":"closed","template":"","meta":{"footnotes":""},"_links":{"self":[{"href":"https:\/\/naturheilpraxis-langenfeld.de\/wpl\/wp-json\/wp\/v2\/pages\/212"}],"collection":[{"href":"https:\/\/naturheilpraxis-langenfeld.de\/wpl\/wp-json\/wp\/v2\/pages"}],"about":[{"href":"https:\/\/naturheilpraxis-langenfeld.de\/wpl\/wp-json\/wp\/v2\/types\/page"}],"author":[{"embeddable":true,"href":"https:\/\/naturheilpraxis-langenfeld.de\/wpl\/wp-json\/wp\/v2\/users\/1"}],"replies":[{"embeddable":true,"href":"https:\/\/naturheilpraxis-langenfeld.de\/wpl\/wp-json\/wp\/v2\/comments?post=212"}],"version-history":[{"count":1,"href":"https:\/\/naturheilpraxis-langenfeld.de\/wpl\/wp-json\/wp\/v2\/pages\/212\/revisions"}],"predecessor-version":[{"id":976,"href":"https:\/\/naturheilpraxis-langenfeld.de\/wpl\/wp-json\/wp\/v2\/pages\/212\/revisions\/976"}],"up":[{"embeddable":true,"href":"https:\/\/naturheilpraxis-langenfeld.de\/wpl\/wp-json\/wp\/v2\/pages\/198"}],"wp:attachment":[{"href":"https:\/\/naturheilpraxis-langenfeld.de\/wpl\/wp-json\/wp\/v2\/media?parent=212"}],"curies":[{"name":"wp","href":"https:\/\/api.w.org\/{rel}","templated":true}]}}