{"id":208,"date":"2013-07-29T18:21:29","date_gmt":"2013-07-29T16:21:29","guid":{"rendered":"http:\/\/riks.org\/wp\/?page_id=208"},"modified":"2013-07-29T18:21:29","modified_gmt":"2013-07-29T16:21:29","slug":"biolifting","status":"publish","type":"page","link":"https:\/\/naturheilpraxis-langenfeld.de\/wpl\/medizinische-kosmetik\/biolifting\/","title":{"rendered":"Biolifting"},"content":{"rendered":"<p>Biolifting oder Faltenbehandlung ohne Skalpell<\/p>\n<p>Eine hochwirksame Berj\u00fcngungsmethode durch Faltenunterspritzung mit biologisch aktiven Substanzen. Diese Produkte werden mit feinsten Nadeln an bestimmte Akupunkturpunkte und in die Falten gespritzt.<\/p>\n<p>Ziel ist die Wiederherstellung der Hautelastizit\u00e4t ohne Gifte und Implataten durch<\/p>\n<ul>\n<li>Zellaktivierung und Aufbau der k\u00f6rpereigenen Kollagene<\/li>\n<li>Durchblutungsf\u00f6rderung<\/li>\n<li>Hautstraffung<\/li>\n<\/ul>\n<p>Auch Narben werden durch die Behandlung g\u00fcnstig beeinflusst.<\/p>\n<p>Eine Therapieserie besteht aus ca. 10 Behandlungen in Intervallen von ca. 2 bis 4 Tagen.<\/p>\n","protected":false},"excerpt":{"rendered":"<p>Biolifting oder Faltenbehandlung ohne Skalpell Eine hochwirksame Berj\u00fcngungsmethode durch Faltenunterspritzung mit biologisch aktiven Substanzen. Diese Produkte werden mit feinsten Nadeln an bestimmte Akupunkturpunkte und in die Falten gespritzt. Ziel ist die Wiederherstellung der Hautelastizit\u00e4t ohne Gifte und Implataten durch Zellaktivierung und Aufbau der k\u00f6rpereigenen Kollagene Durchblutungsf\u00f6rderung Hautstraffung Auch Narben werden durch die Behandlung g\u00fcnstig beeinflusst. [&hellip;]<\/p>\n","protected":false},"author":1,"featured_media":0,"parent":198,"menu_order":20,"comment_status":"closed","ping_status":"closed","template":"","meta":{"footnotes":""},"_links":{"self":[{"href":"https:\/\/naturheilpraxis-langenfeld.de\/wpl\/wp-json\/wp\/v2\/pages\/208"}],"collection":[{"href":"https:\/\/naturheilpraxis-langenfeld.de\/wpl\/wp-json\/wp\/v2\/pages"}],"about":[{"href":"https:\/\/naturheilpraxis-langenfeld.de\/wpl\/wp-json\/wp\/v2\/types\/page"}],"author":[{"embeddable":true,"href":"https:\/\/naturheilpraxis-langenfeld.de\/wpl\/wp-json\/wp\/v2\/users\/1"}],"replies":[{"embeddable":true,"href":"https:\/\/naturheilpraxis-langenfeld.de\/wpl\/wp-json\/wp\/v2\/comments?post=208"}],"version-history":[{"count":0,"href":"https:\/\/naturheilpraxis-langenfeld.de\/wpl\/wp-json\/wp\/v2\/pages\/208\/revisions"}],"up":[{"embeddable":true,"href":"https:\/\/naturheilpraxis-langenfeld.de\/wpl\/wp-json\/wp\/v2\/pages\/198"}],"wp:attachment":[{"href":"https:\/\/naturheilpraxis-langenfeld.de\/wpl\/wp-json\/wp\/v2\/media?parent=208"}],"curies":[{"name":"wp","href":"https:\/\/api.w.org\/{rel}","templated":true}]}}