{"id":20,"date":"2013-07-29T11:44:54","date_gmt":"2013-07-29T09:44:54","guid":{"rendered":"http:\/\/riks.org\/wp\/?page_id=20"},"modified":"2023-04-04T14:20:53","modified_gmt":"2023-04-04T12:20:53","slug":"therapien","status":"publish","type":"page","link":"https:\/\/naturheilpraxis-langenfeld.de\/wpl\/therapien\/","title":{"rendered":"Therapien"},"content":{"rendered":"<p>Hier stelle ich die einzelnen Therapien vor.<br \/>\nN\u00e4here Informationen erhalten Sie durch anklicken des jeweiligen Sachbereiches<\/p>\n<p><em>Aus rechtlichen Gr\u00fcnden muss ich darauf hinweisen, dass die Wirksamkeit der aufgef\u00fchrten naturheilkundlichen Verfahren grunds\u00e4tzlich nicht wissenschaftlich\/schulmedizinisch bewiesen ist.<\/em><\/p>\n","protected":false},"excerpt":{"rendered":"<p>Hier stelle ich die einzelnen Therapien vor. N\u00e4here Informationen erhalten Sie durch anklicken des jeweiligen Sachbereiches Aus rechtlichen Gr\u00fcnden muss ich darauf hinweisen, dass die Wirksamkeit der aufgef\u00fchrten naturheilkundlichen Verfahren grunds\u00e4tzlich nicht wissenschaftlich\/schulmedizinisch bewiesen ist.<\/p>\n","protected":false},"author":1,"featured_media":0,"parent":0,"menu_order":40,"comment_status":"closed","ping_status":"closed","template":"","meta":{"footnotes":""},"_links":{"self":[{"href":"https:\/\/naturheilpraxis-langenfeld.de\/wpl\/wp-json\/wp\/v2\/pages\/20"}],"collection":[{"href":"https:\/\/naturheilpraxis-langenfeld.de\/wpl\/wp-json\/wp\/v2\/pages"}],"about":[{"href":"https:\/\/naturheilpraxis-langenfeld.de\/wpl\/wp-json\/wp\/v2\/types\/page"}],"author":[{"embeddable":true,"href":"https:\/\/naturheilpraxis-langenfeld.de\/wpl\/wp-json\/wp\/v2\/users\/1"}],"replies":[{"embeddable":true,"href":"https:\/\/naturheilpraxis-langenfeld.de\/wpl\/wp-json\/wp\/v2\/comments?post=20"}],"version-history":[{"count":3,"href":"https:\/\/naturheilpraxis-langenfeld.de\/wpl\/wp-json\/wp\/v2\/pages\/20\/revisions"}],"predecessor-version":[{"id":1041,"href":"https:\/\/naturheilpraxis-langenfeld.de\/wpl\/wp-json\/wp\/v2\/pages\/20\/revisions\/1041"}],"wp:attachment":[{"href":"https:\/\/naturheilpraxis-langenfeld.de\/wpl\/wp-json\/wp\/v2\/media?parent=20"}],"curies":[{"name":"wp","href":"https:\/\/api.w.org\/{rel}","templated":true}]}}