{"id":196,"date":"2013-07-29T18:09:08","date_gmt":"2013-07-29T16:09:08","guid":{"rendered":"http:\/\/riks.org\/wp\/?page_id=196"},"modified":"2013-07-29T18:09:08","modified_gmt":"2013-07-29T16:09:08","slug":"ohrkerzenbehandlung","status":"publish","type":"page","link":"https:\/\/naturheilpraxis-langenfeld.de\/wpl\/therapien\/spezielles\/ohrkerzenbehandlung\/","title":{"rendered":"Ohrkerzenbehandlung"},"content":{"rendered":"<p>Die Ohrkerze ist ein altes Naturheilmittel verschiedenster Kulturen. Auch heute noch werden die Ohrkerzen nach \u00fcberlieferten Rezepturen in Handarbeit hergestellt. Ausgew\u00e4hlte Hersteller garantieren hohe Qualit\u00e4t und beste, unbelastete Rohstoffe<\/p>\n<h2>Das Wirkungsprinzip<\/h2>\n<p>Ohrkerzen wirken rein physikalisch. Die Reizwirkung entsteht beim Abbrennen der Kerzen durch W\u00e4rme und einem leichten Unterdruck (Kamineffekt), der auf das Trommelfell wirkt und die Ohrkn\u00f6chelchen massiert. Durchblutung, Abwehrkraft und Lymphe werden angeregt.<\/p>\n<p>Im Ohr-Stirn und Nebenh\u00f6hlenbereich wird ein Druckausgleich erreicht. Der Abtransport von Schlackestoffen und Ablagerungen wird unterst\u00fctzt, die Kopflastigkeit abgebaut und ausgeglichen &#8211; man hat wieder einen &#8222;klaren Kopf&#8220;.<\/p>\n<p>Spontan kann es zu einer Geh\u00f6rverbesserung, einer freien Nasenatmung und einem verbesserten Geruchsempfinden kommen.<\/p>\n<p>Die Behandlung erfolgt immer beidseitig, um eine St\u00f6rung des Gleichgewichtsorgans zu verhindern. Vorangehend erfolgt eine kurze Ohrmassage. Die Auswahl der Ohrkerzen erfolgt nach Indikation.<\/p>\n<p>Anwendungsbeispiele:<\/p>\n<ul>\n<li>Allgemeine Ohrhygiene und Prophylaxe<\/li>\n<li>akute und chronische Kopfschmerzen<\/li>\n<li>Erk\u00e4ltungskrankheiten und deren Folgen<\/li>\n<li>Bronchitis, Asthma bronch.<\/li>\n<li>Ohrsausen und altersbedingte H\u00f6rger\u00e4usche<\/li>\n<li>durch Kompression bedingter Ohrdruck( Tauchen, Fliegen, Schall)<\/li>\n<li>bei nicht pathologisch bedingter H\u00f6rschw\u00e4che<\/li>\n<li>Entspannung bei Stress, Nervosit\u00e4t, Schlafst\u00f6rung etc.<\/li>\n<\/ul>\n<p>Kontraindiziert bei:<\/p>\n<ul>\n<li>perforiertem Trommelfell<\/li>\n<li>Pilzerkrankung und Wunden im \u00e4u\u00dferen Geh\u00f6rgang<\/li>\n<li>hochentz\u00fcndliche und eitrige Infektionen im Ohr- und Rachenbereich<\/li>\n<\/ul>\n","protected":false},"excerpt":{"rendered":"<p>Die Ohrkerze ist ein altes Naturheilmittel verschiedenster Kulturen. Auch heute noch werden die Ohrkerzen nach \u00fcberlieferten Rezepturen in Handarbeit hergestellt. Ausgew\u00e4hlte Hersteller garantieren hohe Qualit\u00e4t und beste, unbelastete Rohstoffe Das Wirkungsprinzip Ohrkerzen wirken rein physikalisch. Die Reizwirkung entsteht beim Abbrennen der Kerzen durch W\u00e4rme und einem leichten Unterdruck (Kamineffekt), der auf das Trommelfell wirkt und [&hellip;]<\/p>\n","protected":false},"author":1,"featured_media":0,"parent":190,"menu_order":30,"comment_status":"closed","ping_status":"closed","template":"","meta":{"footnotes":""},"_links":{"self":[{"href":"https:\/\/naturheilpraxis-langenfeld.de\/wpl\/wp-json\/wp\/v2\/pages\/196"}],"collection":[{"href":"https:\/\/naturheilpraxis-langenfeld.de\/wpl\/wp-json\/wp\/v2\/pages"}],"about":[{"href":"https:\/\/naturheilpraxis-langenfeld.de\/wpl\/wp-json\/wp\/v2\/types\/page"}],"author":[{"embeddable":true,"href":"https:\/\/naturheilpraxis-langenfeld.de\/wpl\/wp-json\/wp\/v2\/users\/1"}],"replies":[{"embeddable":true,"href":"https:\/\/naturheilpraxis-langenfeld.de\/wpl\/wp-json\/wp\/v2\/comments?post=196"}],"version-history":[{"count":0,"href":"https:\/\/naturheilpraxis-langenfeld.de\/wpl\/wp-json\/wp\/v2\/pages\/196\/revisions"}],"up":[{"embeddable":true,"href":"https:\/\/naturheilpraxis-langenfeld.de\/wpl\/wp-json\/wp\/v2\/pages\/190"}],"wp:attachment":[{"href":"https:\/\/naturheilpraxis-langenfeld.de\/wpl\/wp-json\/wp\/v2\/media?parent=196"}],"curies":[{"name":"wp","href":"https:\/\/api.w.org\/{rel}","templated":true}]}}