{"id":180,"date":"2013-07-29T17:58:23","date_gmt":"2013-07-29T15:58:23","guid":{"rendered":"http:\/\/riks.org\/wp\/?page_id=180"},"modified":"2013-07-29T17:58:23","modified_gmt":"2013-07-29T15:58:23","slug":"pneumed-schropfmassage","status":"publish","type":"page","link":"https:\/\/naturheilpraxis-langenfeld.de\/wpl\/therapien\/massagen\/pneumed-schropfmassage\/","title":{"rendered":"Pneumed Schr\u00f6pfmassage"},"content":{"rendered":"<div id=\"attachment_181\" style=\"width: 163px\" class=\"wp-caption alignright\"><img loading=\"lazy\" decoding=\"async\" aria-describedby=\"caption-attachment-181\" class=\"wp-image-181 \" alt=\"Pneumed Schr\u00f6pfmassage\" src=\"http:\/\/naturheilpraxis-langenfeld.de\/wpl\/wp-content\/uploads\/anwendung_pneumed.gif\" width=\"153\" height=\"140\" \/><p id=\"caption-attachment-181\" class=\"wp-caption-text\">Mit dem Pflug durch das Gewebe. Die bisher sanfteste und wirksamste Methode Ihr Gewebe in Schwingung zu bringen.<\/p><\/div>\n<p>Duch pulsierende Wechselwirkung von Unterdruck und athmosph\u00e4rischen Druck wird das Gewebe in Schwingungen gebracht. Unter Mitwirkung des erh\u00f6hten kapillaren Blutvolumens (Sauerstoffmenge) werden die Zellen aktiver.<\/p>\n<p><b>Erfolg:<\/b> Eine erh\u00f6hte Stoffwechselwirkung.<\/p>\n<p>Anwendungsgebiete:<\/p>\n<ul>\n<li>Durchblutungsf\u00f6rderung<\/li>\n<li>Muskelverspannungen<\/li>\n<li>bei R\u00fcckenschmerzen<\/li>\n<li>Sportverletzungen<\/li>\n<li>Lymphfluss<\/li>\n<li>Mig\u00e4ne<\/li>\n<li>Arthrose<\/li>\n<li>Rheuma<\/li>\n<li>Cellulitis<\/li>\n<\/ul>\n","protected":false},"excerpt":{"rendered":"<p>Duch pulsierende Wechselwirkung von Unterdruck und athmosph\u00e4rischen Druck wird das Gewebe in Schwingungen gebracht. Unter Mitwirkung des erh\u00f6hten kapillaren Blutvolumens (Sauerstoffmenge) werden die Zellen aktiver. Erfolg: Eine erh\u00f6hte Stoffwechselwirkung. Anwendungsgebiete: Durchblutungsf\u00f6rderung Muskelverspannungen bei R\u00fcckenschmerzen Sportverletzungen Lymphfluss Mig\u00e4ne Arthrose Rheuma Cellulitis<\/p>\n","protected":false},"author":1,"featured_media":0,"parent":174,"menu_order":30,"comment_status":"closed","ping_status":"closed","template":"","meta":{"footnotes":""},"_links":{"self":[{"href":"https:\/\/naturheilpraxis-langenfeld.de\/wpl\/wp-json\/wp\/v2\/pages\/180"}],"collection":[{"href":"https:\/\/naturheilpraxis-langenfeld.de\/wpl\/wp-json\/wp\/v2\/pages"}],"about":[{"href":"https:\/\/naturheilpraxis-langenfeld.de\/wpl\/wp-json\/wp\/v2\/types\/page"}],"author":[{"embeddable":true,"href":"https:\/\/naturheilpraxis-langenfeld.de\/wpl\/wp-json\/wp\/v2\/users\/1"}],"replies":[{"embeddable":true,"href":"https:\/\/naturheilpraxis-langenfeld.de\/wpl\/wp-json\/wp\/v2\/comments?post=180"}],"version-history":[{"count":0,"href":"https:\/\/naturheilpraxis-langenfeld.de\/wpl\/wp-json\/wp\/v2\/pages\/180\/revisions"}],"up":[{"embeddable":true,"href":"https:\/\/naturheilpraxis-langenfeld.de\/wpl\/wp-json\/wp\/v2\/pages\/174"}],"wp:attachment":[{"href":"https:\/\/naturheilpraxis-langenfeld.de\/wpl\/wp-json\/wp\/v2\/media?parent=180"}],"curies":[{"name":"wp","href":"https:\/\/api.w.org\/{rel}","templated":true}]}}