{"id":176,"date":"2013-07-29T17:54:07","date_gmt":"2013-07-29T15:54:07","guid":{"rendered":"http:\/\/riks.org\/wp\/?page_id=176"},"modified":"2019-03-28T22:09:45","modified_gmt":"2019-03-28T20:09:45","slug":"fusreflex-lymphmassage","status":"publish","type":"page","link":"https:\/\/naturheilpraxis-langenfeld.de\/wpl\/therapien\/massagen\/fusreflex-lymphmassage\/","title":{"rendered":"Fu\u00dfreflex- &#038; Lymphmassage"},"content":{"rendered":"<p>Fu\u00dfreflexzonen sind die Regionen am Fu\u00df, die in reflektorischer Verbindung zu den K\u00f6rperteilen und allen innerer Organen stehen.<\/p>\n<p>Haut- und Gewebever\u00e4nderungen sowie Schmerzreaktionen am Fu\u00df des Patienten k\u00f6nnen auf Blockaden im entsprechenden Organbereich hinweisen, oft bereits bevor eine Krankheit \u00fcberhaupt entsteht.<\/p>\n<p>Durch spezielle Massagetechniken wird eine verbesserte Durchblutung zur Unterst\u00fctzung s\u00e4mtlicher gest\u00f6rter Organe und Gewebsfunktionen erreicht und die inneren Heilkr\u00e4fte mobilisiert.<\/p>\n<p>Die Fu\u00dfreflexzonentherapie dient somit sowohl diagnostischen als auch therapeutischen Zwecken, insbesondere bei akuten, chronischen und psychosomatischen Leiden wie z.B.<\/p>\n<ul>\n<li>Verdauungsbeschwerden<\/li>\n<li>H\u00e4morrhoiden<\/li>\n<li>Menstruationsbeschwerden<\/li>\n<li>Kopfschmerzen, Migr\u00e4ne<\/li>\n<li>nerv\u00f6se St\u00f6rungen<\/li>\n<li>Stress-Symptomatik<\/li>\n<li>lymphatischen Belastungen<\/li>\n<li>Erkrankungen des Bewegungsapparates<\/li>\n<li>Entgiftungs- und<\/li>\n<li>Ausscheidungsprozesse (z.B. Heilfasten)<\/li>\n<\/ul>\n<p>Die Behandlung kann sowohl bei Erwachsenen als auch Kindern und Jugendlichen durchgef\u00fchrt werden.<\/p>\n","protected":false},"excerpt":{"rendered":"<p>Fu\u00dfreflexzonen sind die Regionen am Fu\u00df, die in reflektorischer Verbindung zu den K\u00f6rperteilen und allen innerer Organen stehen. Haut- und Gewebever\u00e4nderungen sowie Schmerzreaktionen am Fu\u00df des Patienten k\u00f6nnen auf Blockaden im entsprechenden Organbereich hinweisen, oft bereits bevor eine Krankheit \u00fcberhaupt entsteht. Durch spezielle Massagetechniken wird eine verbesserte Durchblutung zur Unterst\u00fctzung s\u00e4mtlicher gest\u00f6rter Organe und Gewebsfunktionen [&hellip;]<\/p>\n","protected":false},"author":1,"featured_media":0,"parent":174,"menu_order":10,"comment_status":"closed","ping_status":"closed","template":"","meta":{"footnotes":""},"_links":{"self":[{"href":"https:\/\/naturheilpraxis-langenfeld.de\/wpl\/wp-json\/wp\/v2\/pages\/176"}],"collection":[{"href":"https:\/\/naturheilpraxis-langenfeld.de\/wpl\/wp-json\/wp\/v2\/pages"}],"about":[{"href":"https:\/\/naturheilpraxis-langenfeld.de\/wpl\/wp-json\/wp\/v2\/types\/page"}],"author":[{"embeddable":true,"href":"https:\/\/naturheilpraxis-langenfeld.de\/wpl\/wp-json\/wp\/v2\/users\/1"}],"replies":[{"embeddable":true,"href":"https:\/\/naturheilpraxis-langenfeld.de\/wpl\/wp-json\/wp\/v2\/comments?post=176"}],"version-history":[{"count":1,"href":"https:\/\/naturheilpraxis-langenfeld.de\/wpl\/wp-json\/wp\/v2\/pages\/176\/revisions"}],"predecessor-version":[{"id":978,"href":"https:\/\/naturheilpraxis-langenfeld.de\/wpl\/wp-json\/wp\/v2\/pages\/176\/revisions\/978"}],"up":[{"embeddable":true,"href":"https:\/\/naturheilpraxis-langenfeld.de\/wpl\/wp-json\/wp\/v2\/pages\/174"}],"wp:attachment":[{"href":"https:\/\/naturheilpraxis-langenfeld.de\/wpl\/wp-json\/wp\/v2\/media?parent=176"}],"curies":[{"name":"wp","href":"https:\/\/api.w.org\/{rel}","templated":true}]}}