{"id":166,"date":"2013-07-29T17:45:24","date_gmt":"2013-07-29T15:45:24","guid":{"rendered":"http:\/\/riks.org\/wp\/?page_id=166"},"modified":"2013-07-29T17:45:24","modified_gmt":"2013-07-29T15:45:24","slug":"biolifting-nach-prof-rothschild","status":"publish","type":"page","link":"https:\/\/naturheilpraxis-langenfeld.de\/wpl\/therapien\/revitalisierung\/biolifting-nach-prof-rothschild\/","title":{"rendered":"Biolifting nach Prof. Rothschild"},"content":{"rendered":"<p>Ab dem 25. Lebensjahr beginnt die Haut zu altern, erste F\u00e4ltchen zeigen sich und das Bindegewebe verliert mit zunehmenden Alter die F\u00e4higkeit zur Regeneration. Die Haut wird d\u00fcnner, weniger elastisch und Falten entstehen.<\/p>\n<p>Zellalterung bedeutet vor allem Verlust der Flexibilit\u00e4t und Anpassungsf\u00e4higkeit der Zellen. Sie k\u00f6nnen ihren Stoffwechsel nicht mehr optimal den Bed\u00fcrfnissen und Bedingungen der Umgebung anpassen.<\/p>\n<p>Da auch die zelleigenen Reparaturmechanismen nicht mehr ausreichend funktionieren, entstehen irreparable Sch\u00e4den. Die optimale Durchblutung kann mit zunehmenden Alter &#8211; auch abh\u00e4ngig von der Lebensf\u00fchrung &#8211; nicht immer gew\u00e4hrleistet werden. Dadurch kommt es zu einer Unterversorgung der Zellen mit Sauerstoff und N\u00e4hrstoffen, Stoffwechselschlacken werden nur ungen\u00fcgend abtransportiert.<\/p>\n<p>Schon lange besteht die M\u00f6glichkeit, gesch\u00e4digtem Gewebe und kranken Organen Faktoren aus gleichartigen gesunden Gewebe zuzuf\u00fchren und damit die Selbstheilungskr\u00e4fte zu aktivieren. Diese Therapiema\u00dfnahme wird ebenso im kosmetischen Bereich eingesetzt. Vor allem bei der Bek\u00e4mpfung der Anzeichen der Hautalterung konnten damit gro\u00dfe Erfolge erzielt werden.<\/p>\n<p>Ohne Skalpell und ohne Narben k\u00f6nnen in einer ambulanten Behandlung Gesichtsfalten gestrafft und gegl\u00e4ttet werden. Graue, m\u00fcde und unansehnliche Haut erh\u00e4lt wieder Farbe und einen gesunden Schimmer.<\/p>\n<p>Schon nach den ersten Sitzungen zeigt sich dieser verj\u00fcngende, revitalisierende Effekt. Sogenannte Organlysate (w\u00e4ssrige L\u00f6sungen mit bestimmten Wirkstoffen) und erg\u00e4nzende Hom\u00f6opathische Medikamente verm\u00f6gen das erlahmte Reparatursystem der Haut zu stimulieren, damit sie aus eigener Kraft wieder die Zellbausteine produzieren kann, die gl\u00e4ttend und belebend wirken.<\/p>\n<p>Durch eine besondere Injektionstechnik wird mit hauchd\u00fcnnen Nadeln der Wirkstoff ca. einen Millimeter tief in bestimmte Akupunkturpunkte injiziert und Falte f\u00fcr Falte sorgf\u00e4ltig behandelt.<\/p>\n<p>Nach dieser Behandlung k\u00f6nnen Sie sofort wieder unter die Leute gehen. Um einen langanhaltenden Erfolg zu haben, sollten 10 Behandlungen in Intervallen von 2 bis 4 Tagen durchgef\u00fchrt werden.<\/p>\n<p>Diese revitalisierende Behandlung wirkt dar\u00fcber hinaus erstaunlich gut bei Wechseljahrsbeschwerden, wie Niedergeschlagenheit und Konzentrationsmangel.<\/p>\n<p>Was ist mit Biolifting machbar?<\/p>\n<p>Die Ergebnisse der BioLifting-Behandlung sind in der Regel ausgezeichnet. Der Tonus der Haut verbessert sich, die Haut sieht frischer und j\u00fcnger aus. Hautdefekte (z.B. Akne oder Narben) werden positiv beeinflusst.<\/p>\n<p>Flache Falten verschwinden teilweise vollst\u00e4ndig (z.B. Kr\u00e4henf\u00fc\u00dfe um die Augen)<br \/>\nTiefere Falten lassen sich nicht g\u00e4nzlich gl\u00e4tten, die Konturen werden jedoch wesentlich weicher.<\/p>\n<p>Besonders tiefe Falten k\u00f6nnen im Anschluss nachbehandelt werden (siehe <a href=\"https:\/\/www.naturheilpraxis.cc\/e49\/e51\/e223\">Faltenuntersptitzung mit Hyaloron<\/a>).<\/p>\n<p>(Prof. Med. Rothschild \/Detlef Wolff)<\/p>\n","protected":false},"excerpt":{"rendered":"<p>Ab dem 25. Lebensjahr beginnt die Haut zu altern, erste F\u00e4ltchen zeigen sich und das Bindegewebe verliert mit zunehmenden Alter die F\u00e4higkeit zur Regeneration. Die Haut wird d\u00fcnner, weniger elastisch und Falten entstehen. Zellalterung bedeutet vor allem Verlust der Flexibilit\u00e4t und Anpassungsf\u00e4higkeit der Zellen. Sie k\u00f6nnen ihren Stoffwechsel nicht mehr optimal den Bed\u00fcrfnissen und Bedingungen [&hellip;]<\/p>\n","protected":false},"author":1,"featured_media":0,"parent":161,"menu_order":20,"comment_status":"closed","ping_status":"closed","template":"","meta":{"footnotes":""},"_links":{"self":[{"href":"https:\/\/naturheilpraxis-langenfeld.de\/wpl\/wp-json\/wp\/v2\/pages\/166"}],"collection":[{"href":"https:\/\/naturheilpraxis-langenfeld.de\/wpl\/wp-json\/wp\/v2\/pages"}],"about":[{"href":"https:\/\/naturheilpraxis-langenfeld.de\/wpl\/wp-json\/wp\/v2\/types\/page"}],"author":[{"embeddable":true,"href":"https:\/\/naturheilpraxis-langenfeld.de\/wpl\/wp-json\/wp\/v2\/users\/1"}],"replies":[{"embeddable":true,"href":"https:\/\/naturheilpraxis-langenfeld.de\/wpl\/wp-json\/wp\/v2\/comments?post=166"}],"version-history":[{"count":0,"href":"https:\/\/naturheilpraxis-langenfeld.de\/wpl\/wp-json\/wp\/v2\/pages\/166\/revisions"}],"up":[{"embeddable":true,"href":"https:\/\/naturheilpraxis-langenfeld.de\/wpl\/wp-json\/wp\/v2\/pages\/161"}],"wp:attachment":[{"href":"https:\/\/naturheilpraxis-langenfeld.de\/wpl\/wp-json\/wp\/v2\/media?parent=166"}],"curies":[{"name":"wp","href":"https:\/\/api.w.org\/{rel}","templated":true}]}}