{"id":162,"date":"2013-07-29T17:42:03","date_gmt":"2013-07-29T15:42:03","guid":{"rendered":"http:\/\/riks.org\/wp\/?page_id=162"},"modified":"2013-07-29T17:42:03","modified_gmt":"2013-07-29T15:42:03","slug":"aufbaukuren","status":"publish","type":"page","link":"https:\/\/naturheilpraxis-langenfeld.de\/wpl\/therapien\/revitalisierung\/aufbaukuren\/","title":{"rendered":"Aufbaukuren"},"content":{"rendered":"<p>Revitalisierung, Leistungssteigerung und Wohlbefinden geh\u00f6ren heute genauso zum Thema einer modernen Naturheilkunde wie die Behandlung von schwer- wiegenden Erkrankungen.<\/p>\n<p>Nach neuesten Erkenntnissen kann der Mensch weit \u00fcber 100 Jahre alt werden, dennoch beginnen die meisten Menschen ab 30 zu bemerken, da\u00df sie einem unausweichlichen Alterungsproze\u00df unterworfen sind und die ersten \u00e4u\u00dferen Alterungs-, Verschlei\u00df- und Stre\u00dferscheinungen und Beschwerden deutlich werden.<\/p>\n<p>Es ist keine neue Weisheit, da\u00df es besser und erfolgversprechender ist, die Gesundheit zu unterst\u00fctzen und zu erhalten, als bereits bestehende Sch\u00e4den zu behandeln. Wer heutzutage nach diesem Grundsatz handeln m\u00f6chte, dem stehen M\u00f6glichkeiten zur Verf\u00fcgung, nicht tatenlos dem Altertungsproze\u00df ausgeliefert zu sein, sondern neueste Erkenntnisse zur Revitalisierung und Regeneration anzuwenden.<br \/>\nNach Untersuchungen sehr vitaler \u00e4lterer Menschen hat sich herausgestellt, da\u00df deren Nebennierenrinde auf hohem Niveau funktioniert, ebenso die innersekretorischen Vorg\u00e4nge.<\/p>\n<p>Neben der Thymusdr\u00fcse ist die Nebennierenrinde f\u00fcr den Alterungsproze\u00df von zentraler Bedeutung &#8211; diese bildet Dehydroepiandrosteron (DHEA), ein Hormon, das als Jungbrunnensubstanz in neuester Zeit entdeckt wurde.<\/p>\n<p>Zur Behandlung von Vitalit\u00e4tsdefiziten oder auch Steigerung der Vitalit\u00e4t stehen derzeit nat\u00fcrliche (damit naturheilkundliche) M\u00f6glichkeiten der Injektions-, Substitutions- und Stimulationstherapien von Organfunktionen zur Verf\u00fcgung:<\/p>\n<ul>\n<li>Biomolekulare Vitorgan Revitalisierungskur<\/li>\n<li>spezielle Organpr\u00e4parate (Regeneresen und Wala)<\/li>\n<li>Thymuskur<\/li>\n<li>Therapie mit hochdosiertem Vitamin C<\/li>\n<li>Wiedemann Regenerationskur<\/li>\n<li><a href=\"https:\/\/www.naturheilpraxis.cc\/e49\/e88\/e82\/e109\/\">Neuraltherapie<\/a><\/li>\n<li><a title=\"Biolifting nach Prof. Rothschild\" href=\"http:\/\/riks.org\/wp\/therapien\/revitalisierung\/biolifting-nach-prof-rothschild\/\">Biolifting nach Prof. Dr. Rothschild<\/a><\/li>\n<\/ul>\n<p>&nbsp;<\/p>\n","protected":false},"excerpt":{"rendered":"<p>Revitalisierung, Leistungssteigerung und Wohlbefinden geh\u00f6ren heute genauso zum Thema einer modernen Naturheilkunde wie die Behandlung von schwer- wiegenden Erkrankungen. Nach neuesten Erkenntnissen kann der Mensch weit \u00fcber 100 Jahre alt werden, dennoch beginnen die meisten Menschen ab 30 zu bemerken, da\u00df sie einem unausweichlichen Alterungsproze\u00df unterworfen sind und die ersten \u00e4u\u00dferen Alterungs-, Verschlei\u00df- und Stre\u00dferscheinungen [&hellip;]<\/p>\n","protected":false},"author":1,"featured_media":0,"parent":161,"menu_order":10,"comment_status":"closed","ping_status":"closed","template":"","meta":{"footnotes":""},"_links":{"self":[{"href":"https:\/\/naturheilpraxis-langenfeld.de\/wpl\/wp-json\/wp\/v2\/pages\/162"}],"collection":[{"href":"https:\/\/naturheilpraxis-langenfeld.de\/wpl\/wp-json\/wp\/v2\/pages"}],"about":[{"href":"https:\/\/naturheilpraxis-langenfeld.de\/wpl\/wp-json\/wp\/v2\/types\/page"}],"author":[{"embeddable":true,"href":"https:\/\/naturheilpraxis-langenfeld.de\/wpl\/wp-json\/wp\/v2\/users\/1"}],"replies":[{"embeddable":true,"href":"https:\/\/naturheilpraxis-langenfeld.de\/wpl\/wp-json\/wp\/v2\/comments?post=162"}],"version-history":[{"count":0,"href":"https:\/\/naturheilpraxis-langenfeld.de\/wpl\/wp-json\/wp\/v2\/pages\/162\/revisions"}],"up":[{"embeddable":true,"href":"https:\/\/naturheilpraxis-langenfeld.de\/wpl\/wp-json\/wp\/v2\/pages\/161"}],"wp:attachment":[{"href":"https:\/\/naturheilpraxis-langenfeld.de\/wpl\/wp-json\/wp\/v2\/media?parent=162"}],"curies":[{"name":"wp","href":"https:\/\/api.w.org\/{rel}","templated":true}]}}