{"id":158,"date":"2013-07-29T17:35:33","date_gmt":"2013-07-29T15:35:33","guid":{"rendered":"http:\/\/riks.org\/wp\/?page_id=158"},"modified":"2019-03-28T22:13:43","modified_gmt":"2019-03-28T20:13:43","slug":"fastenanleitung","status":"publish","type":"page","link":"https:\/\/naturheilpraxis-langenfeld.de\/wpl\/therapien\/entgiftungs-ausleitende-verfahren\/fastenanleitung\/","title":{"rendered":"Fastenanleitung"},"content":{"rendered":"<p>Di\u00e4ten und Fastenkuren helfen, sich ganzheitlich zu regenerieren, die eigene Abwehr zu st\u00e4rken und sich von Grund auf wohler zu f\u00fchlen.<br \/>\nSie f\u00fchren zu Darmsanierung, Blutreinigung und besserer Sauerstoffversorgung der Zellen.<br \/>\nSie sind Voraussetzung f\u00fcr eine gesundheitsbedingte Ern\u00e4hrungsumstellung, z.B.:<\/p>\n<ul>\n<li>Di\u00e4ten bei bestehende Erkrankungen<\/li>\n<li>Diabethes mel., Gicht u.a.<\/li>\n<li>Heilfasten nach Buchinger oder F.X. Mayr<\/li>\n<\/ul>\n","protected":false},"excerpt":{"rendered":"<p>Di\u00e4ten und Fastenkuren helfen, sich ganzheitlich zu regenerieren, die eigene Abwehr zu st\u00e4rken und sich von Grund auf wohler zu f\u00fchlen. Sie f\u00fchren zu Darmsanierung, Blutreinigung und besserer Sauerstoffversorgung der Zellen. Sie sind Voraussetzung f\u00fcr eine gesundheitsbedingte Ern\u00e4hrungsumstellung, z.B.: Di\u00e4ten bei bestehende Erkrankungen Diabethes mel., Gicht u.a. Heilfasten nach Buchinger oder F.X. Mayr<\/p>\n","protected":false},"author":1,"featured_media":0,"parent":146,"menu_order":50,"comment_status":"closed","ping_status":"closed","template":"","meta":{"footnotes":""},"_links":{"self":[{"href":"https:\/\/naturheilpraxis-langenfeld.de\/wpl\/wp-json\/wp\/v2\/pages\/158"}],"collection":[{"href":"https:\/\/naturheilpraxis-langenfeld.de\/wpl\/wp-json\/wp\/v2\/pages"}],"about":[{"href":"https:\/\/naturheilpraxis-langenfeld.de\/wpl\/wp-json\/wp\/v2\/types\/page"}],"author":[{"embeddable":true,"href":"https:\/\/naturheilpraxis-langenfeld.de\/wpl\/wp-json\/wp\/v2\/users\/1"}],"replies":[{"embeddable":true,"href":"https:\/\/naturheilpraxis-langenfeld.de\/wpl\/wp-json\/wp\/v2\/comments?post=158"}],"version-history":[{"count":1,"href":"https:\/\/naturheilpraxis-langenfeld.de\/wpl\/wp-json\/wp\/v2\/pages\/158\/revisions"}],"predecessor-version":[{"id":979,"href":"https:\/\/naturheilpraxis-langenfeld.de\/wpl\/wp-json\/wp\/v2\/pages\/158\/revisions\/979"}],"up":[{"embeddable":true,"href":"https:\/\/naturheilpraxis-langenfeld.de\/wpl\/wp-json\/wp\/v2\/pages\/146"}],"wp:attachment":[{"href":"https:\/\/naturheilpraxis-langenfeld.de\/wpl\/wp-json\/wp\/v2\/media?parent=158"}],"curies":[{"name":"wp","href":"https:\/\/api.w.org\/{rel}","templated":true}]}}