{"id":156,"date":"2013-07-29T17:32:48","date_gmt":"2013-07-29T15:32:48","guid":{"rendered":"http:\/\/riks.org\/wp\/?page_id=156"},"modified":"2013-07-29T17:32:48","modified_gmt":"2013-07-29T15:32:48","slug":"aderlas","status":"publish","type":"page","link":"https:\/\/naturheilpraxis-langenfeld.de\/wpl\/therapien\/entgiftungs-ausleitende-verfahren\/aderlas\/","title":{"rendered":"Aderla\u00df"},"content":{"rendered":"<p>Der Aderla\u00df (Blutentnahme) ist eines der \u00e4ltesten Heilverfahren. Neben dem reinen Druckabbau im Blutsystem (vor allem bei Bluthochdruck) ist die Anregung der Selbstheilungskraft, ein gew\u00fcnschter Effekt bei der Anwendung.<\/p>\n<h2>Wirkungsweise (nach B. Aschner) :<\/h2>\n<p>Das Ziel des Aderlasses ist es nicht, dem Patienten m\u00f6glichst viel Blut abzunehmen, sondern, durch einen an bestimmten K\u00f6rperstellen durchgef\u00fchrten Aderlass eine Entlastung und Reinigung des Blutes und eine Umstimmung der Konstitution zu bewirken.<\/p>\n<p>Durch die Blutentziehung kommt es zun\u00e4chst zu einem Fl\u00fcssigkeitsverlust im Gef\u00e4\u00dfsystem, der jedoch schnell durch nachstr\u00f6mende Fl\u00fcssigkeit aus den Geweben ersetzt wird. Mit diesem Strom aus dem Gewebe gelangen Giftstoffe in das Gef\u00e4\u00dfsystem und damit zur Ausscheidung \u00fcber die Ausscheidungsorgane.<\/p>\n<p>Das Blut in den Gef\u00e4\u00dfen wird also regelrecht verd\u00fcnnt und kann so besser als vielleicht vorher bestimmte Organbezirke durchbluten. Eine oft deutlich sp\u00fcrbare Verbesserung der Durchblutung (z. B. des Gehirns) ist die Folge dieser Verfl\u00fcssigung des Blutes.<\/p>\n<p>Verst\u00e4rkt wird dieser Effekt noch durch die Anregung der blutbildenden Organe, die den Verlust der Blutzellen (Zellen f\u00fcr den Sauerstofftransport und die Immunabwehr) in den dem Aderlass folgenden Tagen und Wochen ausgleichen m\u00fcssen.<\/p>\n<p>Es kommt also auch zu einer &#8222;Verj\u00fcngung&#8220; des Blutes und damit zu einem verbesserten Sauerstofftransport und einer Steigerung der Immunkr\u00e4fte des Organismus<br \/>\nDer Aderlass kann bei sehr unterschiedlichen Erkrankungen eine sinnvolle Behandlung darstellen:<\/p>\n<ul>\n<li>Blutf\u00fclle (Plethora)<\/li>\n<li>Entz\u00fcndungen<\/li>\n<li>zur Entgiftung und Stoffwechselverbesserung<\/li>\n<li>zur Beruhigung bei lokalen Kr\u00e4mpfen (Koliken)<\/li>\n<li>zur Verbesserung der Durchblutung<\/li>\n<\/ul>\n<p>&nbsp;<\/p>\n<h2>Vorgehensweise<\/h2>\n<p>Der Patient liegt auf einer Praxisliege, eine Kan\u00fcle wird meist in die Ellenbeugenvene eingef\u00fchrt und die entsprechende Menge Blut abgenommen. Die Menge selbst ist unterschiedlich und richtet sich nach Krankheit, Konstitution, Geschlecht, Alter usw. Sie betr\u00e4gt ca. 50 bis 200 ml.<\/p>\n","protected":false},"excerpt":{"rendered":"<p>Der Aderla\u00df (Blutentnahme) ist eines der \u00e4ltesten Heilverfahren. Neben dem reinen Druckabbau im Blutsystem (vor allem bei Bluthochdruck) ist die Anregung der Selbstheilungskraft, ein gew\u00fcnschter Effekt bei der Anwendung. Wirkungsweise (nach B. Aschner) : Das Ziel des Aderlasses ist es nicht, dem Patienten m\u00f6glichst viel Blut abzunehmen, sondern, durch einen an bestimmten K\u00f6rperstellen durchgef\u00fchrten Aderlass [&hellip;]<\/p>\n","protected":false},"author":1,"featured_media":0,"parent":146,"menu_order":40,"comment_status":"closed","ping_status":"closed","template":"","meta":{"footnotes":""},"_links":{"self":[{"href":"https:\/\/naturheilpraxis-langenfeld.de\/wpl\/wp-json\/wp\/v2\/pages\/156"}],"collection":[{"href":"https:\/\/naturheilpraxis-langenfeld.de\/wpl\/wp-json\/wp\/v2\/pages"}],"about":[{"href":"https:\/\/naturheilpraxis-langenfeld.de\/wpl\/wp-json\/wp\/v2\/types\/page"}],"author":[{"embeddable":true,"href":"https:\/\/naturheilpraxis-langenfeld.de\/wpl\/wp-json\/wp\/v2\/users\/1"}],"replies":[{"embeddable":true,"href":"https:\/\/naturheilpraxis-langenfeld.de\/wpl\/wp-json\/wp\/v2\/comments?post=156"}],"version-history":[{"count":0,"href":"https:\/\/naturheilpraxis-langenfeld.de\/wpl\/wp-json\/wp\/v2\/pages\/156\/revisions"}],"up":[{"embeddable":true,"href":"https:\/\/naturheilpraxis-langenfeld.de\/wpl\/wp-json\/wp\/v2\/pages\/146"}],"wp:attachment":[{"href":"https:\/\/naturheilpraxis-langenfeld.de\/wpl\/wp-json\/wp\/v2\/media?parent=156"}],"curies":[{"name":"wp","href":"https:\/\/api.w.org\/{rel}","templated":true}]}}