{"id":154,"date":"2013-07-29T17:30:18","date_gmt":"2013-07-29T15:30:18","guid":{"rendered":"http:\/\/riks.org\/wp\/?page_id=154"},"modified":"2013-07-29T17:30:18","modified_gmt":"2013-07-29T15:30:18","slug":"baunscheidtverfahren","status":"publish","type":"page","link":"https:\/\/naturheilpraxis-langenfeld.de\/wpl\/therapien\/entgiftungs-ausleitende-verfahren\/baunscheidtverfahren\/","title":{"rendered":"Baunscheidtverfahren"},"content":{"rendered":"<p>Ein von Carl Baunscheidt im 19 Jhd. entwickeltes Heilverfahren. Er kreierte &#8222;ein Nadelinstrument, den sogenannten \u0084Lebenswecker&#8220; und ein \u00d6l. Beides findet heute noch genauso Anwendung in der Praxis.<\/p>\n<p>Es handelt sich um eine gro\u00dffl\u00e4chige Hautreiztherapie. Mittels eines speziellen Apparates, der mit einer Vielzahl eng beieinander liegender Nadeln best\u00fcckt ist, wird die Haut leicht angeritzt. Zur Verst\u00e4rkung des Hautreizes werden die baunscheidtierten Segmente nach der Behandlung mit einem speziellen \u00d6l behandelt. Hier wird ein k\u00fcnstlicher Hautausschlag verursacht. Dieser f\u00fchrt kurzfristig zu leichtem Juckreiz &#8211; die heutzutage schonendere Behandlung mit dem Nadelroller schlie\u00dft Narbenbildung aus.<br \/>\nEs dient zur Behandlung von Schmerzzust\u00e4nden, hormonellen St\u00f6rungen oder als Umstimmungstherapie.<\/p>\n<p>Gute Wirkung zeigt diese Methode bei:<\/p>\n<ul>\n<li>Schmerzen durch degenerative Ver\u00e4nderungen des Bewegungsapparates<\/li>\n<li>Neuralgische Schmerzen<\/li>\n<li>allgemeine Infektanf\u00e4lligkeit und chronische Infekte<\/li>\n<li>akute und chonische Entz\u00fcndungen( z.B. Blase )<\/li>\n<li>im Oberbauchbereich beim Reizmagen, Magenschw\u00e4che<\/li>\n<li>Bauchspeicheldr\u00fcsenschw\u00e4che, Verstopfung<\/li>\n<li>Schwindel, Ohrensausen u.a.m.<\/li>\n<\/ul>\n<p>Die Wirkung wird durch die Anregung der Durchblutung, den Lymphdrainageeffekt, der immunstimulierenden Wirkung sowie durch die Tonisierung von erschlafften Organen bewirkt.<\/p>\n","protected":false},"excerpt":{"rendered":"<p>Ein von Carl Baunscheidt im 19 Jhd. entwickeltes Heilverfahren. Er kreierte &#8222;ein Nadelinstrument, den sogenannten \u0084Lebenswecker&#8220; und ein \u00d6l. Beides findet heute noch genauso Anwendung in der Praxis. Es handelt sich um eine gro\u00dffl\u00e4chige Hautreiztherapie. Mittels eines speziellen Apparates, der mit einer Vielzahl eng beieinander liegender Nadeln best\u00fcckt ist, wird die Haut leicht angeritzt. Zur [&hellip;]<\/p>\n","protected":false},"author":1,"featured_media":0,"parent":146,"menu_order":30,"comment_status":"closed","ping_status":"closed","template":"","meta":{"footnotes":""},"_links":{"self":[{"href":"https:\/\/naturheilpraxis-langenfeld.de\/wpl\/wp-json\/wp\/v2\/pages\/154"}],"collection":[{"href":"https:\/\/naturheilpraxis-langenfeld.de\/wpl\/wp-json\/wp\/v2\/pages"}],"about":[{"href":"https:\/\/naturheilpraxis-langenfeld.de\/wpl\/wp-json\/wp\/v2\/types\/page"}],"author":[{"embeddable":true,"href":"https:\/\/naturheilpraxis-langenfeld.de\/wpl\/wp-json\/wp\/v2\/users\/1"}],"replies":[{"embeddable":true,"href":"https:\/\/naturheilpraxis-langenfeld.de\/wpl\/wp-json\/wp\/v2\/comments?post=154"}],"version-history":[{"count":0,"href":"https:\/\/naturheilpraxis-langenfeld.de\/wpl\/wp-json\/wp\/v2\/pages\/154\/revisions"}],"up":[{"embeddable":true,"href":"https:\/\/naturheilpraxis-langenfeld.de\/wpl\/wp-json\/wp\/v2\/pages\/146"}],"wp:attachment":[{"href":"https:\/\/naturheilpraxis-langenfeld.de\/wpl\/wp-json\/wp\/v2\/media?parent=154"}],"curies":[{"name":"wp","href":"https:\/\/api.w.org\/{rel}","templated":true}]}}