{"id":152,"date":"2013-07-29T17:28:38","date_gmt":"2013-07-29T15:28:38","guid":{"rendered":"http:\/\/riks.org\/wp\/?page_id=152"},"modified":"2013-07-29T17:28:38","modified_gmt":"2013-07-29T15:28:38","slug":"blutegeltherapie","status":"publish","type":"page","link":"https:\/\/naturheilpraxis-langenfeld.de\/wpl\/therapien\/entgiftungs-ausleitende-verfahren\/blutegeltherapie\/","title":{"rendered":"Blutegeltherapie"},"content":{"rendered":"<p>Fr\u00fcher war der Blutegel (<em>Hirudo medicinalis<\/em>) in unseren Gew\u00e4ssern stets zu finden, jedoch wurde diese empfindliche Art durch die Wasserverschmutzung fast ausgerottet. Heute wird der Hirudo medicinalis eigens f\u00fcr therapeutische Zwecke unter strenger Kontrolle gez\u00fcchtet.<\/p>\n<p>Im 18. und 19. Jahrhundert wuchs der gute Ruf der Blutegeltherapie derma\u00dfen, dass sich diese Form der Anwendung allm\u00e4hlich bei vielen chronischen Erkrankungen in der damaligen Medizin etablierte. Derzeit erleben wir eine Renaissance der Blutelegelbehandlung.<\/p>\n<p>Heute wei\u00df man, dass das Speichelsekret (Enzymkomlpex) des Blutegels, welches beim Saugen von Blut in die Gef\u00e4\u00dfe des Behandelten abgegeben wird, immunstimulierend, gerinnungs- und entz\u00fcndungshemmend wirkt, wobei sich die Flie\u00dfeigenschaften des Blutes wesentlich verbessern.<\/p>\n<p>Vor allen Dingen durch die Verbesserung der Qualit\u00e4t des Blutes ergibt sich eine betr\u00e4chtliche Indikationsbreite, die insbesondere das Gef\u00e4\u00dfsystem betrifft.<\/p>\n<ul>\n<li>Hauptindikationen f\u00fcr die Blutegeltherapie:<\/li>\n<li>Arthrosen, Arthritis (z.B. Kniegelenksarthrosen)<\/li>\n<li>Varicosis (Krampfadern, Venenentz\u00fcndungen)<\/li>\n<li>Thrombosen<\/li>\n<li>Sehnenentz\u00fcndungen (Sehnenscheidenentz\u00fcndung, Tennisarm)<\/li>\n<li>Bursitis (Schleimbeutelentz\u00fcndung)<\/li>\n<li>Herpes Zoster (G\u00fcrtelrose)<\/li>\n<li>Tinnitus<\/li>\n<li>Angina Pectoris<\/li>\n<li>Angina, Otitis media (Mittelohrentz\u00fcndung)<\/li>\n<li>Rheumatischer Formenkreis, Myogelosen<\/li>\n<li>Depressionen<\/li>\n<li>Andere<\/li>\n<\/ul>\n","protected":false},"excerpt":{"rendered":"<p>Fr\u00fcher war der Blutegel (Hirudo medicinalis) in unseren Gew\u00e4ssern stets zu finden, jedoch wurde diese empfindliche Art durch die Wasserverschmutzung fast ausgerottet. Heute wird der Hirudo medicinalis eigens f\u00fcr therapeutische Zwecke unter strenger Kontrolle gez\u00fcchtet. Im 18. und 19. Jahrhundert wuchs der gute Ruf der Blutegeltherapie derma\u00dfen, dass sich diese Form der Anwendung allm\u00e4hlich bei [&hellip;]<\/p>\n","protected":false},"author":1,"featured_media":0,"parent":146,"menu_order":20,"comment_status":"closed","ping_status":"closed","template":"","meta":{"footnotes":""},"_links":{"self":[{"href":"https:\/\/naturheilpraxis-langenfeld.de\/wpl\/wp-json\/wp\/v2\/pages\/152"}],"collection":[{"href":"https:\/\/naturheilpraxis-langenfeld.de\/wpl\/wp-json\/wp\/v2\/pages"}],"about":[{"href":"https:\/\/naturheilpraxis-langenfeld.de\/wpl\/wp-json\/wp\/v2\/types\/page"}],"author":[{"embeddable":true,"href":"https:\/\/naturheilpraxis-langenfeld.de\/wpl\/wp-json\/wp\/v2\/users\/1"}],"replies":[{"embeddable":true,"href":"https:\/\/naturheilpraxis-langenfeld.de\/wpl\/wp-json\/wp\/v2\/comments?post=152"}],"version-history":[{"count":0,"href":"https:\/\/naturheilpraxis-langenfeld.de\/wpl\/wp-json\/wp\/v2\/pages\/152\/revisions"}],"up":[{"embeddable":true,"href":"https:\/\/naturheilpraxis-langenfeld.de\/wpl\/wp-json\/wp\/v2\/pages\/146"}],"wp:attachment":[{"href":"https:\/\/naturheilpraxis-langenfeld.de\/wpl\/wp-json\/wp\/v2\/media?parent=152"}],"curies":[{"name":"wp","href":"https:\/\/api.w.org\/{rel}","templated":true}]}}