{"id":149,"date":"2013-07-29T17:25:37","date_gmt":"2013-07-29T15:25:37","guid":{"rendered":"http:\/\/riks.org\/wp\/?page_id=149"},"modified":"2013-07-29T17:25:37","modified_gmt":"2013-07-29T15:25:37","slug":"schropfen-und-schrofpmassage","status":"publish","type":"page","link":"https:\/\/naturheilpraxis-langenfeld.de\/wpl\/therapien\/entgiftungs-ausleitende-verfahren\/schropfen-und-schrofpmassage\/","title":{"rendered":"Schr\u00f6pfen und Schr\u00f6fpmassage"},"content":{"rendered":"<p>Das Schr\u00f6pfen gilt als schmerzlindernd und allgemein durchblutungsf\u00f6rdernd und geh\u00f6rt zu den bekannten Formen der ausleitenden Heilverfahren. Schr\u00f6pfen ist eine alte Technik, die im Westen als auch in China in der Volksmedizin angewandt wurde. Die Schr\u00f6pftherapie aktiviert das Immunsystem und l\u00f6st Verh\u00e4rtungen im Haut- und Unterhautgewebe. Der durch verschiedene Methoden im Schr\u00f6pfkopf erzeugte Unterdruck l\u00e4sst die kleinen Hautgef\u00e4\u00dfe anschwellen und erzeugt eine Hautreizung und schlie\u00dflich ein k\u00fcnstliches H\u00e4matom. Man unterscheidet grunds\u00e4tzlich zwischen blutigem und unblutigem Schr\u00f6pfen.<\/p>\n<p>Eine sanftere aber durchaus sehr effektive Alternative bietet die <a href=\"https:\/\/www.naturheilpraxis.cc\/e49\/e87\/e90\/e142\">Pneumed Schr\u00f6pfmassage<\/a>.<\/p>\n","protected":false},"excerpt":{"rendered":"<p>Das Schr\u00f6pfen gilt als schmerzlindernd und allgemein durchblutungsf\u00f6rdernd und geh\u00f6rt zu den bekannten Formen der ausleitenden Heilverfahren. Schr\u00f6pfen ist eine alte Technik, die im Westen als auch in China in der Volksmedizin angewandt wurde. Die Schr\u00f6pftherapie aktiviert das Immunsystem und l\u00f6st Verh\u00e4rtungen im Haut- und Unterhautgewebe. Der durch verschiedene Methoden im Schr\u00f6pfkopf erzeugte Unterdruck l\u00e4sst [&hellip;]<\/p>\n","protected":false},"author":1,"featured_media":0,"parent":146,"menu_order":10,"comment_status":"closed","ping_status":"closed","template":"","meta":{"footnotes":""},"_links":{"self":[{"href":"https:\/\/naturheilpraxis-langenfeld.de\/wpl\/wp-json\/wp\/v2\/pages\/149"}],"collection":[{"href":"https:\/\/naturheilpraxis-langenfeld.de\/wpl\/wp-json\/wp\/v2\/pages"}],"about":[{"href":"https:\/\/naturheilpraxis-langenfeld.de\/wpl\/wp-json\/wp\/v2\/types\/page"}],"author":[{"embeddable":true,"href":"https:\/\/naturheilpraxis-langenfeld.de\/wpl\/wp-json\/wp\/v2\/users\/1"}],"replies":[{"embeddable":true,"href":"https:\/\/naturheilpraxis-langenfeld.de\/wpl\/wp-json\/wp\/v2\/comments?post=149"}],"version-history":[{"count":0,"href":"https:\/\/naturheilpraxis-langenfeld.de\/wpl\/wp-json\/wp\/v2\/pages\/149\/revisions"}],"up":[{"embeddable":true,"href":"https:\/\/naturheilpraxis-langenfeld.de\/wpl\/wp-json\/wp\/v2\/pages\/146"}],"wp:attachment":[{"href":"https:\/\/naturheilpraxis-langenfeld.de\/wpl\/wp-json\/wp\/v2\/media?parent=149"}],"curies":[{"name":"wp","href":"https:\/\/api.w.org\/{rel}","templated":true}]}}