{"id":144,"date":"2013-07-29T17:23:05","date_gmt":"2013-07-29T15:23:05","guid":{"rendered":"http:\/\/riks.org\/wp\/?page_id=144"},"modified":"2019-03-28T21:57:57","modified_gmt":"2019-03-28T19:57:57","slug":"darmsanierung","status":"publish","type":"page","link":"https:\/\/naturheilpraxis-langenfeld.de\/wpl\/therapien\/allergiebehandlung\/darmsanierung\/","title":{"rendered":"Darmsanierung"},"content":{"rendered":"<p>Unter dem Begriff Darmsanierung versteht man die Wiederherstellung des nat\u00fcrlichen Milieus im Darm.<\/p>\n<p>St\u00f6rungen treten z.B. auf, wenn das Gleichgewicht der Darmbakterien gest\u00f6rt ist und\/oder sich Darmpilze in hoher Zahl ansiedeln.<\/p>\n<p>Unser K\u00f6rper lebt in einer Symbiose mit Keimen, die im Darm, auf der Haut und auf Schleimh\u00e4uten normalerweise vorkommen. Bakterieninfektionen, Antibiotika, Schadstoffe und falsche Ern\u00e4hrung k\u00f6nnen das Milieu st\u00f6ren. Das hat zur Folge, dass krankmachende Keime ihre Chance nutzen und den angeschlagenen Organismus weiter aus dem Gleichgewicht bringen.<\/p>\n<p>Eine Dysbakterie, wie auch eine Darmmykose lassen sich in einer Stuhlkultur nachweisen.<\/p>\n<p>Angezeigt ist eine solche Untersuchung, wenn folgende Symptome \u00fcber einen l\u00e4ngeren Zeitraum bestehen:<\/p>\n<ul>\n<li>Hei\u00dfhunger, speziell auf S\u00fc\u00dfes<\/li>\n<li>Chronische Ersch\u00f6pfung und M\u00fcdigkeit<\/li>\n<li>Unwohlsein, ziehen und rei\u00dfen in der Magen-\/Darmgegend<\/li>\n<li>\u00dcbelkeit<\/li>\n<li>das Gef\u00fchl aufgedunsen zu sein<\/li>\n<li>Bl\u00e4hungen<\/li>\n<li>Durchfall<\/li>\n<\/ul>\n<p>Au\u00dferdem lassen sich folgende Befunde feststellen, die nicht unbedingt immer mit einem Darmpilz in Verbindung gebracht werden:<\/p>\n<ul>\n<li>Ver\u00e4nderte Leberwerte<\/li>\n<li>Wei\u00dfe Bel\u00e4ge in Mund und Rachenraum<\/li>\n<li>Herzbeschwerden nach dem Essen, ohne nachweisbare organische Ursache<\/li>\n<li>Hautirritationen<\/li>\n<\/ul>\n<h2>Therapie:<\/h2>\n<p>Die Therapie richtet sich immer nach der festgestellten Menge und der Aggressivit\u00e4t des vorhandenen Erregers.<\/p>\n<p>Zum Therapieplan geh\u00f6rt eine individuell angepasste Di\u00e4t und eventuell die Bek\u00e4mpfung des Keims mit einem entsprechenden Medikament.<\/p>\n<p>Im Anschluss ist es wichtig, die Darmflora mit nat\u00fcrlich vorkommenden Darmkeimen und\/oder speziellen lebenden Joghurtkulturen wieder aufzubauen.<\/p>\n","protected":false},"excerpt":{"rendered":"<p>Unter dem Begriff Darmsanierung versteht man die Wiederherstellung des nat\u00fcrlichen Milieus im Darm. St\u00f6rungen treten z.B. auf, wenn das Gleichgewicht der Darmbakterien gest\u00f6rt ist und\/oder sich Darmpilze in hoher Zahl ansiedeln. Unser K\u00f6rper lebt in einer Symbiose mit Keimen, die im Darm, auf der Haut und auf Schleimh\u00e4uten normalerweise vorkommen. Bakterieninfektionen, Antibiotika, Schadstoffe und falsche [&hellip;]<\/p>\n","protected":false},"author":1,"featured_media":0,"parent":132,"menu_order":50,"comment_status":"closed","ping_status":"closed","template":"","meta":{"footnotes":""},"_links":{"self":[{"href":"https:\/\/naturheilpraxis-langenfeld.de\/wpl\/wp-json\/wp\/v2\/pages\/144"}],"collection":[{"href":"https:\/\/naturheilpraxis-langenfeld.de\/wpl\/wp-json\/wp\/v2\/pages"}],"about":[{"href":"https:\/\/naturheilpraxis-langenfeld.de\/wpl\/wp-json\/wp\/v2\/types\/page"}],"author":[{"embeddable":true,"href":"https:\/\/naturheilpraxis-langenfeld.de\/wpl\/wp-json\/wp\/v2\/users\/1"}],"replies":[{"embeddable":true,"href":"https:\/\/naturheilpraxis-langenfeld.de\/wpl\/wp-json\/wp\/v2\/comments?post=144"}],"version-history":[{"count":1,"href":"https:\/\/naturheilpraxis-langenfeld.de\/wpl\/wp-json\/wp\/v2\/pages\/144\/revisions"}],"predecessor-version":[{"id":974,"href":"https:\/\/naturheilpraxis-langenfeld.de\/wpl\/wp-json\/wp\/v2\/pages\/144\/revisions\/974"}],"up":[{"embeddable":true,"href":"https:\/\/naturheilpraxis-langenfeld.de\/wpl\/wp-json\/wp\/v2\/pages\/132"}],"wp:attachment":[{"href":"https:\/\/naturheilpraxis-langenfeld.de\/wpl\/wp-json\/wp\/v2\/media?parent=144"}],"curies":[{"name":"wp","href":"https:\/\/api.w.org\/{rel}","templated":true}]}}