{"id":136,"date":"2013-07-29T17:12:09","date_gmt":"2013-07-29T15:12:09","guid":{"rendered":"http:\/\/riks.org\/wp\/?page_id=136"},"modified":"2013-07-29T17:12:09","modified_gmt":"2013-07-29T15:12:09","slug":"bioresonanz","status":"publish","type":"page","link":"https:\/\/naturheilpraxis-langenfeld.de\/wpl\/therapien\/allergiebehandlung\/bioresonanz\/","title":{"rendered":"Bioresonanz"},"content":{"rendered":"<p>Die Bioresonanz-Therapie (BRT) geh\u00f6rt zu den sogenannten energetischen Behandlungsverfahren, die sich einerseits auf gewisse Grundlagen der Traditionellen Chinesischen Medizin und andererseits auf physikalische Erkenntnisse st\u00fctzen. Die Bioresonanz-Therapie ist ein Verfahren, bei dem man davon ausgeht, dass der K\u00f6rper elektromagnetische Schwingungen aussendet.<\/p>\n<p>Nicht nur Symptome oder einzelne Organe werden behandelt, sondern die Ursachen der Krankheit. Sie wurde in ihren Grundlagen 1977 durch den Arzt Franz Morell und den Elektronikingenieur Erich Rasche entwickelt (anfangs auch MORA-Therapie genannt).<br \/>\nSie waren der Ansicht, dass jeder Mensch ein ganz eigenes Schwingungsspektrum hat, das sich aus gesunden, also harmonischen, und krankhaften, disharmonischen Schwingungsanteilen zusammensetzt.<\/p>\n<p>Der Ansatz der Bioresonanz-Therapie ist es, diese elektromagnetischen Schwingungen zu erfassen und in ein spezielles Therapieger\u00e4t zu leiten, wo sie nach harmonischen und disharmonischen Schwingungen getrennt werden. Die krankhaften Signale werden umgewandelt und als harmonische Schwingungen wieder an den K\u00f6rper zugeschickt der daraufhin seine Regulations- und Selbstheilungskr\u00e4fte wieder aktivieren kann.<\/p>\n<h2>Wie wird die Bioresonanz-Therapie eingesetzt?<\/h2>\n<p>Vor der Anwendung der Bioresonanz-Therapie erfolgt eine ausf\u00fchrliche Diagnose, die mit verschiedenen Methoden gestellt werden kann.<\/p>\n<p>Dazu geh\u00f6rt der <strong>Elektroakupunktur-Test<\/strong> (EAV), bei dem an bestimmten K\u00f6rperstellen (den Akupunkturpunkten) unterschiedliche Hautwiderst\u00e4nde gemessen werden. Weil jeder Akupunkturpunkt einen Bezug zu bestimmten Organssystemen hat, l\u00e4sst sich aus den Schwingungsmustern auf spezifische Belastungen schlie\u00dfen. Bei der eigentlichen Behandlung werden die empfangenen Schwingungen vom BRT-Ger\u00e4t verarbeitet und in Form harmonisierter Schwingungen dem K\u00f6rper zur\u00fcckgesandt. Danach l\u00e4sst eine zweite Messung erkennen, ob sich die Schwingungsstruktur gebessert hat.<\/p>\n<p>Eine weitere Diagnoseform ist der <strong>kinesiologische Muskeltest<\/strong>, bei dem man davon ausgeht, dass die Muskulatur auf Stressreize mit Schw\u00e4chung reagiert. Die klassische Testmethode ist die, bei der der waagerecht ausgestreckte Arm des Patienten vom Therapeuten mit m\u00e4\u00dfiger Kraft nach unten gedr\u00fcckt wird und der Patient dem Druck standhalten soll. Dies ist normalerweise kein Problem. Je nach den Symptomen des Patienten werden ihm nun bestimmte Schwingungsinformationen zugef\u00fchrt und der Test wird wiederholt. Wenn diese Informationen einen Stressreiz hervorrufen, wird der Patient mit seinem Arm dem Druck des Behandlers nicht standhalten k\u00f6nnen und somit den Verdacht best\u00e4tigen. Diese Schwingungsinformationen k\u00f6nnen zum Beispiel bei Heuschnupfen die Schwingungsmuster von bestimmten Bl\u00fctenpollen sein. Nach Best\u00e4tigung eines Verdachts kann der Bioresonanz-Therapeut nun dem Patienten die spiegelbildlichen harmonisierenden Schwingungsmuster zuleiten.<\/p>\n<p>Neben der direkten Beeinflussung von k\u00f6rpereigenen Schwingungen ist es ebenfalls m\u00f6glich, Medikamente oder Lebensmittel daraufhin zu testen, ob sie zu den individuellen Schwingungen eines Patienten passen und damit f\u00fcr ihn vertr\u00e4glich sind.<\/p>\n<h2>Wo wird die Bioresonanz-Therapie eingesetzt?<\/h2>\n<p>Die Anh\u00e4nger der BRT propagieren ihren Einsatz bei allen denkbaren Krankheitsbildern, wobei zu den h\u00e4ufigsten Krankheitsbereichen die folgenden geh\u00f6ren:<\/p>\n<ul>\n<li>Allergien<\/li>\n<li>Atemwegserkrankungen<\/li>\n<li>Erkrankungen des Lymphsystems<\/li>\n<li>Frauenleiden<\/li>\n<li>Herz- und Kreislauferkrankungen<\/li>\n<li>Immunschw\u00e4che und Infektneigung<\/li>\n<li>Magen- und Darmerkrankungen<\/li>\n<li>Migr\u00e4ne<\/li>\n<li>Nierenleiden<\/li>\n<li>Schlafst\u00f6rungen.<\/li>\n<li>Schmerzzust\u00e4nde aller Art<\/li>\n<li>Rheuma und andere chronisch-degenerative Erkrankungen<\/li>\n<\/ul>\n<p>Die Bioresonanz ist eine Regulationstherapie, die bei vielen Erkrankungen als Basistherapie eingesetzt werden kann. Sie stellt wegen ihrer Schmerzfreiheit und Nebenwirkungsarmut vor allem auch f\u00fcr Kinder eine sehr geeignete Methode dar.<\/p>\n","protected":false},"excerpt":{"rendered":"<p>Die Bioresonanz-Therapie (BRT) geh\u00f6rt zu den sogenannten energetischen Behandlungsverfahren, die sich einerseits auf gewisse Grundlagen der Traditionellen Chinesischen Medizin und andererseits auf physikalische Erkenntnisse st\u00fctzen. Die Bioresonanz-Therapie ist ein Verfahren, bei dem man davon ausgeht, dass der K\u00f6rper elektromagnetische Schwingungen aussendet. Nicht nur Symptome oder einzelne Organe werden behandelt, sondern die Ursachen der Krankheit. Sie [&hellip;]<\/p>\n","protected":false},"author":1,"featured_media":0,"parent":132,"menu_order":20,"comment_status":"closed","ping_status":"closed","template":"","meta":{"footnotes":""},"_links":{"self":[{"href":"https:\/\/naturheilpraxis-langenfeld.de\/wpl\/wp-json\/wp\/v2\/pages\/136"}],"collection":[{"href":"https:\/\/naturheilpraxis-langenfeld.de\/wpl\/wp-json\/wp\/v2\/pages"}],"about":[{"href":"https:\/\/naturheilpraxis-langenfeld.de\/wpl\/wp-json\/wp\/v2\/types\/page"}],"author":[{"embeddable":true,"href":"https:\/\/naturheilpraxis-langenfeld.de\/wpl\/wp-json\/wp\/v2\/users\/1"}],"replies":[{"embeddable":true,"href":"https:\/\/naturheilpraxis-langenfeld.de\/wpl\/wp-json\/wp\/v2\/comments?post=136"}],"version-history":[{"count":0,"href":"https:\/\/naturheilpraxis-langenfeld.de\/wpl\/wp-json\/wp\/v2\/pages\/136\/revisions"}],"up":[{"embeddable":true,"href":"https:\/\/naturheilpraxis-langenfeld.de\/wpl\/wp-json\/wp\/v2\/pages\/132"}],"wp:attachment":[{"href":"https:\/\/naturheilpraxis-langenfeld.de\/wpl\/wp-json\/wp\/v2\/media?parent=136"}],"curies":[{"name":"wp","href":"https:\/\/api.w.org\/{rel}","templated":true}]}}