{"id":134,"date":"2013-07-29T17:06:34","date_gmt":"2013-07-29T15:06:34","guid":{"rendered":"http:\/\/riks.org\/wp\/?page_id=134"},"modified":"2013-07-29T17:06:34","modified_gmt":"2013-07-29T15:06:34","slug":"spenglersan","status":"publish","type":"page","link":"https:\/\/naturheilpraxis-langenfeld.de\/wpl\/therapien\/allergiebehandlung\/spenglersan\/","title":{"rendered":"Spenglersan"},"content":{"rendered":"<h2>Der Spenglersan Bluttest und die Spenglersan Therapie<\/h2>\n<p>Die Therapie mit den sog. Spenglersan-Mitteln geht zur\u00fcck auf die Erkenntnisse von Dr. Carl Spengler, zu seiner Zeit ein h\u00f6chst angesehener Forscher und Lungenfacharzt. Als Mitarbeiter des sehr bekannten Robert Koch erkannte Spengler als einer der ersten Mediziner die Bedeutung der tuberkul\u00f6sen Infekte f\u00fcr den Gesamtorganismus. Aufgrund dieser Erkenntnisse entwickelte er ein eigenes System von Medikamenten, den so genannten Spenglersan-Kolloiden, die er bei den verschiedenste Krankheiten sehr wirksam eingesetzt hat. Ziel dieser Medikamente ist es, die Immunabwehr des K\u00f6rpers zu mobilisieren, um in Zukunft Krankheitserreger selbst abzuwehren zu k\u00f6nnen.<\/p>\n<p>Die Basis dieser Kolloide sind mikrobiologische Immunmodulatoren. Sie bestehen aus Antigenen und Antitoxinen verschiedener Bakterienst\u00e4mme. Das Indikationsspektrum der Spenglersane ist dadurch au\u00dferordentlich breit. Bedingt durch die Tatsache, dass viele Erkrankungen auf Mischinfektionen, St\u00f6rungen des Immunsystems, Allergien oder auf Autoimmunkrankheiten beruhen, ergibt sich ein gro\u00dfes therapeutisches Anwendungsgebiet.<\/p>\n<p>Die Methode bietet einige unsch\u00e4tzbare Vorteile: Ein Vorteil dieser Methode ist die Tatsache, da\u00df sich die Medikamente f\u00fcr die individuell ben\u00f6tigte Therapie eines Patienten mittels eines einfachen Tests ermitteln lassen.<\/p>\n<h3>Der Spenglersan Bluttest<\/h3>\n<p>Zu diesem Test wird eine geringe Menge Blut des Patienten ben\u00f6tigt. Dieses Blut wird nun nach bestimmten Vorgaben mittels Spenglersantestsubstanzen diagnostisch auf bestimmte Reaktionen noch im Beisein des Patienten untersucht. Diese Untersuchung liefert im Zusammenhang mit der &#8222;Anamnese&#8220; (der Befragung) des Patienten gezielte Hinweise \u00fcber die Art der Erkrankung und \u00fcber die einzuleitende Therapie. Besonders empfehlenswert ist dies bei Erkrankungen mit &#8222;sog. unbekannten Ursachen&#8220;.<\/p>\n<p>Ein weiterer Vorteil ergibt sich aus der \u00dcberpr\u00fcfungsm\u00f6glichkeit der eingeleiteten Therapie. Im sp\u00e4teren Verlauf kann der Erfolg bzw. das Ansprechen der Therapie mittels erneuter Testung \u00fcberpr\u00fcft oder gegebenenfalls auch ver\u00e4ndert werden.<\/p>\n<p>Die Art der Anwendung bietet ebenfalls Vorteile! Die Spenglersanmittel werden weder injiziert noch m\u00fcssen diese geschluckt werden. Diese Mittel sind so konzipiert, dass die Aufnahme \u00fcber die Haut erfolgt. Dies macht die Therapie f\u00fcr die Anwendung bei Kindern geradezu ideal.<\/p>\n<p>Wir bieten diese Therapie in unserer Praxis meist unterst\u00fczend zu anderen therapeutischen Ma\u00dfnahmen an.<\/p>\n","protected":false},"excerpt":{"rendered":"<p>Der Spenglersan Bluttest und die Spenglersan Therapie Die Therapie mit den sog. Spenglersan-Mitteln geht zur\u00fcck auf die Erkenntnisse von Dr. Carl Spengler, zu seiner Zeit ein h\u00f6chst angesehener Forscher und Lungenfacharzt. Als Mitarbeiter des sehr bekannten Robert Koch erkannte Spengler als einer der ersten Mediziner die Bedeutung der tuberkul\u00f6sen Infekte f\u00fcr den Gesamtorganismus. Aufgrund dieser [&hellip;]<\/p>\n","protected":false},"author":1,"featured_media":0,"parent":132,"menu_order":10,"comment_status":"closed","ping_status":"closed","template":"","meta":{"footnotes":""},"_links":{"self":[{"href":"https:\/\/naturheilpraxis-langenfeld.de\/wpl\/wp-json\/wp\/v2\/pages\/134"}],"collection":[{"href":"https:\/\/naturheilpraxis-langenfeld.de\/wpl\/wp-json\/wp\/v2\/pages"}],"about":[{"href":"https:\/\/naturheilpraxis-langenfeld.de\/wpl\/wp-json\/wp\/v2\/types\/page"}],"author":[{"embeddable":true,"href":"https:\/\/naturheilpraxis-langenfeld.de\/wpl\/wp-json\/wp\/v2\/users\/1"}],"replies":[{"embeddable":true,"href":"https:\/\/naturheilpraxis-langenfeld.de\/wpl\/wp-json\/wp\/v2\/comments?post=134"}],"version-history":[{"count":0,"href":"https:\/\/naturheilpraxis-langenfeld.de\/wpl\/wp-json\/wp\/v2\/pages\/134\/revisions"}],"up":[{"embeddable":true,"href":"https:\/\/naturheilpraxis-langenfeld.de\/wpl\/wp-json\/wp\/v2\/pages\/132"}],"wp:attachment":[{"href":"https:\/\/naturheilpraxis-langenfeld.de\/wpl\/wp-json\/wp\/v2\/media?parent=134"}],"curies":[{"name":"wp","href":"https:\/\/api.w.org\/{rel}","templated":true}]}}