{"id":128,"date":"2013-07-29T16:56:49","date_gmt":"2013-07-29T14:56:49","guid":{"rendered":"http:\/\/riks.org\/wp\/?page_id=128"},"modified":"2015-02-11T23:31:06","modified_gmt":"2015-02-11T21:31:06","slug":"bachbluten","status":"publish","type":"page","link":"https:\/\/naturheilpraxis-langenfeld.de\/wpl\/therapien\/klassische-naturheilverfahren\/bachbluten\/","title":{"rendered":"Bachbl\u00fcten"},"content":{"rendered":"<p>Vor rund 70 Jahren entwickelte der englische Arzt Dr. Ewald Bach die nach ihm benannte Bachbl\u00fctentherapie. Er ging davon aus, dass die Ursache vieler k\u00f6rperlicher Leiden in seelisch geistigen Blockaden zu finden ist.<\/p>\n<p>Im Laufe vieler Jahre entdeckte er ein Heilwasser und 37 verschiedene Heilpflanzen, die speziell aufbereitet wurden. Durch die Gabe dieser Essenzen konnte Dr. Bach sehr viele seiner Patienten heilen, da ihre Seelenzust\u00e4nde positiv beeinflusst wurden.<\/p>\n<p>Eine Aufgabe der Bachbl\u00fctentherapie ist zun\u00e4chst das Aufdecken von Disharmonien und Negativgef\u00fchlen des Menschen. Das geschieht \u00fcber Gespr\u00e4che und verschiedene Austestungsverfahren.<\/p>\n<p>14.01.2015<\/p>\n<p><a title=\"\" href=\"http:\/\/www.heilpraxisnet.de\/naturheilverfahren\/bachbluetentherapie.php\">Bachbl\u00fcten<\/a>-Produkte d\u00fcrfen nicht mit gesundheitsbezogenen Aussagen beworben werden. Das hat das Oberlandesgericht (OLG) Hamm abschlie\u00dfend geurteilt.<\/p>\n","protected":false},"excerpt":{"rendered":"<p>Vor rund 70 Jahren entwickelte der englische Arzt Dr. Ewald Bach die nach ihm benannte Bachbl\u00fctentherapie. Er ging davon aus, dass die Ursache vieler k\u00f6rperlicher Leiden in seelisch geistigen Blockaden zu finden ist. Im Laufe vieler Jahre entdeckte er ein Heilwasser und 37 verschiedene Heilpflanzen, die speziell aufbereitet wurden. Durch die Gabe dieser Essenzen konnte [&hellip;]<\/p>\n","protected":false},"author":1,"featured_media":0,"parent":115,"menu_order":50,"comment_status":"closed","ping_status":"closed","template":"","meta":{"footnotes":""},"_links":{"self":[{"href":"https:\/\/naturheilpraxis-langenfeld.de\/wpl\/wp-json\/wp\/v2\/pages\/128"}],"collection":[{"href":"https:\/\/naturheilpraxis-langenfeld.de\/wpl\/wp-json\/wp\/v2\/pages"}],"about":[{"href":"https:\/\/naturheilpraxis-langenfeld.de\/wpl\/wp-json\/wp\/v2\/types\/page"}],"author":[{"embeddable":true,"href":"https:\/\/naturheilpraxis-langenfeld.de\/wpl\/wp-json\/wp\/v2\/users\/1"}],"replies":[{"embeddable":true,"href":"https:\/\/naturheilpraxis-langenfeld.de\/wpl\/wp-json\/wp\/v2\/comments?post=128"}],"version-history":[{"count":1,"href":"https:\/\/naturheilpraxis-langenfeld.de\/wpl\/wp-json\/wp\/v2\/pages\/128\/revisions"}],"predecessor-version":[{"id":265,"href":"https:\/\/naturheilpraxis-langenfeld.de\/wpl\/wp-json\/wp\/v2\/pages\/128\/revisions\/265"}],"up":[{"embeddable":true,"href":"https:\/\/naturheilpraxis-langenfeld.de\/wpl\/wp-json\/wp\/v2\/pages\/115"}],"wp:attachment":[{"href":"https:\/\/naturheilpraxis-langenfeld.de\/wpl\/wp-json\/wp\/v2\/media?parent=128"}],"curies":[{"name":"wp","href":"https:\/\/api.w.org\/{rel}","templated":true}]}}