{"id":126,"date":"2013-07-29T16:54:11","date_gmt":"2013-07-29T14:54:11","guid":{"rendered":"http:\/\/riks.org\/wp\/?page_id=126"},"modified":"2013-07-29T16:54:11","modified_gmt":"2013-07-29T14:54:11","slug":"schusler-salze","status":"publish","type":"page","link":"https:\/\/naturheilpraxis-langenfeld.de\/wpl\/therapien\/klassische-naturheilverfahren\/schusler-salze\/","title":{"rendered":"Sch\u00fc\u00dfler Salze"},"content":{"rendered":"<p>Mineralstoffe wurden schon sehr fr\u00fch f\u00fcr die Gesundheit eingesetzt. Ein gesunder K\u00f6rper wird bei vollwertiger Ern\u00e4hrung meist ausreichend und ausgewogen mit Mineralstoffen versorgt. Tritt aus irgendeinem Grund ein Mangel einzelner Stoffe auf, kann dies Ursache f\u00fcr verschiedenste physische und psychische Beschwerden sein.<\/p>\n<p>Bei den Mineralstoffen nach Sch\u00fc\u00dfler handelt es sich allerdings nicht um herk\u00f6mmliche Substanzen, wie sie beispielsweise in Nahrungsmittel vorkommen, sondern sie sind potenziert.<\/p>\n<p>Die Mineralstoffe wirken als Funktionsmittel in der Zwischenzellfl\u00fcssigkeit, an der Zellmembran oder in der Zelle selbst. Sie greifen regulierend in die Informations\u00fcbertragung ein und haben einen positiven Einfluss auf den gesamten Zellstoffwechsel, den S\u00e4ure \u0096Basen-Haushalt und das Immunsystem.<\/p>\n<p>Langfristig kann die Mineralstofftherapie dazu beitragen, Blockaden zu l\u00f6sen und die psychische Befindlichkeit nachhaltig zu verbessern.<\/p>\n","protected":false},"excerpt":{"rendered":"<p>Mineralstoffe wurden schon sehr fr\u00fch f\u00fcr die Gesundheit eingesetzt. Ein gesunder K\u00f6rper wird bei vollwertiger Ern\u00e4hrung meist ausreichend und ausgewogen mit Mineralstoffen versorgt. Tritt aus irgendeinem Grund ein Mangel einzelner Stoffe auf, kann dies Ursache f\u00fcr verschiedenste physische und psychische Beschwerden sein. Bei den Mineralstoffen nach Sch\u00fc\u00dfler handelt es sich allerdings nicht um herk\u00f6mmliche Substanzen, [&hellip;]<\/p>\n","protected":false},"author":1,"featured_media":0,"parent":115,"menu_order":40,"comment_status":"closed","ping_status":"closed","template":"","meta":{"footnotes":""},"_links":{"self":[{"href":"https:\/\/naturheilpraxis-langenfeld.de\/wpl\/wp-json\/wp\/v2\/pages\/126"}],"collection":[{"href":"https:\/\/naturheilpraxis-langenfeld.de\/wpl\/wp-json\/wp\/v2\/pages"}],"about":[{"href":"https:\/\/naturheilpraxis-langenfeld.de\/wpl\/wp-json\/wp\/v2\/types\/page"}],"author":[{"embeddable":true,"href":"https:\/\/naturheilpraxis-langenfeld.de\/wpl\/wp-json\/wp\/v2\/users\/1"}],"replies":[{"embeddable":true,"href":"https:\/\/naturheilpraxis-langenfeld.de\/wpl\/wp-json\/wp\/v2\/comments?post=126"}],"version-history":[{"count":0,"href":"https:\/\/naturheilpraxis-langenfeld.de\/wpl\/wp-json\/wp\/v2\/pages\/126\/revisions"}],"up":[{"embeddable":true,"href":"https:\/\/naturheilpraxis-langenfeld.de\/wpl\/wp-json\/wp\/v2\/pages\/115"}],"wp:attachment":[{"href":"https:\/\/naturheilpraxis-langenfeld.de\/wpl\/wp-json\/wp\/v2\/media?parent=126"}],"curies":[{"name":"wp","href":"https:\/\/api.w.org\/{rel}","templated":true}]}}