{"id":12,"date":"2013-07-29T11:32:32","date_gmt":"2013-07-29T09:32:32","guid":{"rendered":"http:\/\/riks.org\/wp\/?page_id=12"},"modified":"2013-07-29T11:32:32","modified_gmt":"2013-07-29T09:32:32","slug":"spenglersan-test","status":"publish","type":"page","link":"https:\/\/naturheilpraxis-langenfeld.de\/wpl\/diagnoseverfahren\/spenglersan-test\/","title":{"rendered":"Spenglersan Test"},"content":{"rendered":"<p>Der Spenglersan Bluttest<\/p>\n<p>Zu diesem Test wird eine geringe Menge Blut des Patienten ben\u00f6tigt.<\/p>\n<p>Dieses Blut wird nun nach bestimmten Vorgaben mittels Spenglersantestsubstanzen diagnostisch auf bestimmte Reaktionen noch im Beisein des Patienten untersucht. Diese Untersuchung liefert im Zusammenhang mit der \u201eAnamnese\u201c (der Befragung) des Patienten gezielte Hinweise \u00fcber die Art der Erkrankung und \u00fcber die einzuleitende Therapie. Besonders empfehlenswert ist dies bei Erkrankungen mit \u201csog. unbekannten Ursachen\u201d.<\/p>\n<p>Ein weiterer Vorteil ergibt sich aus der \u00dcberpr\u00fcfungsm\u00f6glichkeit der eingeleiteten Therapie. Im sp\u00e4teren Verlauf kann der Erfolg bzw. das Ansprechen der Therapie mittels erneuter Testung \u00fcberpr\u00fcft oder gegebenenfalls auch ver\u00e4ndert werden.<\/p>\n<p>Die Art der Anwendung bietet ebenfalls Vorteile! Die Spenglersanmittel werden weder injiziert noch m\u00fcssen diese geschluckt werden. Diese Mittel sind so konzipiert, dass die Aufnahme \u00fcber die Haut erfolgt. Dies macht die Therapie f\u00fcr die Anwendung bei Kindern geradezu ideal.<\/p>\n<p>Wir bieten diese Therapie in unserer Praxis, meist unterst\u00fczend zu anderen therapeutischen Ma\u00dfnahmen, an.<\/p>\n","protected":false},"excerpt":{"rendered":"<p>Der Spenglersan Bluttest Zu diesem Test wird eine geringe Menge Blut des Patienten ben\u00f6tigt. Dieses Blut wird nun nach bestimmten Vorgaben mittels Spenglersantestsubstanzen diagnostisch auf bestimmte Reaktionen noch im Beisein des Patienten untersucht. Diese Untersuchung liefert im Zusammenhang mit der \u201eAnamnese\u201c (der Befragung) des Patienten gezielte Hinweise \u00fcber die Art der Erkrankung und \u00fcber die [&hellip;]<\/p>\n","protected":false},"author":1,"featured_media":0,"parent":5,"menu_order":30,"comment_status":"closed","ping_status":"closed","template":"","meta":{"footnotes":""},"_links":{"self":[{"href":"https:\/\/naturheilpraxis-langenfeld.de\/wpl\/wp-json\/wp\/v2\/pages\/12"}],"collection":[{"href":"https:\/\/naturheilpraxis-langenfeld.de\/wpl\/wp-json\/wp\/v2\/pages"}],"about":[{"href":"https:\/\/naturheilpraxis-langenfeld.de\/wpl\/wp-json\/wp\/v2\/types\/page"}],"author":[{"embeddable":true,"href":"https:\/\/naturheilpraxis-langenfeld.de\/wpl\/wp-json\/wp\/v2\/users\/1"}],"replies":[{"embeddable":true,"href":"https:\/\/naturheilpraxis-langenfeld.de\/wpl\/wp-json\/wp\/v2\/comments?post=12"}],"version-history":[{"count":0,"href":"https:\/\/naturheilpraxis-langenfeld.de\/wpl\/wp-json\/wp\/v2\/pages\/12\/revisions"}],"up":[{"embeddable":true,"href":"https:\/\/naturheilpraxis-langenfeld.de\/wpl\/wp-json\/wp\/v2\/pages\/5"}],"wp:attachment":[{"href":"https:\/\/naturheilpraxis-langenfeld.de\/wpl\/wp-json\/wp\/v2\/media?parent=12"}],"curies":[{"name":"wp","href":"https:\/\/api.w.org\/{rel}","templated":true}]}}