{"id":118,"date":"2013-07-29T16:45:20","date_gmt":"2013-07-29T14:45:20","guid":{"rendered":"http:\/\/riks.org\/wp\/?page_id=118"},"modified":"2013-07-29T16:45:20","modified_gmt":"2013-07-29T14:45:20","slug":"homoopathie","status":"publish","type":"page","link":"https:\/\/naturheilpraxis-langenfeld.de\/wpl\/therapien\/klassische-naturheilverfahren\/homoopathie\/","title":{"rendered":"Hom\u00f6opathie"},"content":{"rendered":"<p>Bei dem von Samuel Hahnemann begr\u00fcndeten Therapieprinzip werden Krankheitssymptome nicht durch die Zuf\u00fchrung von Substanzen, die gezielt gegen die Symptome gerichtet sind, behandelt, sondern es werden Substanzen (Planzen, Mineralien,tierische Substanzen etc.) in hoher Verd\u00fcnnung eingesetzt, die ein \u00e4hnliches Krankheitsbild erzeugen w\u00fcrden, wenn sie in ihrer Ursubstanz bzw. hohen Dosen eingenommen w\u00fcrden.<\/p>\n<p>Es wird immer nach dem Prinzip der \u00c4hnlichkeit zwischen Symptomen und dem Arzneimittel geheilt. Das Prinzip der klassischen Hom\u00f6opathie ber\u00fccksichtigt nicht nur Krankheitssymptome, sondern auch Patienteneigenschaften, die in einem ausf\u00fchrlichen Anamnesegespr\u00e4ch ermittelt werden und in die Mittelwahl einflie\u00dfen.<\/p>\n","protected":false},"excerpt":{"rendered":"<p>Bei dem von Samuel Hahnemann begr\u00fcndeten Therapieprinzip werden Krankheitssymptome nicht durch die Zuf\u00fchrung von Substanzen, die gezielt gegen die Symptome gerichtet sind, behandelt, sondern es werden Substanzen (Planzen, Mineralien,tierische Substanzen etc.) in hoher Verd\u00fcnnung eingesetzt, die ein \u00e4hnliches Krankheitsbild erzeugen w\u00fcrden, wenn sie in ihrer Ursubstanz bzw. hohen Dosen eingenommen w\u00fcrden. Es wird immer nach [&hellip;]<\/p>\n","protected":false},"author":1,"featured_media":0,"parent":115,"menu_order":10,"comment_status":"closed","ping_status":"closed","template":"","meta":{"footnotes":""},"_links":{"self":[{"href":"https:\/\/naturheilpraxis-langenfeld.de\/wpl\/wp-json\/wp\/v2\/pages\/118"}],"collection":[{"href":"https:\/\/naturheilpraxis-langenfeld.de\/wpl\/wp-json\/wp\/v2\/pages"}],"about":[{"href":"https:\/\/naturheilpraxis-langenfeld.de\/wpl\/wp-json\/wp\/v2\/types\/page"}],"author":[{"embeddable":true,"href":"https:\/\/naturheilpraxis-langenfeld.de\/wpl\/wp-json\/wp\/v2\/users\/1"}],"replies":[{"embeddable":true,"href":"https:\/\/naturheilpraxis-langenfeld.de\/wpl\/wp-json\/wp\/v2\/comments?post=118"}],"version-history":[{"count":0,"href":"https:\/\/naturheilpraxis-langenfeld.de\/wpl\/wp-json\/wp\/v2\/pages\/118\/revisions"}],"up":[{"embeddable":true,"href":"https:\/\/naturheilpraxis-langenfeld.de\/wpl\/wp-json\/wp\/v2\/pages\/115"}],"wp:attachment":[{"href":"https:\/\/naturheilpraxis-langenfeld.de\/wpl\/wp-json\/wp\/v2\/media?parent=118"}],"curies":[{"name":"wp","href":"https:\/\/api.w.org\/{rel}","templated":true}]}}