{"id":109,"date":"2013-07-29T16:29:46","date_gmt":"2013-07-29T14:29:46","guid":{"rendered":"http:\/\/riks.org\/wp\/?page_id=109"},"modified":"2019-03-28T23:18:16","modified_gmt":"2019-03-28T21:18:16","slug":"infrarot-tiefenwarme","status":"publish","type":"page","link":"https:\/\/naturheilpraxis-langenfeld.de\/wpl\/therapien\/spezielles\/infrarot-tiefenwarme\/","title":{"rendered":"Infrarot-Tiefenw\u00e4rme"},"content":{"rendered":"<p>In unserer Praxis stehen 3 Therapiem\u00f6glichkeiten mit Infrarot Tiefenw\u00e4rme (Infrarot A) zur Verf\u00fcgung.<\/p>\n<h2>Der Hydrosun WIRA-Strahler (wassergefiltertes Infrarot-A)<\/h2>\n<p>Der Hydrosun WIRA-Strahler ist ein einmaliges, neuartiges, hochwirksames und universell einsetzbares Therapieger\u00e4t. Die milde Tiefenw\u00e4rme in Kombination mit Farbtherapie (Farbtiefenw\u00e4rme) erm\u00f6glichen eine Vielzahl von Anwendungen. Das Indikationsspektrum umfasst:<\/p>\n<ul>\n<li>chronische Entz\u00fcndungen<\/li>\n<li>Rheuma<\/li>\n<li>Arthrose<\/li>\n<li>Schmerztherapie<\/li>\n<li>Problemwunden<\/li>\n<li>Ulcus Cruris<\/li>\n<li>Lumbalgie<\/li>\n<li>Sinusitis\/Otitis<\/li>\n<li>muskul\u00e4re Verspannungen<\/li>\n<li>Warzenbehandlung<\/li>\n<li>Sportverletzungen und vieles mehr<\/li>\n<\/ul>\n<p>Die Anwendung ist einfach, kontaktfrei und sehr gut dosierbar.<\/p>\n<p>F\u00fcr die WIRA Therapie diente die Natur als Vorbild. Das Sonnenlicht ist der Urquell des Lebens, unter dessen Einflu\u00df sich die Lebewesen w\u00e4hrend der Evolution entwickelt haben. Deshalb ist das als Sonnenw\u00e4rme wahrnehmbare, unsichtbare Infrarot die nat\u00fcrlichste und vertr\u00e4glichste W\u00e4rmestrahlung \u00fcberhaupt. Das Infrarot des Sonnenlichtes wird aber erst dadurch so gut vertr\u00e4glich, dass der Schutzfilter der feuchten Erdathmosph\u00e4re diejenigen Anteile ausblendet, die auf der Haut brennen und diese austrocknen (haupts\u00e4chlich Infrarot B und C Strahlen).<\/p>\n<p>Bei WIRA wird der sch\u00fctzende Filtereffekt ausgenutzt, um eine tiefe, als angenehm empfundene Gewebeerw\u00e4rmung bei reduzierter W\u00e4rmebelastung der Haut zu erreichen. Die Durchblutung in den feinsten Blutgef\u00e4\u00dfen wird erh\u00f6ht, der Stoffwechsel angeregt, der Sauerstoffgehalt im Blut erh\u00f6ht und Energie in den Zellen bereitgestellt.<\/p>\n<p>Der positive Effekt von WIRA wirkt bei folgenden Indikationen mit:<\/p>\n<p><b>Schmerzlose Behandlung von Warzen:<\/b><br \/>\nDas langwellige, gefilterte Infrarot A Licht dringt besonders tief in die Haut und die &#8222;Warzenwurzel&#8220; ein. Dort kommt es zu einer Hyperthermie ohne oberfl\u00e4chliche Erw\u00e4rmung oder Austrocknung. Die Durchblutung steigt und die k\u00f6rpereigenen Immunabwehr wird angeregt (Anfluten immunkompetenter T-Lymphozyten). Der K\u00f6rper zerst\u00f6rt die humanen Warzen-Papillomviren selbst. So erkl\u00e4ren sich die Wissenschaftler das erstaunliche Heilprinzip. Die Wirkung ist weit st\u00e4rker und tiefer, aber angenehmer zu ertragen als bei einer normalen &#8222;Rotlichtbestrahlung&#8220;. Da WIRA die Hautoberfl\u00e4che nicht \u00fcberhitzt, ist die Therapie v\u00f6llig schmerzfrei &#8211; im Gegensatz zu anderen Infrarotverfahren. Geeignet ist die Behandlung daher insbesondere f\u00fcr Kinder. Aber auch in anderen schwierigen F\u00e4llen, z.B. bei besonders grossen Warzenbeeten oder auch immungeschw\u00e4chte Menschen lohnt sich der Einsatz des Hydrosun-Strahlers.<\/p>\n<h2>Die Infrarot-W\u00e4rme-Kabine f\u00fcr die Ganzk\u00f6rperbehandlung<\/h2>\n<p>Infrarot Strahlungsw\u00e4rme ist die gesunde W\u00e4rmestrahlung der Sonne und die Energiequelle allen Lebens auf der Erde. In der klinischen Medizin und alternativen Heilpraktik wird sie benutzt, um eine sanfte Tiefenw\u00e4rme zu erzeugen sie durchdringt die \u00e4u\u00dferen Hautschichten und erw\u00e4rmt das darunter liegende Fett- und Bindegewebe. Die daraus resultierende Erw\u00e4rmung der K\u00f6rpertemperatur bewirkt eine starke Transpiraion von innen nach au\u00dfen und das bei angenehmen Temperaturen von durchschnittlich 45\u00b0 C.<\/p>\n<p>F\u00fcr alle geeignet insbesondere auch f\u00fcr Kinder, Senioren sowie geschw\u00e4chte und chronisch kranke Menschen durch sanfte, schonende Anwendung &#8211; St\u00e4rkung von Kreislauf und Immunsystem.<\/p>\n<h2>Uni-Sol W\u00e4rmebehandlung<\/h2>\n<p>Die Heilwirkung des Sonnenlichtes, auch m\u00f6glich als Leihger\u00e4t beim Patienten zu Hause.<\/p>\n<p>Anwendungsm\u00f6glichkeiten:<\/p>\n<ul>\n<li>Durchblutungsst\u00f6rungen (blutdruckgegulierend)<\/li>\n<li>R\u00fcckenprobleme, Ischialgien<\/li>\n<li>St\u00e4rkung des Abwehrsystems<\/li>\n<li>Schmerzlinderung bei Rheuma und Arthrose<\/li>\n<li>Erk\u00e4ltungskrankheiten<\/li>\n<li>Asthma und Bronchitis<\/li>\n<li>Entgiftung und Entschlackung<\/li>\n<li>Hautprobleme,\u00a0 z.B. Akne, Neurodermitis<\/li>\n<li>Cellulitis<\/li>\n<\/ul>\n","protected":false},"excerpt":{"rendered":"<p>In unserer Praxis stehen 3 Therapiem\u00f6glichkeiten mit Infrarot Tiefenw\u00e4rme (Infrarot A) zur Verf\u00fcgung. Der Hydrosun WIRA-Strahler (wassergefiltertes Infrarot-A) Der Hydrosun WIRA-Strahler ist ein einmaliges, neuartiges, hochwirksames und universell einsetzbares Therapieger\u00e4t. Die milde Tiefenw\u00e4rme in Kombination mit Farbtherapie (Farbtiefenw\u00e4rme) erm\u00f6glichen eine Vielzahl von Anwendungen. Das Indikationsspektrum umfasst: chronische Entz\u00fcndungen Rheuma Arthrose Schmerztherapie Problemwunden Ulcus Cruris Lumbalgie [&hellip;]<\/p>\n","protected":false},"author":1,"featured_media":0,"parent":190,"menu_order":60,"comment_status":"closed","ping_status":"closed","template":"","meta":{"footnotes":""},"_links":{"self":[{"href":"https:\/\/naturheilpraxis-langenfeld.de\/wpl\/wp-json\/wp\/v2\/pages\/109"}],"collection":[{"href":"https:\/\/naturheilpraxis-langenfeld.de\/wpl\/wp-json\/wp\/v2\/pages"}],"about":[{"href":"https:\/\/naturheilpraxis-langenfeld.de\/wpl\/wp-json\/wp\/v2\/types\/page"}],"author":[{"embeddable":true,"href":"https:\/\/naturheilpraxis-langenfeld.de\/wpl\/wp-json\/wp\/v2\/users\/1"}],"replies":[{"embeddable":true,"href":"https:\/\/naturheilpraxis-langenfeld.de\/wpl\/wp-json\/wp\/v2\/comments?post=109"}],"version-history":[{"count":1,"href":"https:\/\/naturheilpraxis-langenfeld.de\/wpl\/wp-json\/wp\/v2\/pages\/109\/revisions"}],"predecessor-version":[{"id":999,"href":"https:\/\/naturheilpraxis-langenfeld.de\/wpl\/wp-json\/wp\/v2\/pages\/109\/revisions\/999"}],"up":[{"embeddable":true,"href":"https:\/\/naturheilpraxis-langenfeld.de\/wpl\/wp-json\/wp\/v2\/pages\/190"}],"wp:attachment":[{"href":"https:\/\/naturheilpraxis-langenfeld.de\/wpl\/wp-json\/wp\/v2\/media?parent=109"}],"curies":[{"name":"wp","href":"https:\/\/api.w.org\/{rel}","templated":true}]}}